{"id":2,"date":"2018-08-03T14:39:48","date_gmt":"2018-08-03T12:39:48","guid":{"rendered":"http:\/\/klett.cz\/direkt\/?page_id=2"},"modified":"2023-03-27T19:01:09","modified_gmt":"2023-03-27T17:01:09","slug":"domu","status":"publish","type":"page","link":"https:\/\/vydavatelstvoklett.sk\/direkt\/","title":{"rendered":"Domov"},"content":{"rendered":"\n<style type=\"text\/css\" data-created_by=\"avia_inline_auto\" id=\"style-css-av-mqv8-ee888e958821ddcad84cd0fff7c1bad7\">\n.flex_column.av-mqv8-ee888e958821ddcad84cd0fff7c1bad7{\nborder-radius:0px 0px 0px 0px;\npadding:0px 0px 0px 0px;\n}\n<\/style>\n<div  class='flex_column av-mqv8-ee888e958821ddcad84cd0fff7c1bad7 av_one_full  avia-builder-el-0  el_before_av_hr  avia-builder-el-first  first flex_column_div av-zero-column-padding  '     ><style type=\"text\/css\" data-created_by=\"avia_inline_auto\" id=\"style-css-av-kn4u-8c5bec9b581a1819f66745d3d9516a48\">\n.avia-image-container.av-kn4u-8c5bec9b581a1819f66745d3d9516a48 img.avia_image{\nbox-shadow:none;\n}\n.avia-image-container.av-kn4u-8c5bec9b581a1819f66745d3d9516a48 .av-image-caption-overlay-center{\ncolor:#ffffff;\n}\n<\/style>\n<div  class='avia-image-container av-kn4u-8c5bec9b581a1819f66745d3d9516a48 av-styling- avia-align-center  avia-builder-el-1  avia-builder-el-no-sibling '   itemprop=\"image\" itemscope=\"itemscope\" itemtype=\"https:\/\/schema.org\/ImageObject\" ><div class=\"avia-image-container-inner\"><div class=\"avia-image-overlay-wrap\"><img fetchpriority=\"high\" class='wp-image-324 avia-img-lazy-loading-not-324 avia_image ' src='https:\/\/vydavatelstvoklett.sk\/direkt\/wp-content\/uploads\/2019\/11\/Kopie-na\u0301vrhu-Bez-na\u0301zvu-3.png' alt='' title='Kopie na\u0301vrhu Bez na\u0301zvu (3)'  height=\"630\" width=\"1231\"  itemprop=\"thumbnailUrl\"  \/><\/div><\/div><\/div><\/div>\n\n<style type=\"text\/css\" data-created_by=\"avia_inline_auto\" id=\"style-css-av-idva-d39e7595c8256b43528caae68ac4b431\">\n#top .hr.hr-invisible.av-idva-d39e7595c8256b43528caae68ac4b431{\nheight:20px;\n}\n<\/style>\n<div  class='hr av-idva-d39e7595c8256b43528caae68ac4b431 hr-invisible  avia-builder-el-2  el_after_av_one_full  el_before_av_heading '><span class='hr-inner '><span class=\"hr-inner-style\"><\/span><\/span><\/div>\n\n<style type=\"text\/css\" data-created_by=\"avia_inline_auto\" id=\"style-css-av-465w-554d41a6ac611d08196571518daa2369\">\n#top .av-special-heading.av-465w-554d41a6ac611d08196571518daa2369{\npadding-bottom:10px;\n}\nbody .av-special-heading.av-465w-554d41a6ac611d08196571518daa2369 .av-special-heading-tag .heading-char{\nfont-size:25px;\n}\n.av-special-heading.av-465w-554d41a6ac611d08196571518daa2369 .av-subheading{\nfont-size:15px;\n}\n<\/style>\n<div  class='av-special-heading av-465w-554d41a6ac611d08196571518daa2369 av-special-heading-h2 blockquote modern-quote modern-centered  avia-builder-el-3  el_after_av_hr  el_before_av_hr '><h2 class='av-special-heading-tag '  itemprop=\"headline\"  >PREDSTAVUJEME DIREKT INTERAKTIV<\/h2><div class=\"special-heading-border\"><div class=\"special-heading-inner-border\"><\/div><\/div><\/div>\n\n<style type=\"text\/css\" data-created_by=\"avia_inline_auto\" id=\"style-css-av-ew7o-fa0a3861a3ada892142938639580944a\">\n#top .hr.hr-invisible.av-ew7o-fa0a3861a3ada892142938639580944a{\nheight:20px;\n}\n<\/style>\n<div  class='hr av-ew7o-fa0a3861a3ada892142938639580944a hr-invisible  avia-builder-el-4  el_after_av_heading  el_before_av_textblock '><span class='hr-inner '><span class=\"hr-inner-style\"><\/span><\/span><\/div>\n<section  class='av_textblock_section av-16lo-6aad1b029c7abd52c54a3b687f35388e '   itemscope=\"itemscope\" itemtype=\"https:\/\/schema.org\/CreativeWork\" ><div class='avia_textblock'  itemprop=\"text\" ><p style=\"text-align: center;\">Direkt interaktiv je nov\u00e1 aktualizovan\u00e1 podoba ob\u013e\u00fabenej u\u010debnice nem\u010diny Direkt neu pre stredn\u00e9 \u0161koly v\u00a0tla\u010denej a\u00a0interakt\u00edvnej podobe.<\/p>\n<p style=\"text-align: center;\">Tri diely u\u010debnice s\u00a0integrovan\u00fdm pracovn\u00fdm zo\u0161itom doved\u00fa \u017eiakov na \u00farove\u0148 B1 (A1\/A2, A2, B1) pod\u013ea Spolo\u010dn\u00e9ho eur\u00f3pskeho referen\u010dn\u00e9ho r\u00e1mca pre jazyky. Ka\u017ed\u00fd z\u00a0t\u00fdchto dielov obsahuje cielen\u00fa pr\u00edpravu na s\u00fa\u010dasn\u00fa podobu maturitn\u00fdch sk\u00fa\u0161ok.<\/p>\n<p style=\"text-align: center;\">U\u010debnice Direkt interaktiv boli schv\u00e1len\u00e9 Ministerstvom \u0161kolstva, vedy, v\u00fdskumu a \u0161portu SR.<\/p>\n<\/div><\/section>\n\n<style type=\"text\/css\" data-created_by=\"avia_inline_auto\" id=\"style-css-av-96f2-2a8d431df8ac80274c5ec30380466d3f\">\n.flex_column.av-96f2-2a8d431df8ac80274c5ec30380466d3f{\nborder-radius:0px 0px 0px 0px;\npadding:0px 0px 0px 0px;\n}\n<\/style>\n<div  class='flex_column av-96f2-2a8d431df8ac80274c5ec30380466d3f av_one_full  avia-builder-el-6  el_after_av_textblock  el_before_av_one_full  first flex_column_div av-zero-column-padding  column-top-margin'     ><div  class='avia-button-wrap av-6nh6-33b6c80bb74abf916698e29cc2e05dcf-wrap avia-button-center  avia-builder-el-7  avia-builder-el-no-sibling '><a href='https:\/\/www.mauthor.com\/embed\/6017243584135168'  class='avia-button av-6nh6-33b6c80bb74abf916698e29cc2e05dcf av-link-btn avia-icon_select-yes-left-icon avia-size-x-large avia-position-center avia-color-theme-color'  target=\"_blank\"  rel=\"noopener noreferrer\"  aria-label=\"Vysk\u00fa\u0161ajte interakt\u00edvny obsah Direkt interaktiv\"><span class='avia_button_icon avia_button_icon_left avia-iconfont avia-font-entypo-fontello' data-av_icon='\ue803' data-av_iconfont='entypo-fontello' ><\/span><span class='avia_iconbox_title' >Vysk\u00fa\u0161ajte interakt\u00edvny obsah Direkt interaktiv<\/span><\/a><\/div><\/div>\n\n<style type=\"text\/css\" data-created_by=\"avia_inline_auto\" id=\"style-css-av-569c-493255b51159b2d84f20c7446d8447f8\">\n.flex_column.av-569c-493255b51159b2d84f20c7446d8447f8{\nborder-radius:0px 0px 0px 0px;\npadding:0px 0px 0px 0px;\n}\n<\/style>\n<div  class='flex_column av-569c-493255b51159b2d84f20c7446d8447f8 av_one_full  avia-builder-el-8  el_after_av_one_full  avia-builder-el-last  first flex_column_div av-zero-column-padding  column-top-margin'     ><style type=\"text\/css\" data-created_by=\"avia_inline_auto\" id=\"style-css-av-ca0-3099909a07ce662f4d58ead29c5c8281\">\n.avia-image-container.av-ca0-3099909a07ce662f4d58ead29c5c8281 img.avia_image{\nbox-shadow:none;\n}\n.avia-image-container.av-ca0-3099909a07ce662f4d58ead29c5c8281 .av-image-caption-overlay-center{\ncolor:#ffffff;\n}\n<\/style>\n<div  class='avia-image-container av-ca0-3099909a07ce662f4d58ead29c5c8281 av-styling- avia-align-center  avia-builder-el-9  avia-builder-el-no-sibling '   itemprop=\"image\" itemscope=\"itemscope\" itemtype=\"https:\/\/schema.org\/ImageObject\" ><div class=\"avia-image-container-inner\"><div class=\"avia-image-overlay-wrap\"><img fetchpriority=\"high\" class='wp-image-550 avia-img-lazy-loading-not-550 avia_image ' src='https:\/\/vydavatelstvoklett.sk\/direkt\/wp-content\/uploads\/2022\/01\/DI_10-dovodov.png' alt='' title='DI_10 dovodov'  height=\"630\" width=\"1500\"  itemprop=\"thumbnailUrl\"  \/><\/div><\/div><\/div><\/div>\n","protected":false},"excerpt":{"rendered":"","protected":false},"author":1,"featured_media":0,"parent":0,"menu_order":0,"comment_status":"closed","ping_status":"closed","template":"","meta":{"_exactmetrics_skip_tracking":false,"_exactmetrics_sitenote_active":false,"_exactmetrics_sitenote_note":"","_exactmetrics_sitenote_category":0,"footnotes":""},"class_list":["post-2","page","type-page","status-publish","hentry"],"_links":{"self":[{"href":"https:\/\/vydavatelstvoklett.sk\/direkt\/wp-json\/wp\/v2\/pages\/2","targetHints":{"allow":["GET"]}}],"collection":[{"href":"https:\/\/vydavatelstvoklett.sk\/direkt\/wp-json\/wp\/v2\/pages"}],"about":[{"href":"https:\/\/vydavatelstvoklett.sk\/direkt\/wp-json\/wp\/v2\/types\/page"}],"author":[{"embeddable":true,"href":"https:\/\/vydavatelstvoklett.sk\/direkt\/wp-json\/wp\/v2\/users\/1"}],"replies":[{"embeddable":true,"href":"https:\/\/vydavatelstvoklett.sk\/direkt\/wp-json\/wp\/v2\/comments?post=2"}],"version-history":[{"count":23,"href":"https:\/\/vydavatelstvoklett.sk\/direkt\/wp-json\/wp\/v2\/pages\/2\/revisions"}],"predecessor-version":[{"id":639,"href":"https:\/\/vydavatelstvoklett.sk\/direkt\/wp-json\/wp\/v2\/pages\/2\/revisions\/639"}],"wp:attachment":[{"href":"https:\/\/vydavatelstvoklett.sk\/direkt\/wp-json\/wp\/v2\/media?parent=2"}],"curies":[{"name":"wp","href":"https:\/\/api.w.org\/{rel}","templated":true}]}}