{"id":31,"date":"2018-09-26T16:02:17","date_gmt":"2018-09-26T14:02:17","guid":{"rendered":"http:\/\/klett.cz\/direkt\/?page_id=31"},"modified":"2025-07-01T11:41:34","modified_gmt":"2025-07-01T09:41:34","slug":"vzorky","status":"publish","type":"page","link":"https:\/\/vydavatelstvoklett.sk\/direkt\/vzorky\/","title":{"rendered":"Vzorky zdarma"},"content":{"rendered":"\n<style type=\"text\/css\" data-created_by=\"avia_inline_auto\" id=\"style-css-av-9lj7z-eaa448939f48f900070b2a39855c6fac\">\n.flex_column.av-9lj7z-eaa448939f48f900070b2a39855c6fac{\nborder-radius:0px 0px 0px 0px;\npadding:0px 0px 0px 0px;\n}\n<\/style>\n<div  class='flex_column av-9lj7z-eaa448939f48f900070b2a39855c6fac av_one_full  avia-builder-el-0  el_before_av_one_fifth  avia-builder-el-first  first flex_column_div av-zero-column-padding  '     ><section  class='av_textblock_section av-91dzn-c2a60a497a8b9ff8b4f54ba379cf970f '   itemscope=\"itemscope\" itemtype=\"https:\/\/schema.org\/CreativeWork\" ><div class='avia_textblock'  itemprop=\"text\" ><h2 style=\"text-align: center;\">Vyberte si ide\u00e1lny variant pre Va\u0161e pot\u0159eby<\/h2>\n<p style=\"text-align: center;\">Radi by ste presk\u00famali prv\u00fd, druh\u00fd alebo tret\u00ed diel u\u010debnice Direkt interaktiv? Po\u017eiadajte o bezplatn\u00e9 zaslanie u\u010debnice s integrovan\u00fdm pracovn\u00fdm zo\u0161itom a z\u00edskajte mo\u017enos\u0165 vysk\u00fa\u0161a\u0165 interakt\u00edvny port\u00e1l <strong>mCourser<\/strong> k vybran\u00e9mu dielu.<\/p>\n<\/div><\/section><\/div>\n<div  class='flex_column av-4jlr-39213d0be95c2603be078dbb9adca20c av_one_fifth  avia-builder-el-2  el_after_av_one_full  el_before_av_three_fifth  first flex_column_div  column-top-margin'     ><\/div>\n<div  class='flex_column av-rdo7-6d20bbfebb6c205965491300cd6f7c2a av_three_fifth  avia-builder-el-3  el_after_av_one_fifth  el_before_av_one_fifth  flex_column_div  column-top-margin'     ><style type=\"text\/css\" data-created_by=\"avia_inline_auto\" id=\"style-css-av-m84fzlld-15bdbcca8eb92416027c27be869bad99\">\n.avia-video.av-m84fzlld-15bdbcca8eb92416027c27be869bad99{\nbackground-image:url(https:\/\/vydavatelstvoklett.sk\/direkt\/wp-content\/uploads\/2025\/03\/Unboxing-videa-di-scaled-1-300x169.jpeg);\n}\n<\/style>\n<div  class='avia-video av-m84fzlld-15bdbcca8eb92416027c27be869bad99 avia-video-16-9 av-preview-image avia-video-load-always avia-video-html5'  itemprop=\"video\" itemtype=\"https:\/\/schema.org\/VideoObject\"  data-original_url='https:\/\/klett.cz\/direkt\/wp-content\/uploads\/2023\/04\/DI-1-unboxing-Milina-final-HD-1080p.mp4'><video class='avia_video' poster=\"https:\/\/vydavatelstvoklett.sk\/direkt\/wp-content\/uploads\/2025\/03\/Unboxing-videa-di-scaled-1-300x169.jpeg\"   preload=\"auto\"  controls id='player_31_1913238845_1509833557'><source src='https:\/\/klett.cz\/direkt\/wp-content\/uploads\/2023\/04\/DI-1-unboxing-Milina-final-HD-1080p.mp4' type='video\/mp4' \/><\/video><\/div><\/div>\n<div  class='flex_column av-vj4r-9e9b570b06d91cb82a6942e32390cb40 av_one_fifth  avia-builder-el-5  el_after_av_three_fifth  el_before_av_one_full  flex_column_div  column-top-margin'     ><\/div>\n\n<style type=\"text\/css\" data-created_by=\"avia_inline_auto\" id=\"style-css-av-8x9j7-98bedb0b8903fb1b30be160da9114d24\">\n.flex_column.av-8x9j7-98bedb0b8903fb1b30be160da9114d24{\nborder-radius:0px 0px 0px 0px;\npadding:0px 0px 0px 0px;\n}\n<\/style>\n<div  class='flex_column av-8x9j7-98bedb0b8903fb1b30be160da9114d24 av_one_full  avia-builder-el-6  el_after_av_one_fifth  el_before_av_hr  first flex_column_div av-zero-column-padding  column-top-margin'     ><style type=\"text\/css\" data-created_by=\"avia_inline_auto\" id=\"style-css-av-k5mb75jn-626f6a294033e9f66624cc4123e46b69\">\n.avia-image-container.av-k5mb75jn-626f6a294033e9f66624cc4123e46b69 img.avia_image{\nbox-shadow:none;\n}\n.avia-image-container.av-k5mb75jn-626f6a294033e9f66624cc4123e46b69 .av-image-caption-overlay-center{\ncolor:#ffffff;\n}\n<\/style>\n<div  class='avia-image-container av-k5mb75jn-626f6a294033e9f66624cc4123e46b69 av-styling- avia-align-center  avia-builder-el-7  avia-builder-el-no-sibling '   itemprop=\"image\" itemscope=\"itemscope\" itemtype=\"https:\/\/schema.org\/ImageObject\" ><div class=\"avia-image-container-inner\"><div class=\"avia-image-overlay-wrap\"><img fetchpriority=\"high\" class='wp-image-332 avia-img-lazy-loading-not-332 avia_image ' src='https:\/\/vydavatelstvoklett.sk\/direkt\/wp-content\/uploads\/2020\/01\/Direkt_vzorky_men.png' alt='' title='Direkt_vzorky_men'  height=\"499\" width=\"900\"  itemprop=\"thumbnailUrl\"  \/><\/div><\/div><\/div><\/div>\n\n<style type=\"text\/css\" data-created_by=\"avia_inline_auto\" id=\"style-css-av-k5mb7yx9-6480a57a5cf41c141494249065837385\">\n#top .hr.hr-invisible.av-k5mb7yx9-6480a57a5cf41c141494249065837385{\nheight:80px;\n}\n<\/style>\n<div  class='hr av-k5mb7yx9-6480a57a5cf41c141494249065837385 hr-invisible  avia-builder-el-8  el_after_av_one_full  el_before_av_contact '><span class='hr-inner '><span class=\"hr-inner-style\"><\/span><\/span><\/div>\n<form action=\"https:\/\/vydavatelstvoklett.sk\/direkt\/vzorky\/\" method=\"post\" data-fields-with-error=\"Found errors in the following field(s):\" class=\"avia_ajax_form av-form-labels-visible   avia-builder-el-9  el_after_av_hr  el_before_av_hr   \" data-avia-form-id=\"1\" data-avia-redirect='https:\/\/vydavatelstvoklett.sk\/direkt\/dakujeme\/'  aria-label='Kontaktn\u00fd formul\u00e1r' ><h3 class=''>Vypl\u0148te pros\u00edm nasleduj\u00face \u00fadaje:<\/h3><fieldset><h5 id='element_avia_1_1' class=' first_form  form_element form_fullwidth av-form-headline '>O ak\u00fd vzorov\u00fd v\u00fdtla\u010dok m\u00e1te z\u00e1ujem?<\/h5><p class='  first_form  form_element form_element_half' id='element_avia_2_1'><input  name=\"avia_2_1\" class=\"input_checkbox \" type=\"checkbox\" id=\"avia_2_1\" value=\"true\"\/><label class=\"input_checkbox_label\" for=\"avia_2_1\">Vzorov\u00fd v\u00fdtla\u010dok Direkt interaktiv 1 \u2013 ZDARMA<\/label><\/p><p class='  form_element form_element_half' id='element_avia_3_1'><input  name=\"avia_3_1\" class=\"input_checkbox \" type=\"checkbox\" id=\"avia_3_1\" value=\"true\"\/><label class=\"input_checkbox_label\" for=\"avia_3_1\">Vzorov\u00fd v\u00fdtla\u010dok Direkt interaktiv 2 \u2013 ZDARMA<\/label><\/p><p class='  first_form  form_element form_element_half' id='element_avia_4_1'><input  name=\"avia_4_1\" class=\"input_checkbox \" type=\"checkbox\" id=\"avia_4_1\" value=\"true\"\/><label class=\"input_checkbox_label\" for=\"avia_4_1\">Vzorov\u00fd v\u00fdtla\u010dok Direkt interaktiv 3 \u2013 ZDARMA<\/label><\/p><h5 id='element_avia_5_1' class=' first_form  form_element form_fullwidth av-form-headline '>Va\u0161e \u00fadaje:<\/h5><p class='  first_form  form_element form_fullwidth' id='element_avia_6_1'><label for=\"avia_6_1\">N\u00e1zov \u0161koly <abbr class=\"required\" title=\"po\u017eadovan\u00fd\">*<\/abbr><\/label> <input name=\"avia_6_1\" class=\"text_input is_empty\" type=\"text\" id=\"avia_6_1\" value=\"\" \/><\/p><p class='  first_form  form_element form_element_half' id='element_avia_7_1'><label for=\"avia_7_1\">Meno <abbr class=\"required\" title=\"po\u017eadovan\u00fd\">*<\/abbr><\/label> <input name=\"avia_7_1\" class=\"text_input is_empty\" type=\"text\" id=\"avia_7_1\" value=\"\" \/><\/p><p class='  form_element form_element_half' id='element_avia_8_1'><label for=\"avia_8_1\">Priezvisko <abbr class=\"required\" title=\"po\u017eadovan\u00fd\">*<\/abbr><\/label> <input name=\"avia_8_1\" class=\"text_input is_empty\" type=\"text\" id=\"avia_8_1\" value=\"\" \/><\/p><p class='  first_form  form_element form_element_half' id='element_avia_9_1'><label for=\"avia_9_1\">E-Mail <abbr class=\"required\" title=\"po\u017eadovan\u00fd\">*<\/abbr><\/label> <input name=\"avia_9_1\" class=\"text_input is_empty\" type=\"text\" id=\"avia_9_1\" value=\"\" \/><\/p><p class='  form_element form_element_half' id='element_avia_10_1'><label for=\"avia_10_1\">Telef\u00f3n (za \u00fa\u010delom dopravy) <abbr class=\"required\" title=\"po\u017eadovan\u00fd\">*<\/abbr><\/label> <input name=\"avia_10_1\" class=\"text_input is_empty\" type=\"text\" id=\"avia_10_1\" value=\"\" \/><\/p><p class='  first_form  form_element form_fullwidth' id='element_avia_11_1'><label for=\"avia_11_1\">Kam m\u00e1me vzorov\u00fd v\u00fdtla\u010dok zasla\u0165?<\/label><select  name=\"avia_11_1\" class=\"select \" id=\"avia_11_1\"><option   value='na adresu \u0161koly'>na adresu \u0161koly<\/option><option   value='na s\u00fakromn\u00fa adresu'>na s\u00fakromn\u00fa adresu<\/option><\/select><\/p><p class='  first_form  form_element form_element_two_third' id='element_avia_12_1'><label for=\"avia_12_1\">Ulica <abbr class=\"required\" title=\"po\u017eadovan\u00fd\">*<\/abbr><\/label> <input name=\"avia_12_1\" class=\"text_input is_empty\" type=\"text\" id=\"avia_12_1\" value=\"\" \/><\/p><p class='  form_element form_element_third' id='element_avia_13_1'><label for=\"avia_13_1\">\u010c\u00edslo popisn\u00e9 <abbr class=\"required\" title=\"po\u017eadovan\u00fd\">*<\/abbr><\/label> <input name=\"avia_13_1\" class=\"text_input is_empty\" type=\"text\" id=\"avia_13_1\" value=\"\" \/><\/p><p class='  first_form  form_element form_element_third' id='element_avia_14_1'><label for=\"avia_14_1\">PS\u010c <abbr class=\"required\" title=\"po\u017eadovan\u00fd\">*<\/abbr><\/label> <input name=\"avia_14_1\" class=\"text_input is_empty\" type=\"text\" id=\"avia_14_1\" value=\"\" \/><\/p><p class='  form_element form_element_two_third' id='element_avia_15_1'><label for=\"avia_15_1\">Mesto <abbr class=\"required\" title=\"po\u017eadovan\u00fd\">*<\/abbr><\/label> <input name=\"avia_15_1\" class=\"text_input is_empty\" type=\"text\" id=\"avia_15_1\" value=\"\" \/><\/p><p class='  first_form  form_element form_fullwidth' id='element_avia_16_1'><input  name=\"avia_16_1\" class=\"input_checkbox \" type=\"checkbox\" id=\"avia_16_1\" value=\"true\"\/><label class=\"input_checkbox_label\" for=\"avia_16_1\">S\u00fahlas\u00edm so zasielan\u00edm inform\u00e1ci\u00ed o s\u00fa\u0165a\u017eiach, doplnkov\u00fdch materi\u00e1loch, vzdel\u00e1vac\u00edch akci\u00e1ch a \u010fal\u0161\u00edch zauj\u00edmav\u00fdch inform\u00e1ci\u00e1ch na vy\u0161\u0161ie uveden\u00fa e-mailov\u00fa adresu.<\/label><\/p><p class='  first_form  form_element form_fullwidth' id='element_avia_17_1'><input  name=\"avia_17_1\" class=\"input_checkbox \" type=\"checkbox\" id=\"avia_17_1\" value=\"true\"\/><label class=\"input_checkbox_label\" for=\"avia_17_1\">S\u00fahlas\u00edm s vyu\u017eit\u00edm m\u00f4jho telef\u00f3nneho \u010d\u00edsla pre marketingov\u00e9 \u00fa\u010dely.<\/label><\/p><h5 id='element_avia_18_1' class=' first_form  form_element form_fullwidth av-form-headline '>\u010co pre V\u00e1s e\u0161te m\u00f4\u017eeme urobi\u0165?<\/h5><p class='  first_form  form_element form_element_half' id='element_avia_19_1'><input  name=\"avia_19_1\" class=\"input_checkbox \" type=\"checkbox\" id=\"avia_19_1\" value=\"true\"\/><label class=\"input_checkbox_label\" for=\"avia_19_1\">M\u00e1m z\u00e1ujem o \u0161kolenie pre u\u010debn\u00fd interakt\u00edvny Klett LMS \u2013 zdarma<\/label><\/p><p class='  form_element form_element_half' id='element_avia_20_1'><input  name=\"avia_20_1\" class=\"input_checkbox \" type=\"checkbox\" id=\"avia_20_1\" value=\"true\"\/><label class=\"input_checkbox_label\" for=\"avia_20_1\">Prezent\u00e1cia na mojej \u0161kole \u2013 zdarma<\/label><\/p><p class='  first_form  form_element form_element_half' id='element_avia_21_1'><input  name=\"avia_21_1\" class=\"input_checkbox \" type=\"checkbox\" id=\"avia_21_1\" value=\"true\"\/><label class=\"input_checkbox_label\" for=\"avia_21_1\">Chcem sa sta\u0165 redak\u010dn\u00fdm evalu\u00e1torom<\/label><\/p><div id='avia_22_1' class='av-form-text'><p>\nOdoslan\u00edm formul\u00e1ra s\u00fahlas\u00edm so spracovan\u00edm osobn\u00fdch \u00fadajov. <strong><a href=\"https:\/\/vydavatelstvoklett.sk\/osobneudaje\/zasady_zpracovani_osobnich_udaju.pdf\" target=\"_blank\" rel=\"noopener\">Z\u00e1sady spracovania osobn\u00fdch \u00fadajov<\/a><\/strong>.<\/p>\n<\/div><p class=\"hidden\"><input type=\"text\" name=\"avia_23_1\" class=\"hidden \" id=\"avia_23_1\" value=\"\" \/><\/p><p class=\"form_element \"><input type=\"hidden\" value=\"1\" name=\"avia_generated_form1\" \/><input type=\"submit\" value=\"Odosla\u0165\" class=\"button\"  data-sending-label=\"Odosielam\"\/><\/p><\/fieldset><\/form><div id=\"ajaxresponse_1\" class=\"ajaxresponse ajaxresponse_1 hidden\"><\/div>\n\n<style type=\"text\/css\" data-created_by=\"avia_inline_auto\" id=\"style-css-av-284tn-a516640490ce1e35f3a9c397672c8246\">\n#top .hr.hr-invisible.av-284tn-a516640490ce1e35f3a9c397672c8246{\nheight:70px;\n}\n<\/style>\n<div  class='hr av-284tn-a516640490ce1e35f3a9c397672c8246 hr-invisible  avia-builder-el-10  el_after_av_contact  el_before_av_textblock '><span class='hr-inner '><span class=\"hr-inner-style\"><\/span><\/span><\/div>\n<section  class='av_textblock_section av-1dj4j-fb9dbc9a366ff5da23d32a6855abbb5d '   itemscope=\"itemscope\" itemtype=\"https:\/\/schema.org\/CreativeWork\" ><div class='avia_textblock'  itemprop=\"text\" ><p style=\"text-align: center;\"><strong>Prajete si dost\u00e1va\u0165 inform\u00e1cie o\u00a0novink\u00e1ch, produktoch a\u00a0nami organizovan\u00fdch akci\u00e1ch?<\/strong><\/p>\n<p style=\"text-align: center;\">Vypl\u0148te s\u00fahlas a\u00a0my V\u00e1s budeme radi kontaktova\u0165.<\/p>\n<\/div><\/section>\n<div  class='avia-button-wrap av-x2or-05d508b6bd9715e09a098784c7974a3d-wrap avia-button-center  avia-builder-el-12  el_after_av_textblock  avia-builder-el-last '><a href='https:\/\/www.vydavatelstvoklett.sk\/suhlas\/'  class='avia-button av-x2or-05d508b6bd9715e09a098784c7974a3d av-link-btn avia-icon_select-yes-left-icon avia-size-large avia-position-center avia-color-theme-color'  target=\"_blank\"  rel=\"noopener noreferrer\"  aria-label=\"S\u00fahlas\"><span class='avia_button_icon avia_button_icon_left avia-iconfont avia-font-entypo-fontello' data-av_icon='\ue812' data-av_iconfont='entypo-fontello' ><\/span><span class='avia_iconbox_title' >S\u00fahlas<\/span><\/a><\/div>\n","protected":false},"excerpt":{"rendered":"","protected":false},"author":2,"featured_media":0,"parent":0,"menu_order":0,"comment_status":"closed","ping_status":"closed","template":"","meta":{"_exactmetrics_skip_tracking":false,"_exactmetrics_sitenote_active":false,"_exactmetrics_sitenote_note":"","_exactmetrics_sitenote_category":0,"footnotes":""},"class_list":["post-31","page","type-page","status-publish","hentry"],"_links":{"self":[{"href":"https:\/\/vydavatelstvoklett.sk\/direkt\/wp-json\/wp\/v2\/pages\/31","targetHints":{"allow":["GET"]}}],"collection":[{"href":"https:\/\/vydavatelstvoklett.sk\/direkt\/wp-json\/wp\/v2\/pages"}],"about":[{"href":"https:\/\/vydavatelstvoklett.sk\/direkt\/wp-json\/wp\/v2\/types\/page"}],"author":[{"embeddable":true,"href":"https:\/\/vydavatelstvoklett.sk\/direkt\/wp-json\/wp\/v2\/users\/2"}],"replies":[{"embeddable":true,"href":"https:\/\/vydavatelstvoklett.sk\/direkt\/wp-json\/wp\/v2\/comments?post=31"}],"version-history":[{"count":34,"href":"https:\/\/vydavatelstvoklett.sk\/direkt\/wp-json\/wp\/v2\/pages\/31\/revisions"}],"predecessor-version":[{"id":709,"href":"https:\/\/vydavatelstvoklett.sk\/direkt\/wp-json\/wp\/v2\/pages\/31\/revisions\/709"}],"wp:attachment":[{"href":"https:\/\/vydavatelstvoklett.sk\/direkt\/wp-json\/wp\/v2\/media?parent=31"}],"curies":[{"name":"wp","href":"https:\/\/api.w.org\/{rel}","templated":true}]}}