{"id":312,"date":"2019-09-24T17:15:05","date_gmt":"2019-09-24T15:15:05","guid":{"rendered":"http:\/\/vydavatelstvoklett.sk\/direkt\/?page_id=312"},"modified":"2023-01-09T15:18:47","modified_gmt":"2023-01-09T14:18:47","slug":"materialy","status":"publish","type":"page","link":"https:\/\/vydavatelstvoklett.sk\/direkt\/materialy\/","title":{"rendered":"Materi\u00e1ly na stiahnutie"},"content":{"rendered":"\n<style type=\"text\/css\" data-created_by=\"avia_inline_auto\" id=\"style-css-av-fq99s-d6918c490e4eee5169c104a3efca6f38\">\n.flex_column.av-fq99s-d6918c490e4eee5169c104a3efca6f38{\nborder-radius:0px 0px 0px 0px;\npadding:0px 0px 0px 0px;\n}\n<\/style>\n<div  class='flex_column av-fq99s-d6918c490e4eee5169c104a3efca6f38 av_one_full  avia-builder-el-0  el_before_av_one_full  avia-builder-el-first  first flex_column_div av-zero-column-padding  '     ><section  class='av_textblock_section av-k0xzg6ju-71ad546780f75eabf675aab82aed366d '   itemscope=\"itemscope\" itemtype=\"https:\/\/schema.org\/CreativeWork\" ><div class='avia_textblock'  itemprop=\"text\" ><h2 style=\"text-align: center;\">Materi\u00e1ly na stiahnutie<\/h2>\n<p style=\"text-align: center;\">Dostali ste u\u017e vzorov\u00fd v\u00fdtla\u010dok zadarmo? V\u00fdborne. Vyberte si z ponuky ni\u017e\u0161ie a stiahnite si potrebn\u00e9 materi\u00e1ly:<\/p>\n<\/div><\/section><\/div>\n\n<style type=\"text\/css\" data-created_by=\"avia_inline_auto\" id=\"style-css-av-8jdts-3bbf02714dd1e065336b7b32fb5acc17\">\n.flex_column.av-8jdts-3bbf02714dd1e065336b7b32fb5acc17{\nborder-radius:0px 0px 0px 0px;\npadding:0px 0px 0px 0px;\n}\n<\/style>\n<div  class='flex_column av-8jdts-3bbf02714dd1e065336b7b32fb5acc17 av_one_full  avia-builder-el-2  el_after_av_one_full  el_before_av_one_full  first flex_column_div av-zero-column-padding  column-top-margin'     ><section  class='av_textblock_section av-k0y11edy-d9c54f1b99238e96d2e0c211b070166c '   itemscope=\"itemscope\" itemtype=\"https:\/\/schema.org\/CreativeWork\" ><div class='avia_textblock'  itemprop=\"text\" ><h1 style=\"text-align: center;\">Nahr\u00e1vky MP3 k sade Direkt interaktiv<\/h1>\n<p style=\"text-align: center;\"><a href=\"https:\/\/vydavatelstvoklett.sk\/direkt\/wp-content\/uploads\/2019\/09\/Direkt_Audio-ukazky-k-1.-dielu.zip\"><strong>Nahr\u00e1vky Direkt interaktiv 1 (ZIP)<\/strong><\/a><\/p>\n<p style=\"text-align: center;\"><a href=\"https:\/\/vydavatelstvoklett.sk\/direkt\/wp-content\/uploads\/2020\/10\/MP3_Direkt-interaktiv-2_SK.zip\"><strong>Nahr\u00e1vky Direkt interaktiv 2 (ZIP)<\/strong><\/a><\/p>\n<p style=\"text-align: center;\"><a href=\"https:\/\/vydavatelstvoklett.sk\/direkt\/wp-content\/uploads\/2023\/01\/poslechy-direkt-interaktiv-3-sk.zip\"><strong>Nahr\u00e1vky Direkt interaktiv 3 (ZIP)<\/strong><\/a><\/p>\n<\/div><\/section><\/div>\n<style type=\"text\/css\" data-created_by=\"avia_inline_auto\" id=\"style-css-av-8jdts-2-a47082b50f4c1da70e589513e38a3a97\">\n.flex_column.av-8jdts-2-a47082b50f4c1da70e589513e38a3a97{\nborder-radius:0px 0px 0px 0px;\npadding:0px 0px 0px 0px;\n}\n<\/style>\n<div  class='flex_column av-8jdts-2-a47082b50f4c1da70e589513e38a3a97 av_one_full  avia-builder-el-4  el_after_av_one_full  avia-builder-el-last  first flex_column_div av-zero-column-padding  column-top-margin'     ><section  class='av_textblock_section av-k0y11edy-1-7a752814a8430a5f8350b50b5280c49e '   itemscope=\"itemscope\" itemtype=\"https:\/\/schema.org\/CreativeWork\" ><div class='avia_textblock'  itemprop=\"text\" ><h1 style=\"text-align: center;\">PO\u010c\u00daVANIA K INTENSIVTRAINER K DIREKT INTERAKTIV<\/h1>\n<p style=\"text-align: center;\"><a href=\"https:\/\/vydavatelstvoklett.sk\/direkt\/wp-content\/uploads\/2020\/02\/INTENSIVTRAINER_Direkt_interaktiv_1.zip\">Po\u010d\u00favania k Intensivtrainer k Direkt interaktiv 1<\/a>\u00a0(ZIP)<\/p>\n<p style=\"text-align: center;\"><a href=\"https:\/\/klett.cz\/direkt\/wp-content\/uploads\/2020\/11\/Intensivtrainer-2-poslechy-MP3.zip\">Po\u010d\u00favania k Intensivtrainer k Direkt interaktiv 2<\/a>\u00a0(ZIP)<\/p>\n<\/div><\/section><\/div><\/p>\n","protected":false},"excerpt":{"rendered":"","protected":false},"author":3,"featured_media":0,"parent":0,"menu_order":0,"comment_status":"closed","ping_status":"closed","template":"","meta":{"_exactmetrics_skip_tracking":false,"_exactmetrics_sitenote_active":false,"_exactmetrics_sitenote_note":"","_exactmetrics_sitenote_category":0,"footnotes":""},"class_list":["post-312","page","type-page","status-publish","hentry"],"_links":{"self":[{"href":"https:\/\/vydavatelstvoklett.sk\/direkt\/wp-json\/wp\/v2\/pages\/312","targetHints":{"allow":["GET"]}}],"collection":[{"href":"https:\/\/vydavatelstvoklett.sk\/direkt\/wp-json\/wp\/v2\/pages"}],"about":[{"href":"https:\/\/vydavatelstvoklett.sk\/direkt\/wp-json\/wp\/v2\/types\/page"}],"author":[{"embeddable":true,"href":"https:\/\/vydavatelstvoklett.sk\/direkt\/wp-json\/wp\/v2\/users\/3"}],"replies":[{"embeddable":true,"href":"https:\/\/vydavatelstvoklett.sk\/direkt\/wp-json\/wp\/v2\/comments?post=312"}],"version-history":[{"count":13,"href":"https:\/\/vydavatelstvoklett.sk\/direkt\/wp-json\/wp\/v2\/pages\/312\/revisions"}],"predecessor-version":[{"id":612,"href":"https:\/\/vydavatelstvoklett.sk\/direkt\/wp-json\/wp\/v2\/pages\/312\/revisions\/612"}],"wp:attachment":[{"href":"https:\/\/vydavatelstvoklett.sk\/direkt\/wp-json\/wp\/v2\/media?parent=312"}],"curies":[{"name":"wp","href":"https:\/\/api.w.org\/{rel}","templated":true}]}}