{"id":377,"date":"2020-05-26T14:29:08","date_gmt":"2020-05-26T12:29:08","guid":{"rendered":"http:\/\/vydavatelstvoklett.sk\/direkt\/?page_id=377"},"modified":"2022-02-16T10:32:54","modified_gmt":"2022-02-16T09:32:54","slug":"kahoot-k-1-lekcii-direkt-interaktiv-1","status":"publish","type":"page","link":"https:\/\/vydavatelstvoklett.sk\/direkt\/kahoot-k-1-lekcii-direkt-interaktiv-1\/","title":{"rendered":"Kahoot! k 1. lekcii Direkt interaktiv 1"},"content":{"rendered":"\n<style type=\"text\/css\" data-created_by=\"avia_inline_auto\" id=\"style-css-av-zms2p-bf23314c8af3e471b46da2224ebc2aa5\">\n.flex_column.av-zms2p-bf23314c8af3e471b46da2224ebc2aa5{\nborder-radius:0px 0px 0px 0px;\npadding:0px 0px 0px 0px;\n}\n<\/style>\n<div  class='flex_column av-zms2p-bf23314c8af3e471b46da2224ebc2aa5 av_one_full  avia-builder-el-0  el_before_av_one_full  avia-builder-el-first  first flex_column_div av-zero-column-padding  '     ><p>\n<style type=\"text\/css\" data-created_by=\"avia_inline_auto\" id=\"style-css-av-kanw1dmf-21a8448089f07d884dd85496edaadc89\">\n.avia-image-container.av-kanw1dmf-21a8448089f07d884dd85496edaadc89 img.avia_image{\nbox-shadow:none;\n}\n.avia-image-container.av-kanw1dmf-21a8448089f07d884dd85496edaadc89 .av-image-caption-overlay-center{\ncolor:#ffffff;\n}\n<\/style>\n<div  class='avia-image-container av-kanw1dmf-21a8448089f07d884dd85496edaadc89 av-styling- avia-align-center  avia-builder-el-1  el_before_av_hr  avia-builder-el-first '   itemprop=\"image\" itemscope=\"itemscope\" itemtype=\"https:\/\/schema.org\/ImageObject\" ><div class=\"avia-image-container-inner\"><div class=\"avia-image-overlay-wrap\"><img fetchpriority=\"high\" class='wp-image-379 avia-img-lazy-loading-not-379 avia_image ' src='https:\/\/vydavatelstvoklett.sk\/direkt\/wp-content\/uploads\/2020\/05\/1280px-Kahoot_Logo.svg_-300x102.png' alt='' title='1280px-Kahoot_Logo.svg_-300x102'  height=\"102\" width=\"300\"  itemprop=\"thumbnailUrl\"  \/><\/div><\/div><\/div><br \/>\n\n<style type=\"text\/css\" data-created_by=\"avia_inline_auto\" id=\"style-css-av-kanvziv6-dacc319fdf6aeb0b76515e062f95131b\">\n#top .hr.hr-invisible.av-kanvziv6-dacc319fdf6aeb0b76515e062f95131b{\nheight:50px;\n}\n<\/style>\n<div  class='hr av-kanvziv6-dacc319fdf6aeb0b76515e062f95131b hr-invisible  avia-builder-el-2  el_after_av_image  el_before_av_textblock '><span class='hr-inner '><span class=\"hr-inner-style\"><\/span><\/span><\/div><br \/>\n<section  class='av_textblock_section av-kanw2e8g-ff65c8d0a9b1ce0773ab6a4758a5a08b '   itemscope=\"itemscope\" itemtype=\"https:\/\/schema.org\/CreativeWork\" ><div class='avia_textblock'  itemprop=\"text\" ><h1 style=\"text-align: center;\">Z\u00e1bavn\u00e9 kv\u00edzy Kahoot! k\u00a01. lekcii u\u010debnice Direkt interaktiv 1<\/h1>\n<\/div><\/section><br \/>\n\n<style type=\"text\/css\" data-created_by=\"avia_inline_auto\" id=\"style-css-av-kanvziv6-dacc319fdf6aeb0b76515e062f95131b\">\n#top .hr.hr-invisible.av-kanvziv6-dacc319fdf6aeb0b76515e062f95131b{\nheight:50px;\n}\n<\/style>\n<div  class='hr av-kanvziv6-dacc319fdf6aeb0b76515e062f95131b hr-invisible  avia-builder-el-4  el_after_av_textblock  el_before_av_image '><span class='hr-inner '><span class=\"hr-inner-style\"><\/span><\/span><\/div><br \/>\n\n<style type=\"text\/css\" data-created_by=\"avia_inline_auto\" id=\"style-css-av-kanw4di4-0ad093b279221530152e7342d2b5ffc0\">\n.avia-image-container.av-kanw4di4-0ad093b279221530152e7342d2b5ffc0 img.avia_image{\nbox-shadow:none;\n}\n.avia-image-container.av-kanw4di4-0ad093b279221530152e7342d2b5ffc0 .av-image-caption-overlay-center{\ncolor:#ffffff;\n}\n<\/style>\n<div  class='avia-image-container av-kanw4di4-0ad093b279221530152e7342d2b5ffc0 av-styling- avia-align-center  avia-builder-el-5  el_after_av_hr  avia-builder-el-last '   itemprop=\"image\" itemscope=\"itemscope\" itemtype=\"https:\/\/schema.org\/ImageObject\" ><div class=\"avia-image-container-inner\"><div class=\"avia-image-overlay-wrap\"><img fetchpriority=\"high\" class='wp-image-380 avia-img-lazy-loading-not-380 avia_image ' src='https:\/\/vydavatelstvoklett.sk\/direkt\/wp-content\/uploads\/2020\/05\/2.png' alt='' title='1. lekcia'  height=\"600\" width=\"379\"  itemprop=\"thumbnailUrl\"  \/><\/div><\/div><\/div><\/p><\/div>\n\n<style type=\"text\/css\" data-created_by=\"avia_inline_auto\" id=\"style-css-av-pew8x-cd671ac768a792b610ff31e3815247ae\">\n.flex_column.av-pew8x-cd671ac768a792b610ff31e3815247ae{\nborder-radius:0px 0px 0px 0px;\npadding:0px 0px 0px 0px;\n}\n<\/style>\n<div  class='flex_column av-pew8x-cd671ac768a792b610ff31e3815247ae av_one_full  avia-builder-el-6  el_after_av_one_full  el_before_av_one_full  first flex_column_div av-zero-column-padding  column-top-margin'     ><section  class='av_textblock_section av-kanw6p11-668969b23e2b444cd7b7ebbf61897987 '   itemscope=\"itemscope\" itemtype=\"https:\/\/schema.org\/CreativeWork\" ><div class='avia_textblock'  itemprop=\"text\" ><h1 style=\"text-align: center;\"><a href=\"https:\/\/create.kahoot.it\/share\/seznameni-se-s-ucebnici-direkt-interaktiv-1\/e2759a1c-b753-4cd7-a919-a35da9df1744\" target=\"_blank\" rel=\"noopener noreferrer\">Kahoot! \u2013 zozn\u00e1menie s u\u010debnicou<\/a><\/h1>\n<\/div><\/section><\/div>\n\n<style type=\"text\/css\" data-created_by=\"avia_inline_auto\" id=\"style-css-av-iis5d-636068b71f63cc52e18405c8428c7b66\">\n.flex_column.av-iis5d-636068b71f63cc52e18405c8428c7b66{\nborder-radius:0px 0px 0px 0px;\npadding:0px 0px 0px 0px;\n}\n<\/style>\n<div  class='flex_column av-iis5d-636068b71f63cc52e18405c8428c7b66 av_one_full  avia-builder-el-8  el_after_av_one_full  el_before_av_one_full  first flex_column_div av-zero-column-padding  column-top-margin'     ><section  class='av_textblock_section av-kanw7lt1-c8c05dad08520599f2a10fc614effad1 '   itemscope=\"itemscope\" itemtype=\"https:\/\/schema.org\/CreativeWork\" ><div class='avia_textblock'  itemprop=\"text\" ><h1 style=\"text-align: center;\"><a href=\"https:\/\/create.kahoot.it\/share\/1-lekce-direkt-interaktiv-1-gramatika\/3bf4ea84-e960-42f5-bace-90ef72f1b0e2\" target=\"_blank\" rel=\"noopener noreferrer\">Kahoot! \u2013 GRAMATIKA<\/a><\/h1>\n<\/div><\/section><\/div>\n\n<style type=\"text\/css\" data-created_by=\"avia_inline_auto\" id=\"style-css-av-e1x95-dc0bc18be845f5150f6a33485faecb70\">\n.flex_column.av-e1x95-dc0bc18be845f5150f6a33485faecb70{\nborder-radius:0px 0px 0px 0px;\npadding:0px 0px 0px 0px;\n}\n<\/style>\n<div  class='flex_column av-e1x95-dc0bc18be845f5150f6a33485faecb70 av_one_full  avia-builder-el-10  el_after_av_one_full  el_before_av_one_full  first flex_column_div av-zero-column-padding  column-top-margin'     ><section  class='av_textblock_section av-kanw8b7f-0e93d52634dd5814dfdad08ce42ed708 '   itemscope=\"itemscope\" itemtype=\"https:\/\/schema.org\/CreativeWork\" ><div class='avia_textblock'  itemprop=\"text\" ><h1 style=\"text-align: center;\"><a href=\"https:\/\/create.kahoot.it\/share\/1-lekce-direkt-interaktiv-1-slovni-zasoba\/51513eda-1529-471f-9b03-843737b62888\" target=\"_blank\" rel=\"noopener noreferrer\">Kahoot! \u2013 SLOVN\u00c1 Z\u00c1SOBA<\/a><\/h1>\n<\/div><\/section><\/div>\n\n<style type=\"text\/css\" data-created_by=\"avia_inline_auto\" id=\"style-css-av-8if5l-5a51c43fdf79ce225b42bdb72023a3c8\">\n.flex_column.av-8if5l-5a51c43fdf79ce225b42bdb72023a3c8{\nborder-radius:0px 0px 0px 0px;\npadding:0px 0px 0px 0px;\n}\n<\/style>\n<div  class='flex_column av-8if5l-5a51c43fdf79ce225b42bdb72023a3c8 av_one_full  avia-builder-el-12  el_after_av_one_full  el_before_av_one_half  first flex_column_div av-zero-column-padding  column-top-margin'     ><section  class='av_textblock_section av-kanwb04q-2c2a44c350a886747c53693b6b5027b4 '   itemscope=\"itemscope\" itemtype=\"https:\/\/schema.org\/CreativeWork\" ><div class='avia_textblock'  itemprop=\"text\" ><h1 style=\"text-align: center;\"><a href=\"https:\/\/create.kahoot.it\/share\/1-lekce-direkt-interaktiv-1-opakovani\/42f049ad-e271-4698-a354-a36bc6efff5f\" target=\"_blank\" rel=\"noopener noreferrer\">Kahoot! \u2013 opakovanie<\/a><\/h1>\n<\/div><\/section><\/div>\n\n<style type=\"text\/css\" data-created_by=\"avia_inline_auto\" id=\"style-css-av-av_one_half-1e26125d131ba13f1accaa8241be1528\">\n.flex_column.av-av_one_half-1e26125d131ba13f1accaa8241be1528{\nborder-radius:0px 0px 0px 0px;\npadding:0px 0px 0px 0px;\n}\n<\/style>\n<div  class='flex_column av-av_one_half-1e26125d131ba13f1accaa8241be1528 av_one_half  avia-builder-el-14  el_after_av_one_full  el_before_av_one_half  first flex_column_div av-zero-column-padding  column-top-margin'     ><div  class='avia-button-wrap av-kzpcwvj7-a8892acbfdb10142f8db4bb81771e6e3-wrap avia-button-center  avia-builder-el-15  avia-builder-el-no-sibling '><a href='https:\/\/vydavatelstvoklett.sk\/direkt\/online-kvizy-kahoot\/'  class='avia-button av-kzpcwvj7-a8892acbfdb10142f8db4bb81771e6e3 av-link-btn avia-icon_select-no avia-size-x-large avia-position-center avia-color-theme-color'   aria-label=\"SP\u00c4\u0164 NA V\u00ddPIS KAHOOT!\"><span class='avia_iconbox_title' >SP\u00c4\u0164 NA V\u00ddPIS KAHOOT!<\/span><\/a><\/div><\/div>\n<style type=\"text\/css\" data-created_by=\"avia_inline_auto\" id=\"style-css-av-av_one_half-da852e3ef3e55b029d2629c41a20524d\">\n.flex_column.av-av_one_half-da852e3ef3e55b029d2629c41a20524d{\nborder-radius:0px 0px 0px 0px;\npadding:0px 0px 0px 0px;\n}\n<\/style>\n<div  class='flex_column av-av_one_half-da852e3ef3e55b029d2629c41a20524d av_one_half  avia-builder-el-16  el_after_av_one_half  avia-builder-el-last  flex_column_div av-zero-column-padding  column-top-margin'     ><div  class='avia-button-wrap av-kzpcwvj7-53f588b9745d77d6342c61a4cb2f884b-wrap avia-button-center  avia-builder-el-17  avia-builder-el-no-sibling '><a href='https:\/\/vydavatelstvoklett.sk\/direkt\/kahoot-k-2-lekcii-direkt-interaktiv-1\/'  class='avia-button av-kzpcwvj7-53f588b9745d77d6342c61a4cb2f884b av-link-btn avia-icon_select-no avia-size-x-large avia-position-center avia-color-theme-color'   aria-label=\"PREJS\u0164 NA KAHOOT! K 2. LEKCII\"><span class='avia_iconbox_title' >PREJS\u0164 NA KAHOOT! K 2. LEKCII<\/span><\/a><\/div><\/div><\/p>\n","protected":false},"excerpt":{"rendered":"","protected":false},"author":3,"featured_media":0,"parent":0,"menu_order":0,"comment_status":"closed","ping_status":"closed","template":"","meta":{"_exactmetrics_skip_tracking":false,"_exactmetrics_sitenote_active":false,"_exactmetrics_sitenote_note":"","_exactmetrics_sitenote_category":0,"footnotes":""},"class_list":["post-377","page","type-page","status-publish","hentry"],"_links":{"self":[{"href":"https:\/\/vydavatelstvoklett.sk\/direkt\/wp-json\/wp\/v2\/pages\/377","targetHints":{"allow":["GET"]}}],"collection":[{"href":"https:\/\/vydavatelstvoklett.sk\/direkt\/wp-json\/wp\/v2\/pages"}],"about":[{"href":"https:\/\/vydavatelstvoklett.sk\/direkt\/wp-json\/wp\/v2\/types\/page"}],"author":[{"embeddable":true,"href":"https:\/\/vydavatelstvoklett.sk\/direkt\/wp-json\/wp\/v2\/users\/3"}],"replies":[{"embeddable":true,"href":"https:\/\/vydavatelstvoklett.sk\/direkt\/wp-json\/wp\/v2\/comments?post=377"}],"version-history":[{"count":5,"href":"https:\/\/vydavatelstvoklett.sk\/direkt\/wp-json\/wp\/v2\/pages\/377\/revisions"}],"predecessor-version":[{"id":578,"href":"https:\/\/vydavatelstvoklett.sk\/direkt\/wp-json\/wp\/v2\/pages\/377\/revisions\/578"}],"wp:attachment":[{"href":"https:\/\/vydavatelstvoklett.sk\/direkt\/wp-json\/wp\/v2\/media?parent=377"}],"curies":[{"name":"wp","href":"https:\/\/api.w.org\/{rel}","templated":true}]}}