{"id":412,"date":"2020-05-26T15:15:19","date_gmt":"2020-05-26T13:15:19","guid":{"rendered":"http:\/\/vydavatelstvoklett.sk\/direkt\/?page_id=412"},"modified":"2024-10-29T12:33:50","modified_gmt":"2024-10-29T11:33:50","slug":"online-kvizy-kahoot","status":"publish","type":"page","link":"https:\/\/vydavatelstvoklett.sk\/direkt\/online-kvizy-kahoot\/","title":{"rendered":"Online kv\u00edzy Kahoot!"},"content":{"rendered":"\n<style type=\"text\/css\" data-created_by=\"avia_inline_auto\" id=\"style-css-av-zms2p-bf23314c8af3e471b46da2224ebc2aa5\">\n.flex_column.av-zms2p-bf23314c8af3e471b46da2224ebc2aa5{\nborder-radius:0px 0px 0px 0px;\npadding:0px 0px 0px 0px;\n}\n<\/style>\n<div  class='flex_column av-zms2p-bf23314c8af3e471b46da2224ebc2aa5 av_one_full  avia-builder-el-0  el_before_av_one_full  avia-builder-el-first  first flex_column_div av-zero-column-padding  '     ><p>\n<style type=\"text\/css\" data-created_by=\"avia_inline_auto\" id=\"style-css-av-kanw1dmf-21a8448089f07d884dd85496edaadc89\">\n.avia-image-container.av-kanw1dmf-21a8448089f07d884dd85496edaadc89 img.avia_image{\nbox-shadow:none;\n}\n.avia-image-container.av-kanw1dmf-21a8448089f07d884dd85496edaadc89 .av-image-caption-overlay-center{\ncolor:#ffffff;\n}\n<\/style>\n<div  class='avia-image-container av-kanw1dmf-21a8448089f07d884dd85496edaadc89 av-styling- avia-align-center  avia-builder-el-1  el_before_av_hr  avia-builder-el-first '   itemprop=\"image\" itemscope=\"itemscope\" itemtype=\"https:\/\/schema.org\/ImageObject\" ><div class=\"avia-image-container-inner\"><div class=\"avia-image-overlay-wrap\"><img fetchpriority=\"high\" class='wp-image-379 avia-img-lazy-loading-not-379 avia_image ' src='https:\/\/vydavatelstvoklett.sk\/direkt\/wp-content\/uploads\/2020\/05\/1280px-Kahoot_Logo.svg_-300x102.png' alt='' title='1280px-Kahoot_Logo.svg_-300x102'  height=\"102\" width=\"300\"  itemprop=\"thumbnailUrl\"  \/><\/div><\/div><\/div><br \/>\n\n<style type=\"text\/css\" data-created_by=\"avia_inline_auto\" id=\"style-css-av-kanvziv6-dacc319fdf6aeb0b76515e062f95131b\">\n#top .hr.hr-invisible.av-kanvziv6-dacc319fdf6aeb0b76515e062f95131b{\nheight:50px;\n}\n<\/style>\n<div  class='hr av-kanvziv6-dacc319fdf6aeb0b76515e062f95131b hr-invisible  avia-builder-el-2  el_after_av_image  el_before_av_textblock '><span class='hr-inner '><span class=\"hr-inner-style\"><\/span><\/span><\/div><br \/>\n<section  class='av_textblock_section av-kanw2e8g-ff65c8d0a9b1ce0773ab6a4758a5a08b '   itemscope=\"itemscope\" itemtype=\"https:\/\/schema.org\/CreativeWork\" ><div class='avia_textblock'  itemprop=\"text\" ><h1 style=\"text-align: center;\">Online kv\u00edzy Kahoot!<\/h1>\n<p style=\"text-align: center;\">K\u00a0jednotliv\u00fdm lekci\u00e1m u\u010debnice Direkt interaktiv boli Mgr. Petrou Moskvou vytvoren\u00e9 jednoduch\u00e9 online z\u00e1bavn\u00e9 kv\u00edzy ,,Kahoot\u201c.<\/p>\n<p style=\"text-align: center;\">Ku ka\u017edej lekcii s\u00fa v\u017edy k\u00a0dispoz\u00edcii tri tak\u00e9to kv\u00edzy (iba k\u00a01. lekcii s\u00fa tieto kv\u00edzy 4 \u2013 navy\u0161e je zozn\u00e1menie s\u00a0u\u010debnicou).<\/p>\n<\/div><\/section><br \/>\n\n<style type=\"text\/css\" data-created_by=\"avia_inline_auto\" id=\"style-css-av-kanvziv6-23-37c8cdc90493565e1a9ed04e53a7b86a\">\n#top .hr.hr-invisible.av-kanvziv6-23-37c8cdc90493565e1a9ed04e53a7b86a{\nheight:50px;\n}\n<\/style>\n<div  class='hr av-kanvziv6-23-37c8cdc90493565e1a9ed04e53a7b86a hr-invisible  avia-builder-el-4  el_after_av_textblock  el_before_av_image '><span class='hr-inner '><span class=\"hr-inner-style\"><\/span><\/span><\/div><br \/>\n\n<style type=\"text\/css\" data-created_by=\"avia_inline_auto\" id=\"style-css-av-kanw4di4-4e4d7d476c8811bc4e7c430427f9b2c9\">\n.avia-image-container.av-kanw4di4-4e4d7d476c8811bc4e7c430427f9b2c9 img.avia_image{\nbox-shadow:none;\n}\n.avia-image-container.av-kanw4di4-4e4d7d476c8811bc4e7c430427f9b2c9 .av-image-caption-overlay-center{\ncolor:#ffffff;\n}\n<\/style>\n<div  class='avia-image-container av-kanw4di4-4e4d7d476c8811bc4e7c430427f9b2c9 av-styling- avia-align-center  avia-builder-el-5  el_after_av_hr  el_before_av_hr '   itemprop=\"image\" itemscope=\"itemscope\" itemtype=\"https:\/\/schema.org\/ImageObject\" ><div class=\"avia-image-container-inner\"><div class=\"avia-image-overlay-wrap\"><img fetchpriority=\"high\" class='wp-image-414 avia-img-lazy-loading-not-414 avia_image ' src='https:\/\/vydavatelstvoklett.sk\/direkt\/wp-content\/uploads\/2020\/05\/shutterstock_551965690_web-495x400.png' alt='' title='shutterstock_551965690_web-495x400'  height=\"400\" width=\"495\"  itemprop=\"thumbnailUrl\"  \/><\/div><\/div><\/div><br \/>\n\n<style type=\"text\/css\" data-created_by=\"avia_inline_auto\" id=\"style-css-av-kanvziv6-22-a6a5880fda198d84700bb7ba8843a376\">\n#top .hr.hr-invisible.av-kanvziv6-22-a6a5880fda198d84700bb7ba8843a376{\nheight:50px;\n}\n<\/style>\n<div  class='hr av-kanvziv6-22-a6a5880fda198d84700bb7ba8843a376 hr-invisible  avia-builder-el-6  el_after_av_image  el_before_av_textblock '><span class='hr-inner '><span class=\"hr-inner-style\"><\/span><\/span><\/div><br \/>\n<section  class='av_textblock_section av-kanxt3hx-20dbdee6b42362cbdd3df79970fcc1e2 '   itemscope=\"itemscope\" itemtype=\"https:\/\/schema.org\/CreativeWork\" ><div class='avia_textblock'  itemprop=\"text\" ><p style=\"text-align: center;\">Vyberte si lekciu, ktor\u00e1 V\u00e1s zauj\u00edma a\u00a0potom u\u017e sa len zab\u00e1vajte (a u\u010dte) pri\u00a0na\u0161ich z\u00e1bavn\u00fdch kv\u00edzoch.<\/p>\n<\/div><\/section><\/p><\/div>\n\n<style type=\"text\/css\" data-created_by=\"avia_inline_auto\" id=\"style-css-av-12w0s4-709bf1c02820f636a0965d8356a311a1\">\n.flex_column.av-12w0s4-709bf1c02820f636a0965d8356a311a1{\nborder-radius:0px 0px 0px 0px;\npadding:0px 0px 0px 0px;\n}\n<\/style>\n<div  class='flex_column av-12w0s4-709bf1c02820f636a0965d8356a311a1 av_one_full  avia-builder-el-8  el_after_av_one_full  el_before_av_one_full  first flex_column_div av-zero-column-padding  column-top-margin'     ><section  class='av_textblock_section av-kanxv7h1-6b4dc80b32b16b78b0c863fac7e9162a '   itemscope=\"itemscope\" itemtype=\"https:\/\/schema.org\/CreativeWork\" ><div class='avia_textblock'  itemprop=\"text\" ><h2 style=\"text-align: center;\"><a href=\"https:\/\/vydavatelstvoklett.sk\/direkt\/kahoot-k-1-lekcii-direkt-interaktiv-1\/\">Kahoot! k\u00a01. lekcii Direkt interaktiv 1<\/a><\/h2>\n<\/div><\/section><\/div>\n\n<style type=\"text\/css\" data-created_by=\"avia_inline_auto\" id=\"style-css-av-34hp8-fcc34c813462e4ae3c06b8f4a98adbae\">\n.flex_column.av-34hp8-fcc34c813462e4ae3c06b8f4a98adbae{\nborder-radius:0px 0px 0px 0px;\npadding:0px 0px 0px 0px;\n}\n<\/style>\n<div  class='flex_column av-34hp8-fcc34c813462e4ae3c06b8f4a98adbae av_one_full  avia-builder-el-10  el_after_av_one_full  el_before_av_one_full  first flex_column_div av-zero-column-padding  column-top-margin'     ><section  class='av_textblock_section av-kanxvxbc-17b245bdfbf7790daf30d4a4ee582316 '   itemscope=\"itemscope\" itemtype=\"https:\/\/schema.org\/CreativeWork\" ><div class='avia_textblock'  itemprop=\"text\" ><h2 style=\"text-align: center;\"><a href=\"https:\/\/vydavatelstvoklett.sk\/direkt\/kahoot-k-2-lekcii-direkt-interaktiv-1\/\">Kahoot! k\u00a02. lekcii Direkt interaktiv 1<\/a><\/h2>\n<\/div><\/section><\/div>\n\n<style type=\"text\/css\" data-created_by=\"avia_inline_auto\" id=\"style-css-av-rtrl8-ae40dd76e5727f8bad34f082b8c70c29\">\n.flex_column.av-rtrl8-ae40dd76e5727f8bad34f082b8c70c29{\nborder-radius:0px 0px 0px 0px;\npadding:0px 0px 0px 0px;\n}\n<\/style>\n<div  class='flex_column av-rtrl8-ae40dd76e5727f8bad34f082b8c70c29 av_one_full  avia-builder-el-12  el_after_av_one_full  el_before_av_one_full  first flex_column_div av-zero-column-padding  column-top-margin'     ><section  class='av_textblock_section av-kanxwpyh-86c054a75d94a8b84d18adbdb6185bd7 '   itemscope=\"itemscope\" itemtype=\"https:\/\/schema.org\/CreativeWork\" ><div class='avia_textblock'  itemprop=\"text\" ><h2 style=\"text-align: center;\"><a href=\"https:\/\/vydavatelstvoklett.sk\/direkt\/kahoot-k-3-lekcii-direkt-interaktiv-1\/\">Kahoot! k\u00a03. lekcii Direkt interaktiv 1<\/a><\/h2>\n<\/div><\/section><\/div>\n\n<style type=\"text\/css\" data-created_by=\"avia_inline_auto\" id=\"style-css-av-lqp0k-adcf8caf54bf248d0dbbbf0bf8d45b3b\">\n.flex_column.av-lqp0k-adcf8caf54bf248d0dbbbf0bf8d45b3b{\nborder-radius:0px 0px 0px 0px;\npadding:0px 0px 0px 0px;\n}\n<\/style>\n<div  class='flex_column av-lqp0k-adcf8caf54bf248d0dbbbf0bf8d45b3b av_one_full  avia-builder-el-14  el_after_av_one_full  el_before_av_one_full  first flex_column_div av-zero-column-padding  column-top-margin'     ><section  class='av_textblock_section av-kanxxf8h-b8f72e45b2ea0cdcfae16ab434a6f1f8 '   itemscope=\"itemscope\" itemtype=\"https:\/\/schema.org\/CreativeWork\" ><div class='avia_textblock'  itemprop=\"text\" ><h2 style=\"text-align: center;\"><a href=\"https:\/\/vydavatelstvoklett.sk\/direkt\/kahoot-k-4-lekcii-direkt-interaktiv-1\/\">Kahoot! k\u00a04. lekcii Direkt interaktiv 1<\/a><\/h2>\n<\/div><\/section><\/div>\n\n<style type=\"text\/css\" data-created_by=\"avia_inline_auto\" id=\"style-css-av-fqa4c-5bd28af62620553d679f1e0d22070b33\">\n.flex_column.av-fqa4c-5bd28af62620553d679f1e0d22070b33{\nborder-radius:0px 0px 0px 0px;\npadding:0px 0px 0px 0px;\n}\n<\/style>\n<div  class='flex_column av-fqa4c-5bd28af62620553d679f1e0d22070b33 av_one_full  avia-builder-el-16  el_after_av_one_full  el_before_av_one_full  first flex_column_div av-zero-column-padding  column-top-margin'     ><section  class='av_textblock_section av-kanxygbz-4ad9b8ee41e8c66a55a3cb7b0cbb6c42 '   itemscope=\"itemscope\" itemtype=\"https:\/\/schema.org\/CreativeWork\" ><div class='avia_textblock'  itemprop=\"text\" ><h2 style=\"text-align: center;\"><a href=\"https:\/\/vydavatelstvoklett.sk\/direkt\/kahoot-k-5-lekcii-direkt-interaktiv-1\/\">Kahoot! k\u00a05. lekcii Direkt interaktiv 1<\/a><\/h2>\n<\/div><\/section><\/div>\n\n<style type=\"text\/css\" data-created_by=\"avia_inline_auto\" id=\"style-css-av-9pl70-edff9d9a79e605efacc9a1a9d0593937\">\n.flex_column.av-9pl70-edff9d9a79e605efacc9a1a9d0593937{\nborder-radius:0px 0px 0px 0px;\npadding:0px 0px 0px 0px;\n}\n<\/style>\n<div  class='flex_column av-9pl70-edff9d9a79e605efacc9a1a9d0593937 av_one_full  avia-builder-el-18  el_after_av_one_full  el_before_av_one_full  first flex_column_div av-zero-column-padding  column-top-margin'     ><section  class='av_textblock_section av-kanxzi8g-a8675b2dea7e9316e0ae05a2fcf37630 '   itemscope=\"itemscope\" itemtype=\"https:\/\/schema.org\/CreativeWork\" ><div class='avia_textblock'  itemprop=\"text\" ><h2 style=\"text-align: center;\"><a href=\"https:\/\/vydavatelstvoklett.sk\/direkt\/kahoot-k-6-lekcii-direkt-interaktiv-1\/\">Kahoot! k\u00a06. lekcii Direkt interaktiv 1<\/a><\/h2>\n<\/div><\/section><\/div>\n\n<style type=\"text\/css\" data-created_by=\"avia_inline_auto\" id=\"style-css-av-9pl70-21-5b11ed15e2ba3b0c26cad7c9262831e9\">\n.flex_column.av-9pl70-21-5b11ed15e2ba3b0c26cad7c9262831e9{\nborder-radius:0px 0px 0px 0px;\npadding:0px 0px 0px 0px;\n}\n<\/style>\n<div  class='flex_column av-9pl70-21-5b11ed15e2ba3b0c26cad7c9262831e9 av_one_full  avia-builder-el-20  el_after_av_one_full  el_before_av_one_full  first flex_column_div av-zero-column-padding  column-top-margin'     ><section  class='av_textblock_section av-kanxzi8g-20-d028953657926fe55bccf07ea59a4308 '   itemscope=\"itemscope\" itemtype=\"https:\/\/schema.org\/CreativeWork\" ><div class='avia_textblock'  itemprop=\"text\" ><h2 style=\"text-align: center;\"><a href=\"https:\/\/vydavatelstvoklett.sk\/direkt\/kahoot-k-7-lekcii-direkt-interaktiv-1-2\/\">Kahoot! k 7. lekcii Direkt interaktiv 1<\/a><\/h2>\n<\/div><\/section><\/div>\n\n<style type=\"text\/css\" data-created_by=\"avia_inline_auto\" id=\"style-css-av-9pl70-19-fce317a342c5e6edf6f7a4e889476529\">\n.flex_column.av-9pl70-19-fce317a342c5e6edf6f7a4e889476529{\nborder-radius:0px 0px 0px 0px;\npadding:0px 0px 0px 0px;\n}\n<\/style>\n<div  class='flex_column av-9pl70-19-fce317a342c5e6edf6f7a4e889476529 av_one_full  avia-builder-el-22  el_after_av_one_full  el_before_av_one_full  first flex_column_div av-zero-column-padding  column-top-margin'     ><section  class='av_textblock_section av-kanxzi8g-18-57b0ac22c2cea93c842f937be57b19e7 '   itemscope=\"itemscope\" itemtype=\"https:\/\/schema.org\/CreativeWork\" ><div class='avia_textblock'  itemprop=\"text\" ><h2 style=\"text-align: center;\"><a href=\"https:\/\/vydavatelstvoklett.sk\/direkt\/kahoot-k-8-lekcii-direkt-interaktiv-1\/\">Kahoot! k 8. lekcii Direkt interaktiv 1<\/a><\/h2>\n<\/div><\/section><\/div>\n\n<style type=\"text\/css\" data-created_by=\"avia_inline_auto\" id=\"style-css-av-9pl70-17-697233b4410463a350c49932a524a595\">\n.flex_column.av-9pl70-17-697233b4410463a350c49932a524a595{\nborder-radius:0px 0px 0px 0px;\npadding:0px 0px 0px 0px;\n}\n<\/style>\n<div  class='flex_column av-9pl70-17-697233b4410463a350c49932a524a595 av_one_full  avia-builder-el-24  el_after_av_one_full  el_before_av_one_full  first flex_column_div av-zero-column-padding  column-top-margin'     ><section  class='av_textblock_section av-kanxzi8g-16-5849c624111022f0cc464fff139ce066 '   itemscope=\"itemscope\" itemtype=\"https:\/\/schema.org\/CreativeWork\" ><div class='avia_textblock'  itemprop=\"text\" ><h2 style=\"text-align: center;\"><a href=\"https:\/\/vydavatelstvoklett.sk\/direkt\/kahoot-k-9-lekcii-direkt-interaktiv-1\/\">Kahoot! k 9. lekcii Direkt interaktiv 1<\/a><\/h2>\n<\/div><\/section><\/div>\n\n<style type=\"text\/css\" data-created_by=\"avia_inline_auto\" id=\"style-css-av-9pl70-15-7bcf4548e7782ddaf69b9b28c9793316\">\n.flex_column.av-9pl70-15-7bcf4548e7782ddaf69b9b28c9793316{\nborder-radius:0px 0px 0px 0px;\npadding:0px 0px 0px 0px;\n}\n<\/style>\n<div  class='flex_column av-9pl70-15-7bcf4548e7782ddaf69b9b28c9793316 av_one_full  avia-builder-el-26  el_after_av_one_full  el_before_av_one_full  first flex_column_div av-zero-column-padding  column-top-margin'     ><section  class='av_textblock_section av-kanxzi8g-14-c62e4fb292f73f327906fe784a4b6e39 '   itemscope=\"itemscope\" itemtype=\"https:\/\/schema.org\/CreativeWork\" ><div class='avia_textblock'  itemprop=\"text\" ><h2 style=\"text-align: center;\"><a href=\"https:\/\/vydavatelstvoklett.sk\/direkt\/kahoot-k-10-lekcii-direkt-interaktiv-1\/\">Kahoot! k 10. lekcii Direkt interaktiv 1<\/a><\/h2>\n<\/div><\/section><\/div>\n\n<style type=\"text\/css\" data-created_by=\"avia_inline_auto\" id=\"style-css-av-9pl70-13-d724f31ccaf3c52127554a2f6666ca0f\">\n.flex_column.av-9pl70-13-d724f31ccaf3c52127554a2f6666ca0f{\nborder-radius:0px 0px 0px 0px;\npadding:0px 0px 0px 0px;\n}\n<\/style>\n<div  class='flex_column av-9pl70-13-d724f31ccaf3c52127554a2f6666ca0f av_one_full  avia-builder-el-28  el_after_av_one_full  el_before_av_one_full  first flex_column_div av-zero-column-padding  column-top-margin'     ><section  class='av_textblock_section av-kanxzi8g-12-5e248286638cf5bd9eac75a39622b819 '   itemscope=\"itemscope\" itemtype=\"https:\/\/schema.org\/CreativeWork\" ><div class='avia_textblock'  itemprop=\"text\" ><h2 style=\"text-align: center;\"><a href=\"https:\/\/vydavatelstvoklett.sk\/direkt\/kahoot-k-11-lekcii-direkt-interaktiv-2\/\">Kahoot! k 11. lekcii Direkt interaktiv 2<\/a><\/h2>\n<\/div><\/section><\/div>\n\n<style type=\"text\/css\" data-created_by=\"avia_inline_auto\" id=\"style-css-av-9pl70-11-2d6ff649e287e8a0bd22ed6d2a971512\">\n.flex_column.av-9pl70-11-2d6ff649e287e8a0bd22ed6d2a971512{\nborder-radius:0px 0px 0px 0px;\npadding:0px 0px 0px 0px;\n}\n<\/style>\n<div  class='flex_column av-9pl70-11-2d6ff649e287e8a0bd22ed6d2a971512 av_one_full  avia-builder-el-30  el_after_av_one_full  el_before_av_one_full  first flex_column_div av-zero-column-padding  column-top-margin'     ><section  class='av_textblock_section av-kanxzi8g-10-8a6d9228ee36b7bec91a64194b59e7ee '   itemscope=\"itemscope\" itemtype=\"https:\/\/schema.org\/CreativeWork\" ><div class='avia_textblock'  itemprop=\"text\" ><h2 style=\"text-align: center;\"><a href=\"https:\/\/vydavatelstvoklett.sk\/direkt\/kahoot-k-12-lekcii-direkt-interaktiv-2\/\">Kahoot! k 12. lekcii Direkt interaktiv 2<\/a><\/h2>\n<\/div><\/section><\/div>\n\n<style type=\"text\/css\" data-created_by=\"avia_inline_auto\" id=\"style-css-av-9pl70-9-771f25d42f470d98e2242fc6004b2aa6\">\n.flex_column.av-9pl70-9-771f25d42f470d98e2242fc6004b2aa6{\nborder-radius:0px 0px 0px 0px;\npadding:0px 0px 0px 0px;\n}\n<\/style>\n<div  class='flex_column av-9pl70-9-771f25d42f470d98e2242fc6004b2aa6 av_one_full  avia-builder-el-32  el_after_av_one_full  el_before_av_one_full  first flex_column_div av-zero-column-padding  column-top-margin'     ><section  class='av_textblock_section av-kanxzi8g-8-ec83f0be8e1c53e1b92c2f8fbd178cb6 '   itemscope=\"itemscope\" itemtype=\"https:\/\/schema.org\/CreativeWork\" ><div class='avia_textblock'  itemprop=\"text\" ><h2 style=\"text-align: center;\"><a href=\"https:\/\/vydavatelstvoklett.sk\/direkt\/kahoot-k-13-lekcii-direkt-interaktiv-2\/\">Kahoot! k 13. lekcii Direkt interaktiv 2<\/a><\/h2>\n<\/div><\/section><\/div>\n\n<style type=\"text\/css\" data-created_by=\"avia_inline_auto\" id=\"style-css-av-9pl70-7-c6163b87ef8c17dc2f15ba62d8ed58b4\">\n.flex_column.av-9pl70-7-c6163b87ef8c17dc2f15ba62d8ed58b4{\nborder-radius:0px 0px 0px 0px;\npadding:0px 0px 0px 0px;\n}\n<\/style>\n<div  class='flex_column av-9pl70-7-c6163b87ef8c17dc2f15ba62d8ed58b4 av_one_full  avia-builder-el-34  el_after_av_one_full  el_before_av_one_full  first flex_column_div av-zero-column-padding  column-top-margin'     ><section  class='av_textblock_section av-kanxzi8g-6-d2641da9ac9d08dc77fcf5e2f7276d06 '   itemscope=\"itemscope\" itemtype=\"https:\/\/schema.org\/CreativeWork\" ><div class='avia_textblock'  itemprop=\"text\" ><h2 style=\"text-align: center;\"><a href=\"https:\/\/vydavatelstvoklett.sk\/direkt\/kahoot-k-14-lekcii-direkt-interaktiv-2\/\">Kahoot! k 14. lekcii Direkt interaktiv 2<\/a><\/h2>\n<\/div><\/section><\/div>\n\n<style type=\"text\/css\" data-created_by=\"avia_inline_auto\" id=\"style-css-av-9pl70-5-e8c8a265f2703a5ff5def48bab2c2460\">\n.flex_column.av-9pl70-5-e8c8a265f2703a5ff5def48bab2c2460{\nborder-radius:0px 0px 0px 0px;\npadding:0px 0px 0px 0px;\n}\n<\/style>\n<div  class='flex_column av-9pl70-5-e8c8a265f2703a5ff5def48bab2c2460 av_one_full  avia-builder-el-36  el_after_av_one_full  el_before_av_one_full  first flex_column_div av-zero-column-padding  column-top-margin'     ><section  class='av_textblock_section av-kanxzi8g-4-83ca76fab7fb28dc856d8906c1c21a3d '   itemscope=\"itemscope\" itemtype=\"https:\/\/schema.org\/CreativeWork\" ><div class='avia_textblock'  itemprop=\"text\" ><h2 style=\"text-align: center;\"><a href=\"https:\/\/vydavatelstvoklett.sk\/direkt\/kahoot-k-15-lekcii-direkt-interaktiv-2\/\">Kahoot! k 15. lekcii Direkt interaktiv 2<\/a><\/h2>\n<\/div><\/section><\/div>\n\n<style type=\"text\/css\" data-created_by=\"avia_inline_auto\" id=\"style-css-av-mrd8c-fb6afdc5c3d6a45c9953853a2201796d\">\n.flex_column.av-mrd8c-fb6afdc5c3d6a45c9953853a2201796d{\nborder-radius:0px 0px 0px 0px;\npadding:0px 0px 0px 0px;\n}\n<\/style>\n<div  class='flex_column av-mrd8c-fb6afdc5c3d6a45c9953853a2201796d av_one_full  avia-builder-el-38  el_after_av_one_full  el_before_av_one_full  first flex_column_div av-zero-column-padding  column-top-margin'     ><section  class='av_textblock_section av-lfaygbbk-5e20be214701684d6eb6ebaa4da9662b '   itemscope=\"itemscope\" itemtype=\"https:\/\/schema.org\/CreativeWork\" ><div class='avia_textblock'  itemprop=\"text\" ><h2 style=\"text-align: center;\"><a href=\"https:\/\/vydavatelstvoklett.sk\/direkt\/kahoot-k-16-lekcii-direkt-interaktiv-2\/\">Kahoot! k 16. lekcii Direkt interaktiv 2<\/a><\/h2>\n<\/div><\/section><\/div>\n\n<style type=\"text\/css\" data-created_by=\"avia_inline_auto\" id=\"style-css-av-g1om4-2ca20eb8e13bc2e74f94f985c46d0a06\">\n.flex_column.av-g1om4-2ca20eb8e13bc2e74f94f985c46d0a06{\nborder-radius:0px 0px 0px 0px;\npadding:0px 0px 0px 0px;\n}\n<\/style>\n<div  class='flex_column av-g1om4-2ca20eb8e13bc2e74f94f985c46d0a06 av_one_full  avia-builder-el-40  el_after_av_one_full  el_before_av_one_full  first flex_column_div av-zero-column-padding  column-top-margin'     ><section  class='av_textblock_section av-lfaygmr2-61be6e8799868c64402baf7c9eb72f0e '   itemscope=\"itemscope\" itemtype=\"https:\/\/schema.org\/CreativeWork\" ><div class='avia_textblock'  itemprop=\"text\" ><h2 style=\"text-align: center;\"><a href=\"https:\/\/vydavatelstvoklett.sk\/direkt\/kahoot-k-17-lekcii-direkt-interaktiv-2\/\">Kahoot! k 17. lekcii Direkt interaktiv 2<\/a><\/h2>\n<\/div><\/section><\/div>\n\n<style type=\"text\/css\" data-created_by=\"avia_inline_auto\" id=\"style-css-av-amn0c-b8f5baf3af8e4d35f1bc93699a1141d1\">\n.flex_column.av-amn0c-b8f5baf3af8e4d35f1bc93699a1141d1{\nborder-radius:0px 0px 0px 0px;\npadding:0px 0px 0px 0px;\n}\n<\/style>\n<div  class='flex_column av-amn0c-b8f5baf3af8e4d35f1bc93699a1141d1 av_one_full  avia-builder-el-42  el_after_av_one_full  el_before_av_one_full  first flex_column_div av-zero-column-padding  column-top-margin'     ><section  class='av_textblock_section av-lfaygx61-910fe5dc03723f88dfec96a7ea5640f2 '   itemscope=\"itemscope\" itemtype=\"https:\/\/schema.org\/CreativeWork\" ><div class='avia_textblock'  itemprop=\"text\" ><h2 style=\"text-align: center;\"><a href=\"https:\/\/vydavatelstvoklett.sk\/direkt\/kahoot-k-18-lekcii-direkt-interaktiv-2\/\">Kahoot! k 18. lekcii Direkt interaktiv 2<\/a><\/h2>\n<\/div><\/section><\/div>\n\n<style type=\"text\/css\" data-created_by=\"avia_inline_auto\" id=\"style-css-av-wl5o-085febc26652d68f46cfa02c79ad5058\">\n.flex_column.av-wl5o-085febc26652d68f46cfa02c79ad5058{\nborder-radius:0px 0px 0px 0px;\npadding:0px 0px 0px 0px;\n}\n<\/style>\n<div  class='flex_column av-wl5o-085febc26652d68f46cfa02c79ad5058 av_one_full  avia-builder-el-44  el_after_av_one_full  avia-builder-el-last  first flex_column_div av-zero-column-padding  column-top-margin'     ><section  class='av_textblock_section av-m2u5ox4l-b049683009f1d61015970f18c2e27f24 '   itemscope=\"itemscope\" itemtype=\"https:\/\/schema.org\/CreativeWork\" ><div class='avia_textblock'  itemprop=\"text\" ><h2 style=\"text-align: center;\"><a href=\"https:\/\/vydavatelstvoklett.sk\/direkt\/kahoot-k-19-lekcii-direkt-interaktiv\/\">Kahoot! k 19. lekcii Direkt interaktiv 3<\/a><\/h2>\n<\/div><\/section><\/div>\n","protected":false},"excerpt":{"rendered":"","protected":false},"author":3,"featured_media":0,"parent":0,"menu_order":0,"comment_status":"closed","ping_status":"closed","template":"","meta":{"_exactmetrics_skip_tracking":false,"_exactmetrics_sitenote_active":false,"_exactmetrics_sitenote_note":"","_exactmetrics_sitenote_category":0,"footnotes":""},"class_list":["post-412","page","type-page","status-publish","hentry"],"_links":{"self":[{"href":"https:\/\/vydavatelstvoklett.sk\/direkt\/wp-json\/wp\/v2\/pages\/412","targetHints":{"allow":["GET"]}}],"collection":[{"href":"https:\/\/vydavatelstvoklett.sk\/direkt\/wp-json\/wp\/v2\/pages"}],"about":[{"href":"https:\/\/vydavatelstvoklett.sk\/direkt\/wp-json\/wp\/v2\/types\/page"}],"author":[{"embeddable":true,"href":"https:\/\/vydavatelstvoklett.sk\/direkt\/wp-json\/wp\/v2\/users\/3"}],"replies":[{"embeddable":true,"href":"https:\/\/vydavatelstvoklett.sk\/direkt\/wp-json\/wp\/v2\/comments?post=412"}],"version-history":[{"count":12,"href":"https:\/\/vydavatelstvoklett.sk\/direkt\/wp-json\/wp\/v2\/pages\/412\/revisions"}],"predecessor-version":[{"id":687,"href":"https:\/\/vydavatelstvoklett.sk\/direkt\/wp-json\/wp\/v2\/pages\/412\/revisions\/687"}],"wp:attachment":[{"href":"https:\/\/vydavatelstvoklett.sk\/direkt\/wp-json\/wp\/v2\/media?parent=412"}],"curies":[{"name":"wp","href":"https:\/\/api.w.org\/{rel}","templated":true}]}}