{"id":456,"date":"2020-10-05T11:03:07","date_gmt":"2020-10-05T09:03:07","guid":{"rendered":"http:\/\/vydavatelstvoklett.sk\/direkt\/?page_id=456"},"modified":"2022-02-16T10:41:32","modified_gmt":"2022-02-16T09:41:32","slug":"kahoot-k-8-lekcii-direkt-interaktiv-1","status":"publish","type":"page","link":"https:\/\/vydavatelstvoklett.sk\/direkt\/kahoot-k-8-lekcii-direkt-interaktiv-1\/","title":{"rendered":"Kahoot! k 8. lekcii Direkt interaktiv 1"},"content":{"rendered":"\n<style type=\"text\/css\" data-created_by=\"avia_inline_auto\" id=\"style-css-av-zms2p-bf23314c8af3e471b46da2224ebc2aa5\">\n.flex_column.av-zms2p-bf23314c8af3e471b46da2224ebc2aa5{\nborder-radius:0px 0px 0px 0px;\npadding:0px 0px 0px 0px;\n}\n<\/style>\n<div  class='flex_column av-zms2p-bf23314c8af3e471b46da2224ebc2aa5 av_one_full  avia-builder-el-0  el_before_av_one_full  avia-builder-el-first  first flex_column_div av-zero-column-padding  '     ><p>\n<style type=\"text\/css\" data-created_by=\"avia_inline_auto\" id=\"style-css-av-kanw1dmf-21a8448089f07d884dd85496edaadc89\">\n.avia-image-container.av-kanw1dmf-21a8448089f07d884dd85496edaadc89 img.avia_image{\nbox-shadow:none;\n}\n.avia-image-container.av-kanw1dmf-21a8448089f07d884dd85496edaadc89 .av-image-caption-overlay-center{\ncolor:#ffffff;\n}\n<\/style>\n<div  class='avia-image-container av-kanw1dmf-21a8448089f07d884dd85496edaadc89 av-styling- avia-align-center  avia-builder-el-1  el_before_av_hr  avia-builder-el-first '   itemprop=\"image\" itemscope=\"itemscope\" itemtype=\"https:\/\/schema.org\/ImageObject\" ><div class=\"avia-image-container-inner\"><div class=\"avia-image-overlay-wrap\"><img fetchpriority=\"high\" class='wp-image-379 avia-img-lazy-loading-not-379 avia_image ' src='https:\/\/vydavatelstvoklett.sk\/direkt\/wp-content\/uploads\/2020\/05\/1280px-Kahoot_Logo.svg_-300x102.png' alt='' title='1280px-Kahoot_Logo.svg_-300x102'  height=\"102\" width=\"300\"  itemprop=\"thumbnailUrl\"  \/><\/div><\/div><\/div><br \/>\n\n<style type=\"text\/css\" data-created_by=\"avia_inline_auto\" id=\"style-css-av-kanvziv6-dacc319fdf6aeb0b76515e062f95131b\">\n#top .hr.hr-invisible.av-kanvziv6-dacc319fdf6aeb0b76515e062f95131b{\nheight:50px;\n}\n<\/style>\n<div  class='hr av-kanvziv6-dacc319fdf6aeb0b76515e062f95131b hr-invisible  avia-builder-el-2  el_after_av_image  el_before_av_textblock '><span class='hr-inner '><span class=\"hr-inner-style\"><\/span><\/span><\/div><br \/>\n<section  class='av_textblock_section av-kanw2e8g-ff65c8d0a9b1ce0773ab6a4758a5a08b '   itemscope=\"itemscope\" itemtype=\"https:\/\/schema.org\/CreativeWork\" ><div class='avia_textblock'  itemprop=\"text\" ><h1 style=\"text-align: center;\">Z\u00e1bavn\u00e9 kv\u00edzy Kahoot! k 8. lekcii u\u010debnice Direkt interaktiv 1<\/h1>\n<\/div><\/section><br \/>\n\n<style type=\"text\/css\" data-created_by=\"avia_inline_auto\" id=\"style-css-av-kanvziv6-dacc319fdf6aeb0b76515e062f95131b\">\n#top .hr.hr-invisible.av-kanvziv6-dacc319fdf6aeb0b76515e062f95131b{\nheight:50px;\n}\n<\/style>\n<div  class='hr av-kanvziv6-dacc319fdf6aeb0b76515e062f95131b hr-invisible  avia-builder-el-4  el_after_av_textblock  el_before_av_image '><span class='hr-inner '><span class=\"hr-inner-style\"><\/span><\/span><\/div><br \/>\n\n<style type=\"text\/css\" data-created_by=\"avia_inline_auto\" id=\"style-css-av-kanw4di4-777aebecd93e0bc48510a89c7838e2f9\">\n.avia-image-container.av-kanw4di4-777aebecd93e0bc48510a89c7838e2f9 img.avia_image{\nbox-shadow:none;\n}\n.avia-image-container.av-kanw4di4-777aebecd93e0bc48510a89c7838e2f9 .av-image-caption-overlay-center{\ncolor:#ffffff;\n}\n<\/style>\n<div  class='avia-image-container av-kanw4di4-777aebecd93e0bc48510a89c7838e2f9 av-styling- avia-align-center  avia-builder-el-5  el_after_av_hr  avia-builder-el-last '   itemprop=\"image\" itemscope=\"itemscope\" itemtype=\"https:\/\/schema.org\/ImageObject\" ><div class=\"avia-image-container-inner\"><div class=\"avia-image-overlay-wrap\"><img fetchpriority=\"high\" class='wp-image-450 avia-img-lazy-loading-not-450 avia_image ' src='https:\/\/vydavatelstvoklett.sk\/direkt\/wp-content\/uploads\/2020\/10\/15.png' alt='' title='15'  height=\"600\" width=\"379\"  itemprop=\"thumbnailUrl\"  \/><\/div><\/div><\/div><\/p><\/div>\n\n<style type=\"text\/css\" data-created_by=\"avia_inline_auto\" id=\"style-css-av-iis5d-636068b71f63cc52e18405c8428c7b66\">\n.flex_column.av-iis5d-636068b71f63cc52e18405c8428c7b66{\nborder-radius:0px 0px 0px 0px;\npadding:0px 0px 0px 0px;\n}\n<\/style>\n<div  class='flex_column av-iis5d-636068b71f63cc52e18405c8428c7b66 av_one_full  avia-builder-el-6  el_after_av_one_full  el_before_av_one_full  first flex_column_div av-zero-column-padding  column-top-margin'     ><section  class='av_textblock_section av-kanw7lt1-c8c05dad08520599f2a10fc614effad1 '   itemscope=\"itemscope\" itemtype=\"https:\/\/schema.org\/CreativeWork\" ><div class='avia_textblock'  itemprop=\"text\" ><h1 style=\"text-align: center;\">Kahoot! \u2013 GRAMATIKA<\/h1>\n<h3 style=\"text-align: center;\"><a href=\"https:\/\/create.kahoot.it\/details\/8-lekce-direkt-interaktiv-1-gramatika-predlozky-in-auf\/398f991c-0282-42ce-bfa2-30d49cea4924\" target=\"_blank\" rel=\"noopener noreferrer\">Predlo\u017eky in + auf<\/a><\/h3>\n<h3 style=\"text-align: center;\"><a href=\"https:\/\/create.kahoot.it\/details\/8-lekce-direk-interaktiv-1-gramatika-radove-cislovky-a-datum\/c2a295bd-10d8-4b5c-9979-a7d32eb60bab\" target=\"_blank\" rel=\"noopener noreferrer\">Radov\u00e9 \u010d\u00edslovky a d\u00e1tum<\/a><\/h3>\n<h3 style=\"text-align: center;\"><a href=\"https:\/\/create.kahoot.it\/details\/8-lekce-direkt-interaktiv-1-gramatika-predlozky-s-3-padem\/337058dd-42c9-4a4f-9787-e21a31d3b533\" target=\"_blank\" rel=\"noopener noreferrer\">Predlo\u017eky s 3. p\u00e1dom<\/a><\/h3>\n<h3 style=\"text-align: center;\"><a href=\"https:\/\/create.kahoot.it\/details\/8-lekce-direkt-interaktiv-1-gramatika-predlozky-s-3-padem-sklonovani-clen-urc\/95535fff-8f6a-4dd2-aa87-4ed326ae44e2\" target=\"_blank\" rel=\"noopener noreferrer\">Predlo\u017eky s 3. p\u00e1dom + sklo\u0148ovanie \u010dlenu ur\u010dit\u00e9ho<\/a><\/h3>\n<h3 style=\"text-align: center;\"><a href=\"https:\/\/create.kahoot.it\/details\/8-lekce-direkt-interaktiv-1-gramatika-predlozky-s-3-padem-privl-zajmena\/7ea68c82-2bb9-4f13-83b3-803dee0ff0de\" target=\"_blank\" rel=\"noopener noreferrer\">Predlo\u017eky s 3. p\u00e1dom + privlast\u0148ovacie z\u00e1men\u00e1<\/a><\/h3>\n<\/div><\/section><\/div>\n\n<style type=\"text\/css\" data-created_by=\"avia_inline_auto\" id=\"style-css-av-e1x95-dc0bc18be845f5150f6a33485faecb70\">\n.flex_column.av-e1x95-dc0bc18be845f5150f6a33485faecb70{\nborder-radius:0px 0px 0px 0px;\npadding:0px 0px 0px 0px;\n}\n<\/style>\n<div  class='flex_column av-e1x95-dc0bc18be845f5150f6a33485faecb70 av_one_full  avia-builder-el-8  el_after_av_one_full  el_before_av_one_full  first flex_column_div av-zero-column-padding  column-top-margin'     ><section  class='av_textblock_section av-kanw8b7f-0e93d52634dd5814dfdad08ce42ed708 '   itemscope=\"itemscope\" itemtype=\"https:\/\/schema.org\/CreativeWork\" ><div class='avia_textblock'  itemprop=\"text\" ><h1 style=\"text-align: center;\">Kahoot! \u2013 SLOVN\u00c1 Z\u00c1SOBA<\/h1>\n<h3 class=\"kahoot-title__heading\" style=\"text-align: center;\" data-functional-selector=\"kahoot-title__heading\"><a href=\"https:\/\/create.kahoot.it\/details\/8-lekce-direkt-interaktiv-1-slovni-zasoba-in-der-stadt\/3c541279-9d4d-4056-b215-f8a580f44784\" target=\"_blank\" rel=\"noopener noreferrer\">In der Stadt<\/a><\/h3>\n<h3 class=\"kahoot-title__heading\" style=\"text-align: center;\" data-functional-selector=\"kahoot-title__heading\"><a href=\"https:\/\/create.kahoot.it\/details\/8-lekce-direkt-interaktiv-1-slovni-zasoba-im-geschaft-waren-und-verpackungen\/ae1063de-dffe-43b7-b7a4-97ff06968f3c\" target=\"_blank\" rel=\"noopener noreferrer\">Im Gesch\u00e4ft \/ Waren und Verpackungen<\/a><\/h3>\n<h3 class=\"kahoot-title__heading\" style=\"text-align: center;\" data-functional-selector=\"kahoot-title__heading\"><a href=\"https:\/\/create.kahoot.it\/details\/8-lekce-direkt-interaktiv-1-slovni-zasoba-monate\/5bcbc7ae-211b-4c5e-b34c-a3140d1a5e87\" target=\"_blank\" rel=\"noopener noreferrer\">Monate<\/a><\/h3>\n<h3 class=\"kahoot-title__heading\" style=\"text-align: center;\" data-functional-selector=\"kahoot-title__heading\"><a href=\"https:\/\/create.kahoot.it\/details\/8-lekce-direkt-interaktiv-1-slovni-zasoba-im-kaufhaus\/2af5e64f-7db7-448d-99eb-b664add47172\" target=\"_blank\" rel=\"noopener noreferrer\">Im Kaufhaus<\/a><\/h3>\n<h3 class=\"kahoot-title__heading\" style=\"text-align: center;\" data-functional-selector=\"kahoot-title__heading\"><a href=\"https:\/\/create.kahoot.it\/details\/8-lekce-direkt-interaktiv-1-slovni-zasoba-plane-am-samstag\/a006b169-6167-431e-ad1b-265fc83d7073\" target=\"_blank\" rel=\"noopener noreferrer\">Pl\u00e4ne am Samstag<\/a><\/h3>\n<\/div><\/section><\/div>\n\n<style type=\"text\/css\" data-created_by=\"avia_inline_auto\" id=\"style-css-av-8if5l-5a51c43fdf79ce225b42bdb72023a3c8\">\n.flex_column.av-8if5l-5a51c43fdf79ce225b42bdb72023a3c8{\nborder-radius:0px 0px 0px 0px;\npadding:0px 0px 0px 0px;\n}\n<\/style>\n<div  class='flex_column av-8if5l-5a51c43fdf79ce225b42bdb72023a3c8 av_one_full  avia-builder-el-10  el_after_av_one_full  el_before_av_one_full  first flex_column_div av-zero-column-padding  column-top-margin'     ><section  class='av_textblock_section av-kanwb04q-2c2a44c350a886747c53693b6b5027b4 '   itemscope=\"itemscope\" itemtype=\"https:\/\/schema.org\/CreativeWork\" ><div class='avia_textblock'  itemprop=\"text\" ><h1 style=\"text-align: center;\"><a href=\"https:\/\/create.kahoot.it\/details\/8-lekce-direkt-interaktiv-1-opakovani\/64762eed-3ae7-4d27-aa4e-74ae9f2fe6d9\" target=\"_blank\" rel=\"noopener noreferrer\">Kahoot! \u2013 OPAKOVANIE<\/a><\/h1>\n<\/div><\/section><\/div>\n\n<style type=\"text\/css\" data-created_by=\"avia_inline_auto\" id=\"style-css-av-8if5l-5a51c43fdf79ce225b42bdb72023a3c8\">\n.flex_column.av-8if5l-5a51c43fdf79ce225b42bdb72023a3c8{\nborder-radius:0px 0px 0px 0px;\npadding:0px 0px 0px 0px;\n}\n<\/style>\n<div  class='flex_column av-8if5l-5a51c43fdf79ce225b42bdb72023a3c8 av_one_full  avia-builder-el-12  el_after_av_one_full  el_before_av_one_half  first flex_column_div av-zero-column-padding  column-top-margin'     ><section  class='av_textblock_section av-kanwb04q-2c2a44c350a886747c53693b6b5027b4 '   itemscope=\"itemscope\" itemtype=\"https:\/\/schema.org\/CreativeWork\" ><div class='avia_textblock'  itemprop=\"text\" ><h1 style=\"text-align: center;\"><a href=\"https:\/\/create.kahoot.it\/details\/8-lekce-direkt-interaktiv-1-landeskunde-was-wissen-sie-schon-uber-salzburg\/1e04feb7-1b46-413d-8865-39d0c3059047\" target=\"_blank\" rel=\"noopener noreferrer\">KAHOOT! \u2013 RE\u00c1LIE<\/a><\/h1>\n<\/div><\/section><\/div>\n\n<style type=\"text\/css\" data-created_by=\"avia_inline_auto\" id=\"style-css-av-av_one_half-1e26125d131ba13f1accaa8241be1528\">\n.flex_column.av-av_one_half-1e26125d131ba13f1accaa8241be1528{\nborder-radius:0px 0px 0px 0px;\npadding:0px 0px 0px 0px;\n}\n<\/style>\n<div  class='flex_column av-av_one_half-1e26125d131ba13f1accaa8241be1528 av_one_half  avia-builder-el-14  el_after_av_one_full  el_before_av_one_half  first flex_column_div av-zero-column-padding  column-top-margin'     ><div  class='avia-button-wrap av-kzpcwvj7-a8892acbfdb10142f8db4bb81771e6e3-wrap avia-button-center  avia-builder-el-15  avia-builder-el-no-sibling '><a href='https:\/\/vydavatelstvoklett.sk\/direkt\/online-kvizy-kahoot\/'  class='avia-button av-kzpcwvj7-a8892acbfdb10142f8db4bb81771e6e3 av-link-btn avia-icon_select-no avia-size-x-large avia-position-center avia-color-theme-color'   aria-label=\"SP\u00c4\u0164 NA V\u00ddPIS KAHOOT!\"><span class='avia_iconbox_title' >SP\u00c4\u0164 NA V\u00ddPIS KAHOOT!<\/span><\/a><\/div><\/div>\n<style type=\"text\/css\" data-created_by=\"avia_inline_auto\" id=\"style-css-av-av_one_half-da852e3ef3e55b029d2629c41a20524d\">\n.flex_column.av-av_one_half-da852e3ef3e55b029d2629c41a20524d{\nborder-radius:0px 0px 0px 0px;\npadding:0px 0px 0px 0px;\n}\n<\/style>\n<div  class='flex_column av-av_one_half-da852e3ef3e55b029d2629c41a20524d av_one_half  avia-builder-el-16  el_after_av_one_half  avia-builder-el-last  flex_column_div av-zero-column-padding  column-top-margin'     ><div  class='avia-button-wrap av-kzpcwvj7-5a878fa2c27b6e0f37a7eae616116757-wrap avia-button-center  avia-builder-el-17  avia-builder-el-no-sibling '><a href='https:\/\/vydavatelstvoklett.sk\/direkt\/kahoot-k-9-lekcii-direkt-interaktiv-1\/'  class='avia-button av-kzpcwvj7-5a878fa2c27b6e0f37a7eae616116757 av-link-btn avia-icon_select-no avia-size-x-large avia-position-center avia-color-theme-color'   aria-label=\"PREJS\u0164 NA KAHOOT! K 9. LEKCII\"><span class='avia_iconbox_title' >PREJS\u0164 NA KAHOOT! K 9. LEKCII<\/span><\/a><\/div><\/div><\/p>\n","protected":false},"excerpt":{"rendered":"","protected":false},"author":3,"featured_media":0,"parent":0,"menu_order":0,"comment_status":"closed","ping_status":"closed","template":"","meta":{"_exactmetrics_skip_tracking":false,"_exactmetrics_sitenote_active":false,"_exactmetrics_sitenote_note":"","_exactmetrics_sitenote_category":0,"footnotes":""},"class_list":["post-456","page","type-page","status-publish","hentry"],"_links":{"self":[{"href":"https:\/\/vydavatelstvoklett.sk\/direkt\/wp-json\/wp\/v2\/pages\/456","targetHints":{"allow":["GET"]}}],"collection":[{"href":"https:\/\/vydavatelstvoklett.sk\/direkt\/wp-json\/wp\/v2\/pages"}],"about":[{"href":"https:\/\/vydavatelstvoklett.sk\/direkt\/wp-json\/wp\/v2\/types\/page"}],"author":[{"embeddable":true,"href":"https:\/\/vydavatelstvoklett.sk\/direkt\/wp-json\/wp\/v2\/users\/3"}],"replies":[{"embeddable":true,"href":"https:\/\/vydavatelstvoklett.sk\/direkt\/wp-json\/wp\/v2\/comments?post=456"}],"version-history":[{"count":4,"href":"https:\/\/vydavatelstvoklett.sk\/direkt\/wp-json\/wp\/v2\/pages\/456\/revisions"}],"predecessor-version":[{"id":592,"href":"https:\/\/vydavatelstvoklett.sk\/direkt\/wp-json\/wp\/v2\/pages\/456\/revisions\/592"}],"wp:attachment":[{"href":"https:\/\/vydavatelstvoklett.sk\/direkt\/wp-json\/wp\/v2\/media?parent=456"}],"curies":[{"name":"wp","href":"https:\/\/api.w.org\/{rel}","templated":true}]}}