{"id":503,"date":"2021-09-22T10:58:12","date_gmt":"2021-09-22T08:58:12","guid":{"rendered":"http:\/\/vydavatelstvoklett.sk\/direkt\/?page_id=503"},"modified":"2022-02-16T10:43:10","modified_gmt":"2022-02-16T09:43:10","slug":"kahoot-k-10-lekcii-direkt-interaktiv-1","status":"publish","type":"page","link":"https:\/\/vydavatelstvoklett.sk\/direkt\/kahoot-k-10-lekcii-direkt-interaktiv-1\/","title":{"rendered":"Kahoot! k 10. lekcii Direkt interaktiv 1"},"content":{"rendered":"\n<style type=\"text\/css\" data-created_by=\"avia_inline_auto\" id=\"style-css-av-zms2p-bf23314c8af3e471b46da2224ebc2aa5\">\n.flex_column.av-zms2p-bf23314c8af3e471b46da2224ebc2aa5{\nborder-radius:0px 0px 0px 0px;\npadding:0px 0px 0px 0px;\n}\n<\/style>\n<div  class='flex_column av-zms2p-bf23314c8af3e471b46da2224ebc2aa5 av_one_full  avia-builder-el-0  el_before_av_one_full  avia-builder-el-first  first flex_column_div av-zero-column-padding  '     ><p>\n<style type=\"text\/css\" data-created_by=\"avia_inline_auto\" id=\"style-css-av-kanw1dmf-21a8448089f07d884dd85496edaadc89\">\n.avia-image-container.av-kanw1dmf-21a8448089f07d884dd85496edaadc89 img.avia_image{\nbox-shadow:none;\n}\n.avia-image-container.av-kanw1dmf-21a8448089f07d884dd85496edaadc89 .av-image-caption-overlay-center{\ncolor:#ffffff;\n}\n<\/style>\n<div  class='avia-image-container av-kanw1dmf-21a8448089f07d884dd85496edaadc89 av-styling- avia-align-center  avia-builder-el-1  el_before_av_hr  avia-builder-el-first '   itemprop=\"image\" itemscope=\"itemscope\" itemtype=\"https:\/\/schema.org\/ImageObject\" ><div class=\"avia-image-container-inner\"><div class=\"avia-image-overlay-wrap\"><img fetchpriority=\"high\" class='wp-image-379 avia-img-lazy-loading-not-379 avia_image ' src='https:\/\/vydavatelstvoklett.sk\/direkt\/wp-content\/uploads\/2020\/05\/1280px-Kahoot_Logo.svg_-300x102.png' alt='' title='1280px-Kahoot_Logo.svg_-300x102'  height=\"102\" width=\"300\"  itemprop=\"thumbnailUrl\"  \/><\/div><\/div><\/div><br \/>\n\n<style type=\"text\/css\" data-created_by=\"avia_inline_auto\" id=\"style-css-av-kanvziv6-dacc319fdf6aeb0b76515e062f95131b\">\n#top .hr.hr-invisible.av-kanvziv6-dacc319fdf6aeb0b76515e062f95131b{\nheight:50px;\n}\n<\/style>\n<div  class='hr av-kanvziv6-dacc319fdf6aeb0b76515e062f95131b hr-invisible  avia-builder-el-2  el_after_av_image  el_before_av_textblock '><span class='hr-inner '><span class=\"hr-inner-style\"><\/span><\/span><\/div><br \/>\n<section  class='av_textblock_section av-kanw2e8g-ff65c8d0a9b1ce0773ab6a4758a5a08b '   itemscope=\"itemscope\" itemtype=\"https:\/\/schema.org\/CreativeWork\" ><div class='avia_textblock'  itemprop=\"text\" ><h1 style=\"text-align: center;\">Z\u00e1bavn\u00e9 kv\u00edzy Kahoot! k 10. lekcii u\u010debnice Direkt interaktiv 1<\/h1>\n<\/div><\/section><br \/>\n\n<style type=\"text\/css\" data-created_by=\"avia_inline_auto\" id=\"style-css-av-kanvziv6-dacc319fdf6aeb0b76515e062f95131b\">\n#top .hr.hr-invisible.av-kanvziv6-dacc319fdf6aeb0b76515e062f95131b{\nheight:50px;\n}\n<\/style>\n<div  class='hr av-kanvziv6-dacc319fdf6aeb0b76515e062f95131b hr-invisible  avia-builder-el-4  el_after_av_textblock  el_before_av_image '><span class='hr-inner '><span class=\"hr-inner-style\"><\/span><\/span><\/div><br \/>\n\n<style type=\"text\/css\" data-created_by=\"avia_inline_auto\" id=\"style-css-av-kanw4di4-a4586539c32fb62509c92b3bf8e8da82\">\n.avia-image-container.av-kanw4di4-a4586539c32fb62509c92b3bf8e8da82 img.avia_image{\nbox-shadow:none;\n}\n.avia-image-container.av-kanw4di4-a4586539c32fb62509c92b3bf8e8da82 .av-image-caption-overlay-center{\ncolor:#ffffff;\n}\n<\/style>\n<div  class='avia-image-container av-kanw4di4-a4586539c32fb62509c92b3bf8e8da82 av-styling- avia-align-center  avia-builder-el-5  el_after_av_hr  avia-builder-el-last '   itemprop=\"image\" itemscope=\"itemscope\" itemtype=\"https:\/\/schema.org\/ImageObject\" ><div class=\"avia-image-container-inner\"><div class=\"avia-image-overlay-wrap\"><img fetchpriority=\"high\" class='wp-image-452 avia-img-lazy-loading-not-452 avia_image ' src='https:\/\/vydavatelstvoklett.sk\/direkt\/wp-content\/uploads\/2020\/10\/19.png' alt='' title='19'  height=\"600\" width=\"379\"  itemprop=\"thumbnailUrl\"  \/><\/div><\/div><\/div><\/p><\/div>\n\n<style type=\"text\/css\" data-created_by=\"avia_inline_auto\" id=\"style-css-av-pih7b-fb4de9827a15e5db6cdbf661315ee1fb\">\n.flex_column.av-pih7b-fb4de9827a15e5db6cdbf661315ee1fb{\nborder-radius:0px 0px 0px 0px;\npadding:0px 0px 0px 0px;\n}\n<\/style>\n<div  class='flex_column av-pih7b-fb4de9827a15e5db6cdbf661315ee1fb av_one_full  avia-builder-el-6  el_after_av_one_full  el_before_av_one_full  first flex_column_div av-zero-column-padding  column-top-margin'     ><section  class='av_textblock_section av-ktv9v437-f8be920b5afa9da9b0d2a2d824d8ff22 '   itemscope=\"itemscope\" itemtype=\"https:\/\/schema.org\/CreativeWork\" ><div class='avia_textblock'  itemprop=\"text\" ><h1 style=\"text-align: center;\">KAHOOT! \u2013\u00a0GRAMMATIK<\/h1>\n<h3 style=\"text-align: center;\"><a href=\"https:\/\/create.kahoot.it\/details\/10-lekce-direkt-interaktiv-1-gramatika-war-hatte\/177a0bd5-9784-42db-a816-b63f79b9e967\" target=\"_blank\" rel=\"noopener noreferrer\">War\/hatte<\/a><\/h3>\n<h3 style=\"text-align: center;\"><a href=\"https:\/\/create.kahoot.it\/details\/10-lekce-direkt-interaktiv-1-gramatika-prislovecne-urceni-casu\/b2c978ca-5039-4d68-b319-e9a80a4a41ed\" target=\"_blank\" rel=\"noopener noreferrer\">Pr\u00edslove\u010dn\u00e9 ur\u010denie \u010dasu<\/a><\/h3>\n<h3 class=\"kahoot-title__heading\" style=\"text-align: center;\" data-functional-selector=\"kahoot-title__heading\"><a href=\"https:\/\/create.kahoot.it\/details\/10-lekce-direkt-interaktiv-1-gramatika-perfektum-pravidelnych-sloves-1\/7685397c-90af-40ed-9a1f-341cbb5d90ab\" target=\"_blank\" rel=\"noopener noreferrer\">Perfektum pravideln\u00fdch slovies 1<\/a><\/h3>\n<h3 class=\"kahoot-title__heading\" style=\"text-align: center;\" data-functional-selector=\"kahoot-title__heading\"><a href=\"https:\/\/create.kahoot.it\/details\/10-lekce-direkt-interaktiv-1-gramatika-perfektum-pravidelnych-sloves-2\/02a83160-af53-4ce2-bfc2-628c3e56fcd6\" target=\"_blank\" rel=\"noopener noreferrer\">Perfektum pravideln\u00fdch slovies 2<\/a><\/h3>\n<h3 class=\"kahoot-title__heading\" style=\"text-align: center;\" data-functional-selector=\"kahoot-title__heading\"><a href=\"https:\/\/create.kahoot.it\/details\/10-lekce-direkt-interaktiv-1-gramatika-perfektum-pravidelnych-sloves-3\/6e838a5d-9578-44ae-8828-875578b95e7e\" target=\"_blank\" rel=\"noopener noreferrer\">Perfektum pravideln\u00fdch slovies 3<\/a><\/h3>\n<h3 style=\"text-align: center;\"><a href=\"https:\/\/create.kahoot.it\/details\/10-lekce-direkt-interaktiv-1-gramatika-min-casy-haben-sein-nepravidelna-slovesa\/62d3bd01-2639-469b-9c00-556bd604a618\" target=\"_blank\" rel=\"noopener noreferrer\">Minul\u00e9 \u010dasy \u2013 haben\/sein \u2013 nepravideln\u00e9 sloves\u00e1<\/a><\/h3>\n<h3 style=\"text-align: center;\"><a href=\"https:\/\/create.kahoot.it\/details\/10-lekce-direkt-interaktiv-1-gramatika-min-casy-haben-sein-pravidelna-slovesa\/f64c260f-b051-4c18-8478-9c9a572e9428\" target=\"_blank\" rel=\"noopener noreferrer\">Minul\u00e9 \u010dasy \u2013 haben\/sein \u2013 pravideln\u00e9 sloves\u00e1<\/a><\/h3>\n<h3 style=\"text-align: center;\"><a href=\"https:\/\/create.kahoot.it\/details\/10-lekce-direkt-interaktiv-1-gramatika-min-casy-nepr-tvary-spa-in-osterreich-1-cast\/1efa62e5-39e6-4f5b-b969-c9b2fd63195e\" target=\"_blank\" rel=\"noopener noreferrer\">Minul\u00e9 \u010dasy \u2013 nepravideln\u00e9 tvary (Spa\u00df in \u00d6sterreich 1.\u010das\u0165)<\/a><\/h3>\n<h3 style=\"text-align: center;\"><a href=\"https:\/\/create.kahoot.it\/details\/10-lekce-direkt-interaktiv-1-gramatika-min-casy-nepr-tvary-spa-in-osterreich-2-cast\/a2a2f10f-f45c-4ae6-a640-46ab35da1ef6\" target=\"_blank\" rel=\"noopener noreferrer\">Minul\u00e9 \u010dasy \u2013 nepravideln\u00e9 tvary (Spa\u00df in \u00d6sterreich 2.\u010das\u0165)<\/a><\/h3>\n<\/div><\/section><\/div>\n\n<style type=\"text\/css\" data-created_by=\"avia_inline_auto\" id=\"style-css-av-jlx73-37a2783aff66354294dcdb0b81227a9d\">\n.flex_column.av-jlx73-37a2783aff66354294dcdb0b81227a9d{\nborder-radius:0px 0px 0px 0px;\npadding:0px 0px 0px 0px;\n}\n<\/style>\n<div  class='flex_column av-jlx73-37a2783aff66354294dcdb0b81227a9d av_one_full  avia-builder-el-8  el_after_av_one_full  el_before_av_one_full  first flex_column_div av-zero-column-padding  column-top-margin'     ><section  class='av_textblock_section av-ktv9wr8l-a3599ae6c4569f3bfdd1e5435d115369 '   itemscope=\"itemscope\" itemtype=\"https:\/\/schema.org\/CreativeWork\" ><div class='avia_textblock'  itemprop=\"text\" ><h1 style=\"text-align: center;\">KAHOOT! \u2013\u00a0WORTSCHATZ<\/h1>\n<h3 class=\"kahoot-title__heading\" style=\"text-align: center;\" data-functional-selector=\"kahoot-title__heading\"><a href=\"https:\/\/create.kahoot.it\/details\/10-lekce-direkt-interaktiv-1-slovni-zasoba-rakousko\/0d086d8f-8eae-4f64-9bfe-82ab31a3760c\" target=\"_blank\" rel=\"noopener noreferrer\">Rak\u00fasko<\/a><\/h3>\n<h3 class=\"kahoot-title__heading\" style=\"text-align: center;\" data-functional-selector=\"kahoot-title__heading\"><a href=\"https:\/\/create.kahoot.it\/details\/10-lekce-direkt-interaktiv-1-slovni-zasoba-winteraktivitaten\/546f9d23-c8ab-49a6-9001-a1ea05dd0ec2\" target=\"_blank\" rel=\"noopener noreferrer\">Sommeraktivit\u00e4ten<\/a><\/h3>\n<h3 class=\"kahoot-title__heading\" style=\"text-align: center;\" data-functional-selector=\"kahoot-title__heading\"><a href=\"https:\/\/create.kahoot.it\/details\/10-lekce-direkt-interaktiv-1-slovni-zasoba-sommeraktivitaten\/436f9777-9a40-435b-a9bc-03637299e71b\" target=\"_blank\" rel=\"noopener noreferrer\">Winteraktivit\u00e4ten<\/a><\/h3>\n<\/div><\/section><\/div>\n\n<style type=\"text\/css\" data-created_by=\"avia_inline_auto\" id=\"style-css-av-gkixb-3618c01cfb1e6284ecdc850922370220\">\n.flex_column.av-gkixb-3618c01cfb1e6284ecdc850922370220{\nborder-radius:0px 0px 0px 0px;\npadding:0px 0px 0px 0px;\n}\n<\/style>\n<div  class='flex_column av-gkixb-3618c01cfb1e6284ecdc850922370220 av_one_full  avia-builder-el-10  el_after_av_one_full  el_before_av_one_full  first flex_column_div av-zero-column-padding  column-top-margin'     ><section  class='av_textblock_section av-ktv9x3rh-78ec9335f0f4661d8bb7917bdd65fe13 '   itemscope=\"itemscope\" itemtype=\"https:\/\/schema.org\/CreativeWork\" ><div class='avia_textblock'  itemprop=\"text\" ><h1 style=\"text-align: center;\"><a href=\"https:\/\/create.kahoot.it\/details\/10-lekce-direkt-interaktiv-1-opakovani\/7b9f189b-8d66-4852-b2fb-3a5ca9952bba\">KAHOOT! \u2013 WIEDERHOLUNG<\/a><\/h1>\n<\/div><\/section><\/div>\n\n<style type=\"text\/css\" data-created_by=\"avia_inline_auto\" id=\"style-css-av-y40f-03f5992365502845866550e190b495a2\">\n.flex_column.av-y40f-03f5992365502845866550e190b495a2{\nborder-radius:0px 0px 0px 0px;\npadding:0px 0px 0px 0px;\n}\n<\/style>\n<div  class='flex_column av-y40f-03f5992365502845866550e190b495a2 av_one_full  avia-builder-el-12  el_after_av_one_full  el_before_av_one_half  first flex_column_div av-zero-column-padding  column-top-margin'     ><section  class='av_textblock_section av-ktv9xh36-7da362d05d0671c9051d532cbc36a6b6 '   itemscope=\"itemscope\" itemtype=\"https:\/\/schema.org\/CreativeWork\" ><div class='avia_textblock'  itemprop=\"text\" ><h1 style=\"text-align: center;\">KAHOOT! \u2013 LANDESKUNDE<\/h1>\n<h3 style=\"text-align: center;\"><a href=\"https:\/\/create.kahoot.it\/details\/4c5a4d70-d5bb-4771-b3df-41cf9c22208c\" target=\"_blank\" rel=\"noopener noreferrer\">Quiz \u2013 \u00d6sterreich (Hauptst\u00e4dte und Bundesl\u00e4nder)<\/a><\/h3>\n<h3 style=\"text-align: center;\"><a href=\"https:\/\/create.kahoot.it\/details\/4c5a4d70-d5bb-4771-b3df-41cf9c22208c\" target=\"_blank\" rel=\"noopener noreferrer\">Was wissen Sie \u00fcber Wien? 1<\/a><\/h3>\n<h3 style=\"text-align: center;\"><a href=\"https:\/\/create.kahoot.it\/details\/7e5099d2-ffcc-4987-98fb-ce877c45c420\" target=\"_blank\" rel=\"noopener noreferrer\">Was wissen Sie \u00fcber Wien? 2<\/a><\/h3>\n<\/div><\/section><\/div>\n\n<style type=\"text\/css\" data-created_by=\"avia_inline_auto\" id=\"style-css-av-av_one_half-1e26125d131ba13f1accaa8241be1528\">\n.flex_column.av-av_one_half-1e26125d131ba13f1accaa8241be1528{\nborder-radius:0px 0px 0px 0px;\npadding:0px 0px 0px 0px;\n}\n<\/style>\n<div  class='flex_column av-av_one_half-1e26125d131ba13f1accaa8241be1528 av_one_half  avia-builder-el-14  el_after_av_one_full  el_before_av_one_half  first flex_column_div av-zero-column-padding  column-top-margin'     ><div  class='avia-button-wrap av-kzpcwvj7-a8892acbfdb10142f8db4bb81771e6e3-wrap avia-button-center  avia-builder-el-15  avia-builder-el-no-sibling '><a href='https:\/\/vydavatelstvoklett.sk\/direkt\/online-kvizy-kahoot\/'  class='avia-button av-kzpcwvj7-a8892acbfdb10142f8db4bb81771e6e3 av-link-btn avia-icon_select-no avia-size-x-large avia-position-center avia-color-theme-color'   aria-label=\"SP\u00c4\u0164 NA V\u00ddPIS KAHOOT!\"><span class='avia_iconbox_title' >SP\u00c4\u0164 NA V\u00ddPIS KAHOOT!<\/span><\/a><\/div><\/div>\n<style type=\"text\/css\" data-created_by=\"avia_inline_auto\" id=\"style-css-av-av_one_half-da852e3ef3e55b029d2629c41a20524d\">\n.flex_column.av-av_one_half-da852e3ef3e55b029d2629c41a20524d{\nborder-radius:0px 0px 0px 0px;\npadding:0px 0px 0px 0px;\n}\n<\/style>\n<div  class='flex_column av-av_one_half-da852e3ef3e55b029d2629c41a20524d av_one_half  avia-builder-el-16  el_after_av_one_half  avia-builder-el-last  flex_column_div av-zero-column-padding  column-top-margin'     ><div  class='avia-button-wrap av-kzpcwvj7-ad7f969d85390245ae48c3420420ad47-wrap avia-button-center  avia-builder-el-17  avia-builder-el-no-sibling '><a href='https:\/\/vydavatelstvoklett.sk\/direkt\/kahoot-k-11-lekcii-direkt-interaktiv-2\/'  class='avia-button av-kzpcwvj7-ad7f969d85390245ae48c3420420ad47 av-link-btn avia-icon_select-no avia-size-x-large avia-position-center avia-color-theme-color'   aria-label=\"PREJS\u0164 NA KAHOOT! K 11. LEKCII\"><span class='avia_iconbox_title' >PREJS\u0164 NA KAHOOT! K 11. LEKCII<\/span><\/a><\/div><\/div><\/p>\n","protected":false},"excerpt":{"rendered":"","protected":false},"author":3,"featured_media":0,"parent":0,"menu_order":0,"comment_status":"closed","ping_status":"closed","template":"","meta":{"_exactmetrics_skip_tracking":false,"_exactmetrics_sitenote_active":false,"_exactmetrics_sitenote_note":"","_exactmetrics_sitenote_category":0,"footnotes":""},"class_list":["post-503","page","type-page","status-publish","hentry"],"_links":{"self":[{"href":"https:\/\/vydavatelstvoklett.sk\/direkt\/wp-json\/wp\/v2\/pages\/503","targetHints":{"allow":["GET"]}}],"collection":[{"href":"https:\/\/vydavatelstvoklett.sk\/direkt\/wp-json\/wp\/v2\/pages"}],"about":[{"href":"https:\/\/vydavatelstvoklett.sk\/direkt\/wp-json\/wp\/v2\/types\/page"}],"author":[{"embeddable":true,"href":"https:\/\/vydavatelstvoklett.sk\/direkt\/wp-json\/wp\/v2\/users\/3"}],"replies":[{"embeddable":true,"href":"https:\/\/vydavatelstvoklett.sk\/direkt\/wp-json\/wp\/v2\/comments?post=503"}],"version-history":[{"count":5,"href":"https:\/\/vydavatelstvoklett.sk\/direkt\/wp-json\/wp\/v2\/pages\/503\/revisions"}],"predecessor-version":[{"id":596,"href":"https:\/\/vydavatelstvoklett.sk\/direkt\/wp-json\/wp\/v2\/pages\/503\/revisions\/596"}],"wp:attachment":[{"href":"https:\/\/vydavatelstvoklett.sk\/direkt\/wp-json\/wp\/v2\/media?parent=503"}],"curies":[{"name":"wp","href":"https:\/\/api.w.org\/{rel}","templated":true}]}}