{"id":558,"date":"2022-01-31T16:21:33","date_gmt":"2022-01-31T15:21:33","guid":{"rendered":"http:\/\/vydavatelstvoklett.sk\/direkt\/?page_id=558"},"modified":"2023-03-16T10:58:16","modified_gmt":"2023-03-16T09:58:16","slug":"kahoot-k-15-lekcii-direkt-interaktiv-2","status":"publish","type":"page","link":"https:\/\/vydavatelstvoklett.sk\/direkt\/kahoot-k-15-lekcii-direkt-interaktiv-2\/","title":{"rendered":"Kahoot! k 15. lekcii Direkt interaktiv 2"},"content":{"rendered":"\n<style type=\"text\/css\" data-created_by=\"avia_inline_auto\" id=\"style-css-av-zms2p-bf23314c8af3e471b46da2224ebc2aa5\">\n.flex_column.av-zms2p-bf23314c8af3e471b46da2224ebc2aa5{\nborder-radius:0px 0px 0px 0px;\npadding:0px 0px 0px 0px;\n}\n<\/style>\n<div  class='flex_column av-zms2p-bf23314c8af3e471b46da2224ebc2aa5 av_one_full  avia-builder-el-0  el_before_av_one_full  avia-builder-el-first  first flex_column_div av-zero-column-padding  '     ><p>\n<style type=\"text\/css\" data-created_by=\"avia_inline_auto\" id=\"style-css-av-kanw1dmf-21a8448089f07d884dd85496edaadc89\">\n.avia-image-container.av-kanw1dmf-21a8448089f07d884dd85496edaadc89 img.avia_image{\nbox-shadow:none;\n}\n.avia-image-container.av-kanw1dmf-21a8448089f07d884dd85496edaadc89 .av-image-caption-overlay-center{\ncolor:#ffffff;\n}\n<\/style>\n<div  class='avia-image-container av-kanw1dmf-21a8448089f07d884dd85496edaadc89 av-styling- avia-align-center  avia-builder-el-1  el_before_av_hr  avia-builder-el-first '   itemprop=\"image\" itemscope=\"itemscope\" itemtype=\"https:\/\/schema.org\/ImageObject\" ><div class=\"avia-image-container-inner\"><div class=\"avia-image-overlay-wrap\"><img fetchpriority=\"high\" class='wp-image-379 avia-img-lazy-loading-not-379 avia_image ' src='https:\/\/vydavatelstvoklett.sk\/direkt\/wp-content\/uploads\/2020\/05\/1280px-Kahoot_Logo.svg_-300x102.png' alt='' title='1280px-Kahoot_Logo.svg_-300x102'  height=\"102\" width=\"300\"  itemprop=\"thumbnailUrl\"  \/><\/div><\/div><\/div><br \/>\n\n<style type=\"text\/css\" data-created_by=\"avia_inline_auto\" id=\"style-css-av-kanvziv6-dacc319fdf6aeb0b76515e062f95131b\">\n#top .hr.hr-invisible.av-kanvziv6-dacc319fdf6aeb0b76515e062f95131b{\nheight:50px;\n}\n<\/style>\n<div  class='hr av-kanvziv6-dacc319fdf6aeb0b76515e062f95131b hr-invisible  avia-builder-el-2  el_after_av_image  el_before_av_textblock '><span class='hr-inner '><span class=\"hr-inner-style\"><\/span><\/span><\/div><br \/>\n<section  class='av_textblock_section av-kanw2e8g-ff65c8d0a9b1ce0773ab6a4758a5a08b '   itemscope=\"itemscope\" itemtype=\"https:\/\/schema.org\/CreativeWork\" ><div class='avia_textblock'  itemprop=\"text\" ><h1 style=\"text-align: center;\">Z\u00e1bavn\u00e9 kv\u00edzy Kahoot! k 15. lekcii u\u010debnice Direkt interaktiv 2<\/h1>\n<\/div><\/section><br \/>\n\n<style type=\"text\/css\" data-created_by=\"avia_inline_auto\" id=\"style-css-av-kanvziv6-dacc319fdf6aeb0b76515e062f95131b\">\n#top .hr.hr-invisible.av-kanvziv6-dacc319fdf6aeb0b76515e062f95131b{\nheight:50px;\n}\n<\/style>\n<div  class='hr av-kanvziv6-dacc319fdf6aeb0b76515e062f95131b hr-invisible  avia-builder-el-4  el_after_av_textblock  el_before_av_image '><span class='hr-inner '><span class=\"hr-inner-style\"><\/span><\/span><\/div><br \/>\n\n<style type=\"text\/css\" data-created_by=\"avia_inline_auto\" id=\"style-css-av-kanw4di4-ea6d001a33dff9aa299bd91c69f74d3b\">\n.avia-image-container.av-kanw4di4-ea6d001a33dff9aa299bd91c69f74d3b img.avia_image{\nbox-shadow:none;\n}\n.avia-image-container.av-kanw4di4-ea6d001a33dff9aa299bd91c69f74d3b .av-image-caption-overlay-center{\ncolor:#ffffff;\n}\n<\/style>\n<div  class='avia-image-container av-kanw4di4-ea6d001a33dff9aa299bd91c69f74d3b av-styling- avia-align-center  avia-builder-el-5  el_after_av_hr  avia-builder-el-last '   itemprop=\"image\" itemscope=\"itemscope\" itemtype=\"https:\/\/schema.org\/ImageObject\" ><div class=\"avia-image-container-inner\"><div class=\"avia-image-overlay-wrap\"><img fetchpriority=\"high\" class='wp-image-560 avia-img-lazy-loading-not-560 avia_image ' src='https:\/\/vydavatelstvoklett.sk\/direkt\/wp-content\/uploads\/2022\/01\/Kahoot-15.png' alt='' title='Kahoot-15'  height=\"600\" width=\"379\"  itemprop=\"thumbnailUrl\"  \/><\/div><\/div><\/div><\/p><\/div>\n\n<style type=\"text\/css\" data-created_by=\"avia_inline_auto\" id=\"style-css-av-iis5d-636068b71f63cc52e18405c8428c7b66\">\n.flex_column.av-iis5d-636068b71f63cc52e18405c8428c7b66{\nborder-radius:0px 0px 0px 0px;\npadding:0px 0px 0px 0px;\n}\n<\/style>\n<div  class='flex_column av-iis5d-636068b71f63cc52e18405c8428c7b66 av_one_full  avia-builder-el-6  el_after_av_one_full  el_before_av_one_full  first flex_column_div av-zero-column-padding  column-top-margin'     ><section  class='av_textblock_section av-kanw7lt1-c8c05dad08520599f2a10fc614effad1 '   itemscope=\"itemscope\" itemtype=\"https:\/\/schema.org\/CreativeWork\" ><div class='avia_textblock'  itemprop=\"text\" ><h1 style=\"text-align: center;\">KAHOOT! \u2013 GRAMMATIK<\/h1>\n<h3 style=\"text-align: center;\"><a href=\"https:\/\/create.kahoot.it\/details\/7644f076-60b5-478e-9415-91b9d6ee6a33\" target=\"_blank\" rel=\"noopener\">Ved\u013eaj\u0161ia veta so spojkou wenn<\/a><\/h3>\n<h3 style=\"text-align: center;\"><a href=\"https:\/\/create.kahoot.it\/details\/51367290-73cb-4046-b3ef-c784a5e3817e\" target=\"_blank\" rel=\"noopener\">Ved\u013eaj\u0161ia veta so spojkou als<\/a><\/h3>\n<h3 class=\"kahoot-title__heading\" style=\"text-align: center;\" data-functional-selector=\"kahoot-title__heading\"><a href=\"https:\/\/create.kahoot.it\/details\/3dffd89a-ca46-4411-91ae-a479a195e384\" target=\"_blank\" rel=\"noopener\">Minul\u00e9 \u010dasy \u2013 Sportarten 1<\/a><\/h3>\n<h3 class=\"kahoot-title__heading\" style=\"text-align: center;\" data-functional-selector=\"kahoot-title__heading\"><a href=\"https:\/\/create.kahoot.it\/details\/5bc47541-38cc-4317-a6ea-871a289d8d62\">Minul\u00e9 \u010dasy \u2013 Sportarten 2<\/a><\/h3>\n<h3 class=\"kahoot-title__heading\" style=\"text-align: center;\" data-functional-selector=\"kahoot-title__heading\"><a href=\"https:\/\/create.kahoot.it\/details\/a0af7fee-bd28-47fe-a4df-d10db19bbe50\" target=\"_blank\" rel=\"noopener\">Obwohl<\/a><\/h3>\n<h3 class=\"kahoot-title__heading\" style=\"text-align: center;\" data-functional-selector=\"kahoot-title__heading\"><a href=\"https:\/\/create.kahoot.it\/details\/a6a98ce7-8085-4307-8c26-dcb791669f09\" target=\"_blank\" rel=\"noopener\">Obwohl x trotzdem<\/a><\/h3>\n<h3 class=\"kahoot-title__heading\" style=\"text-align: center;\" data-functional-selector=\"kahoot-title__heading\"><a href=\"https:\/\/create.kahoot.it\/details\/8cd15d72-cf16-4268-88e9-5e644d97809b\" target=\"_blank\" rel=\"noopener\">Stup\u0148ovanie pr\u00eddavn\u00fdch mien \u2013 superlativ<\/a><\/h3>\n<\/div><\/section><\/div>\n\n<style type=\"text\/css\" data-created_by=\"avia_inline_auto\" id=\"style-css-av-8if5l-5a51c43fdf79ce225b42bdb72023a3c8\">\n.flex_column.av-8if5l-5a51c43fdf79ce225b42bdb72023a3c8{\nborder-radius:0px 0px 0px 0px;\npadding:0px 0px 0px 0px;\n}\n<\/style>\n<div  class='flex_column av-8if5l-5a51c43fdf79ce225b42bdb72023a3c8 av_one_full  avia-builder-el-8  el_after_av_one_full  el_before_av_one_full  first flex_column_div av-zero-column-padding  column-top-margin'     ><section  class='av_textblock_section av-kanwb04q-2c2a44c350a886747c53693b6b5027b4 '   itemscope=\"itemscope\" itemtype=\"https:\/\/schema.org\/CreativeWork\" ><div class='avia_textblock'  itemprop=\"text\" ><h1 style=\"text-align: center;\">KAHOOT! \u2013 WORTSCHATZ<\/h1>\n<h3 class=\"kahoot-title__heading\" style=\"text-align: center;\" data-functional-selector=\"kahoot-title__heading\"><a href=\"https:\/\/create.kahoot.it\/details\/98f44f8f-6a90-405f-b44a-a76fb0a39bbe\" target=\"_blank\" rel=\"noopener\">Slovn\u00e1 z\u00e1soba \u2013 Sportausr\u00fcstung<\/a><\/h3>\n<h3 class=\"kahoot-title__heading\" style=\"text-align: center;\" data-functional-selector=\"kahoot-title__heading\"><a href=\"https:\/\/create.kahoot.it\/details\/5e5fc0bf-dec2-4529-85df-cd22c91d4e51\" target=\"_blank\" rel=\"noopener\">Slovn\u00e1 z\u00e1soba \u2013 Fu\u00dfball 1<\/a><\/h3>\n<h3 class=\"kahoot-title__heading\" style=\"text-align: center;\" data-functional-selector=\"kahoot-title__heading\"><a href=\"https:\/\/create.kahoot.it\/details\/22e7e525-4373-4689-80b9-5eb05d8c4d5b\" target=\"_blank\" rel=\"noopener\">Slovn\u00e1 z\u00e1soba \u2013 Fu\u00dfball 2<\/a><\/h3>\n<h3 class=\"kahoot-title__heading\" style=\"text-align: center;\" data-functional-selector=\"kahoot-title__heading\"><a href=\"https:\/\/create.kahoot.it\/details\/3de309f5-be9c-4f2e-ac9c-ac8573cbb2d7\" target=\"_blank\" rel=\"noopener\">Slovn\u00e1 z\u00e1soba \u2013 Sport 1<\/a><\/h3>\n<h3 class=\"kahoot-title__heading\" style=\"text-align: center;\" data-functional-selector=\"kahoot-title__heading\"><a href=\"https:\/\/create.kahoot.it\/details\/423949aa-7354-433c-af26-69bb8d4e174e\" target=\"_blank\" rel=\"noopener\">Slovn\u00e1 z\u00e1soba \u2013 Sport 2<\/a><\/h3>\n<h3 class=\"kahoot-title__heading\" style=\"text-align: center;\" data-functional-selector=\"kahoot-title__heading\"><a href=\"https:\/\/create.kahoot.it\/details\/9ac0a9d9-0863-4915-99eb-a311d794820f\" target=\"_blank\" rel=\"noopener\">Slovn\u00e1 z\u00e1soba \u2013 Sport 3<\/a><\/h3>\n<\/div><\/section><\/div>\n\n<style type=\"text\/css\" data-created_by=\"avia_inline_auto\" id=\"style-css-av-e1x95-dc0bc18be845f5150f6a33485faecb70\">\n.flex_column.av-e1x95-dc0bc18be845f5150f6a33485faecb70{\nborder-radius:0px 0px 0px 0px;\npadding:0px 0px 0px 0px;\n}\n<\/style>\n<div  class='flex_column av-e1x95-dc0bc18be845f5150f6a33485faecb70 av_one_full  avia-builder-el-10  el_after_av_one_full  el_before_av_one_half  first flex_column_div av-zero-column-padding  column-top-margin'     ><section  class='av_textblock_section av-kanw8b7f-0e93d52634dd5814dfdad08ce42ed708 '   itemscope=\"itemscope\" itemtype=\"https:\/\/schema.org\/CreativeWork\" ><div class='avia_textblock'  itemprop=\"text\" ><h1 style=\"text-align: center;\"><a href=\"https:\/\/create.kahoot.it\/details\/b3bebb90-8f19-4462-8342-8d235e734504\" target=\"_blank\" rel=\"noopener\">KAHOOT! \u2013 WIEDERHOLUNG<\/a><\/h1>\n<\/div><\/section><\/div>\n<div  class='flex_column av-av_one_half-7714eba142aeda1f8b5272a3c372b279 av_one_half  avia-builder-el-12  el_after_av_one_full  el_before_av_one_half  first flex_column_div  column-top-margin'     ><div  class='avia-button-wrap av-kzpcwvj7-a8892acbfdb10142f8db4bb81771e6e3-wrap avia-button-center  avia-builder-el-13  avia-builder-el-no-sibling '><a href='https:\/\/vydavatelstvoklett.sk\/direkt\/online-kvizy-kahoot\/'  class='avia-button av-kzpcwvj7-a8892acbfdb10142f8db4bb81771e6e3 av-link-btn avia-icon_select-no avia-size-x-large avia-position-center avia-color-theme-color'   aria-label=\"SP\u00c4\u0164 NA V\u00ddPIS KAHOOT!\"><span class='avia_iconbox_title' >SP\u00c4\u0164 NA V\u00ddPIS KAHOOT!<\/span><\/a><\/div><\/div><div  class='flex_column av-av_one_half-f1c518e9ff58e869f80c8f093487abc9 av_one_half  avia-builder-el-14  el_after_av_one_half  avia-builder-el-last  flex_column_div  column-top-margin'     ><div  class='avia-button-wrap av-kzpcwvj7-016f63230cd5811ac193fb4cdcf420fc-wrap avia-button-center  avia-builder-el-15  avia-builder-el-no-sibling '><a href='https:\/\/vydavatelstvoklett.sk\/direkt\/kahoot-k-16-lekcii-direkt-interaktiv-2\/'  class='avia-button av-kzpcwvj7-016f63230cd5811ac193fb4cdcf420fc av-link-btn avia-icon_select-no avia-size-x-large avia-position-center avia-color-theme-color'   aria-label=\"PREJS\u0164 NA KAHOOT! K 16. LEKCII\"><span class='avia_iconbox_title' >PREJS\u0164 NA KAHOOT! K 16. LEKCII<\/span><\/a><\/div><\/div><\/p>\n","protected":false},"excerpt":{"rendered":"","protected":false},"author":3,"featured_media":0,"parent":0,"menu_order":0,"comment_status":"closed","ping_status":"closed","template":"","meta":{"_exactmetrics_skip_tracking":false,"_exactmetrics_sitenote_active":false,"_exactmetrics_sitenote_note":"","_exactmetrics_sitenote_category":0,"footnotes":""},"class_list":["post-558","page","type-page","status-publish","hentry"],"_links":{"self":[{"href":"https:\/\/vydavatelstvoklett.sk\/direkt\/wp-json\/wp\/v2\/pages\/558","targetHints":{"allow":["GET"]}}],"collection":[{"href":"https:\/\/vydavatelstvoklett.sk\/direkt\/wp-json\/wp\/v2\/pages"}],"about":[{"href":"https:\/\/vydavatelstvoklett.sk\/direkt\/wp-json\/wp\/v2\/types\/page"}],"author":[{"embeddable":true,"href":"https:\/\/vydavatelstvoklett.sk\/direkt\/wp-json\/wp\/v2\/users\/3"}],"replies":[{"embeddable":true,"href":"https:\/\/vydavatelstvoklett.sk\/direkt\/wp-json\/wp\/v2\/comments?post=558"}],"version-history":[{"count":5,"href":"https:\/\/vydavatelstvoklett.sk\/direkt\/wp-json\/wp\/v2\/pages\/558\/revisions"}],"predecessor-version":[{"id":614,"href":"https:\/\/vydavatelstvoklett.sk\/direkt\/wp-json\/wp\/v2\/pages\/558\/revisions\/614"}],"wp:attachment":[{"href":"https:\/\/vydavatelstvoklett.sk\/direkt\/wp-json\/wp\/v2\/media?parent=558"}],"curies":[{"name":"wp","href":"https:\/\/api.w.org\/{rel}","templated":true}]}}