{"id":615,"date":"2023-03-16T10:57:49","date_gmt":"2023-03-16T09:57:49","guid":{"rendered":"https:\/\/vydavatelstvoklett.sk\/direkt\/?page_id=615"},"modified":"2023-03-16T11:05:17","modified_gmt":"2023-03-16T10:05:17","slug":"kahoot-k-16-lekcii-direkt-interaktiv-2","status":"publish","type":"page","link":"https:\/\/vydavatelstvoklett.sk\/direkt\/kahoot-k-16-lekcii-direkt-interaktiv-2\/","title":{"rendered":"Kahoot! k 16. lekcii Direkt interaktiv 2"},"content":{"rendered":"\n<style type=\"text\/css\" data-created_by=\"avia_inline_auto\" id=\"style-css-av-zms2p-bf23314c8af3e471b46da2224ebc2aa5\">\n.flex_column.av-zms2p-bf23314c8af3e471b46da2224ebc2aa5{\nborder-radius:0px 0px 0px 0px;\npadding:0px 0px 0px 0px;\n}\n<\/style>\n<div  class='flex_column av-zms2p-bf23314c8af3e471b46da2224ebc2aa5 av_one_full  avia-builder-el-0  el_before_av_one_full  avia-builder-el-first  first flex_column_div av-zero-column-padding  '     ><p>\n<style type=\"text\/css\" data-created_by=\"avia_inline_auto\" id=\"style-css-av-kanw1dmf-21a8448089f07d884dd85496edaadc89\">\n.avia-image-container.av-kanw1dmf-21a8448089f07d884dd85496edaadc89 img.avia_image{\nbox-shadow:none;\n}\n.avia-image-container.av-kanw1dmf-21a8448089f07d884dd85496edaadc89 .av-image-caption-overlay-center{\ncolor:#ffffff;\n}\n<\/style>\n<div  class='avia-image-container av-kanw1dmf-21a8448089f07d884dd85496edaadc89 av-styling- avia-align-center  avia-builder-el-1  el_before_av_hr  avia-builder-el-first '   itemprop=\"image\" itemscope=\"itemscope\" itemtype=\"https:\/\/schema.org\/ImageObject\" ><div class=\"avia-image-container-inner\"><div class=\"avia-image-overlay-wrap\"><img fetchpriority=\"high\" class='wp-image-379 avia-img-lazy-loading-not-379 avia_image ' src='https:\/\/vydavatelstvoklett.sk\/direkt\/wp-content\/uploads\/2020\/05\/1280px-Kahoot_Logo.svg_-300x102.png' alt='' title='1280px-Kahoot_Logo.svg_-300x102'  height=\"102\" width=\"300\"  itemprop=\"thumbnailUrl\"  \/><\/div><\/div><\/div><br \/>\n\n<style type=\"text\/css\" data-created_by=\"avia_inline_auto\" id=\"style-css-av-kanvziv6-dacc319fdf6aeb0b76515e062f95131b\">\n#top .hr.hr-invisible.av-kanvziv6-dacc319fdf6aeb0b76515e062f95131b{\nheight:50px;\n}\n<\/style>\n<div  class='hr av-kanvziv6-dacc319fdf6aeb0b76515e062f95131b hr-invisible  avia-builder-el-2  el_after_av_image  el_before_av_textblock '><span class='hr-inner '><span class=\"hr-inner-style\"><\/span><\/span><\/div><br \/>\n<section  class='av_textblock_section av-kanw2e8g-7bff1c7e67587659df1757df92cefc03 '   itemscope=\"itemscope\" itemtype=\"https:\/\/schema.org\/CreativeWork\" ><div class='avia_textblock'  itemprop=\"text\" ><h1 style=\"text-align: center;\">Z\u00e1bavn\u00e9 kv\u00edzy Kahoot! k 16. lekcii u\u010debnice Direkt interaktiv 2<\/h1>\n<\/div><\/section><br \/>\n\n<style type=\"text\/css\" data-created_by=\"avia_inline_auto\" id=\"style-css-av-kanvziv6-3-c5d3d0faf83f20a9c563252d6d1c76e4\">\n#top .hr.hr-invisible.av-kanvziv6-3-c5d3d0faf83f20a9c563252d6d1c76e4{\nheight:50px;\n}\n<\/style>\n<div  class='hr av-kanvziv6-3-c5d3d0faf83f20a9c563252d6d1c76e4 hr-invisible  avia-builder-el-4  el_after_av_textblock  el_before_av_image '><span class='hr-inner '><span class=\"hr-inner-style\"><\/span><\/span><\/div><br \/>\n\n<style type=\"text\/css\" data-created_by=\"avia_inline_auto\" id=\"style-css-av-kanw4di4-4f3cfefd954b684883525828bf645fe7\">\n.avia-image-container.av-kanw4di4-4f3cfefd954b684883525828bf645fe7 img.avia_image{\nbox-shadow:none;\n}\n.avia-image-container.av-kanw4di4-4f3cfefd954b684883525828bf645fe7 .av-image-caption-overlay-center{\ncolor:#ffffff;\n}\n<\/style>\n<div  class='avia-image-container av-kanw4di4-4f3cfefd954b684883525828bf645fe7 av-styling- avia-align-center  avia-builder-el-5  el_after_av_hr  avia-builder-el-last '   itemprop=\"image\" itemscope=\"itemscope\" itemtype=\"https:\/\/schema.org\/ImageObject\" ><div class=\"avia-image-container-inner\"><div class=\"avia-image-overlay-wrap\"><img fetchpriority=\"high\" class='wp-image-617 avia-img-lazy-loading-not-617 avia_image ' src='https:\/\/vydavatelstvoklett.sk\/direkt\/wp-content\/uploads\/2023\/03\/14.png' alt='' title='14'  height=\"600\" width=\"379\"  itemprop=\"thumbnailUrl\"  \/><\/div><\/div><\/div><\/p><\/div>\n\n<style type=\"text\/css\" data-created_by=\"avia_inline_auto\" id=\"style-css-av-iis5d-636068b71f63cc52e18405c8428c7b66\">\n.flex_column.av-iis5d-636068b71f63cc52e18405c8428c7b66{\nborder-radius:0px 0px 0px 0px;\npadding:0px 0px 0px 0px;\n}\n<\/style>\n<div  class='flex_column av-iis5d-636068b71f63cc52e18405c8428c7b66 av_one_full  avia-builder-el-6  el_after_av_one_full  el_before_av_one_full  first flex_column_div av-zero-column-padding  column-top-margin'     ><section  class='av_textblock_section av-kanw7lt1-d73d20081a33de63120b929ecc6e72bd '   itemscope=\"itemscope\" itemtype=\"https:\/\/schema.org\/CreativeWork\" ><div class='avia_textblock'  itemprop=\"text\" ><h1 style=\"text-align: center;\">KAHOOT! \u2013 GRAMMATIK<\/h1>\n<h3 class=\"elementToProof\" style=\"text-align: center;\"><a href=\"https:\/\/create.kahoot.it\/details\/d1a19b8e-40f4-4cac-8497-a35e62460d34\" target=\"_blank\" rel=\"noopener\">W so spojkou damit, skracovanie um &#8211; zu<\/a><\/h3>\n<h3 class=\"elementToProof\" style=\"text-align: center;\"><a href=\"https:\/\/create.kahoot.it\/details\/c1d5bcc1-5416-4a7d-b0c0-1bf38f11b0d2\" target=\"_blank\" rel=\"noopener\">W so spojkou dass a skracovanie s zu<\/a><\/h3>\n<h3 class=\"elementToProof\" style=\"text-align: center;\"><a href=\"https:\/\/create.kahoot.it\/details\/dc3c3eb5-8f36-49b2-a290-6e16102f0f03\" target=\"_blank\" rel=\"noopener\">W so spojkami dass\/damit, skracovanie um &#8211; zu<\/a><\/h3>\n<h3 class=\"elementToProof\" style=\"text-align: center;\"><a href=\"https:\/\/create.kahoot.it\/details\/3fa47815-7c4d-4e57-8d12-5dfd6bdfe83f\" target=\"_blank\" rel=\"noopener\">Infinitiv s zu<\/a><\/h3>\n<h3 class=\"elementToProof\" style=\"text-align: center;\"><a href=\"https:\/\/create.kahoot.it\/details\/06897455-d18b-439d-a1c5-f152f441ea12\" target=\"_blank\" rel=\"noopener\">Infinitiv s\/bez zu<\/a><\/h3>\n<\/div><\/section><\/div>\n\n<style type=\"text\/css\" data-created_by=\"avia_inline_auto\" id=\"style-css-av-gl65r-7bc5a27d43a93af28100f8f2f23b0cf1\">\n.flex_column.av-gl65r-7bc5a27d43a93af28100f8f2f23b0cf1{\nborder-radius:0px 0px 0px 0px;\npadding:0px 0px 0px 0px;\n}\n<\/style>\n<div  class='flex_column av-gl65r-7bc5a27d43a93af28100f8f2f23b0cf1 av_one_full  avia-builder-el-8  el_after_av_one_full  el_before_av_one_full  first flex_column_div av-zero-column-padding  column-top-margin'     ><section  class='av_textblock_section av-lfaxra1d-efb20ca70ae56a6d07f3b5e41d13ae48 '   itemscope=\"itemscope\" itemtype=\"https:\/\/schema.org\/CreativeWork\" ><div class='avia_textblock'  itemprop=\"text\" ><h1 style=\"text-align: center;\">KAHOOT! \u2013 WORTSCHATZ<\/h1>\n<h3 style=\"text-align: center;\"><a href=\"https:\/\/create.kahoot.it\/details\/b61a193f-8f5a-445f-9745-df59ec47281b\" target=\"_blank\" rel=\"noopener\"><strong>Kultur<\/strong><\/a><\/h3>\n<h3 style=\"text-align: center;\"><a href=\"https:\/\/create.kahoot.it\/details\/c6b76e20-7b66-498f-9e25-935c66803f54\" target=\"_blank\" rel=\"noopener\"><strong>Filmkritik<\/strong><\/a><\/h3>\n<h3 style=\"text-align: center;\"><a href=\"https:\/\/create.kahoot.it\/details\/22fd5ed6-0017-4976-b2d9-fce771be3d28\" target=\"_blank\" rel=\"noopener\"><strong>Filmgenres<\/strong><\/a><\/h3>\n<h3 style=\"text-align: center;\"><a href=\"https:\/\/create.kahoot.it\/details\/18254f94-606a-4546-9739-3ea799a31885\" target=\"_blank\" rel=\"noopener\"><strong>Film<\/strong><\/a><\/h3>\n<h3 style=\"text-align: center;\"><a href=\"https:\/\/create.kahoot.it\/details\/9872cc49-8037-4791-87ba-c2aa15ff14ac\" target=\"_blank\" rel=\"noopener\"><strong>Musikinstrumente<\/strong><\/a><\/h3>\n<\/div><\/section><\/div>\n\n<style type=\"text\/css\" data-created_by=\"avia_inline_auto\" id=\"style-css-av-bgkbr-c572cf379efc524c15037041a3a7e311\">\n.flex_column.av-bgkbr-c572cf379efc524c15037041a3a7e311{\nborder-radius:0px 0px 0px 0px;\npadding:0px 0px 0px 0px;\n}\n<\/style>\n<div  class='flex_column av-bgkbr-c572cf379efc524c15037041a3a7e311 av_one_full  avia-builder-el-10  el_after_av_one_full  el_before_av_one_half  first flex_column_div av-zero-column-padding  column-top-margin'     ><section  class='av_textblock_section av-lfaxrohr-2e75b9494ad3f5123a2777a3f6bc62f2 '   itemscope=\"itemscope\" itemtype=\"https:\/\/schema.org\/CreativeWork\" ><div class='avia_textblock'  itemprop=\"text\" ><h1 style=\"text-align: center;\"><a href=\"https:\/\/create.kahoot.it\/details\/04cbc43a-95b1-48b6-995a-49b06fff13fa\" target=\"_blank\" rel=\"noopener\">KAHOOT! \u2013 WIEDERHOLUNG<\/a><\/h1>\n<\/div><\/section><\/div>\n<div  class='flex_column av-av_one_half-7714eba142aeda1f8b5272a3c372b279 av_one_half  avia-builder-el-12  el_after_av_one_full  el_before_av_one_half  first flex_column_div  column-top-margin'     ><div  class='avia-button-wrap av-kzpcwvj7-a8892acbfdb10142f8db4bb81771e6e3-wrap avia-button-center  avia-builder-el-13  avia-builder-el-no-sibling '><a href='https:\/\/vydavatelstvoklett.sk\/direkt\/online-kvizy-kahoot\/'  class='avia-button av-kzpcwvj7-a8892acbfdb10142f8db4bb81771e6e3 av-link-btn avia-icon_select-no avia-size-x-large avia-position-center avia-color-theme-color'   aria-label=\"SP\u00c4\u0164 NA V\u00ddPIS KAHOOT!\"><span class='avia_iconbox_title' >SP\u00c4\u0164 NA V\u00ddPIS KAHOOT!<\/span><\/a><\/div><\/div><div  class='flex_column av-av_one_half-f1c518e9ff58e869f80c8f093487abc9 av_one_half  avia-builder-el-14  el_after_av_one_half  avia-builder-el-last  flex_column_div  column-top-margin'     ><div  class='avia-button-wrap av-kzpcwvj7-82d11cc8d4ada9715945a15d4b4f1bf7-wrap avia-button-center  avia-builder-el-15  avia-builder-el-no-sibling '><a href='https:\/\/vydavatelstvoklett.sk\/direkt\/kahoot-k-17-lekcii-direkt-interaktiv-2\/'  class='avia-button av-kzpcwvj7-82d11cc8d4ada9715945a15d4b4f1bf7 av-link-btn avia-icon_select-no avia-size-x-large avia-position-center avia-color-theme-color'   aria-label=\"PREJS\u0164 NA KAHOOT! K 17. LEKCII\"><span class='avia_iconbox_title' >PREJS\u0164 NA KAHOOT! K 17. LEKCII<\/span><\/a><\/div><\/div><\/p>\n","protected":false},"excerpt":{"rendered":"","protected":false},"author":3,"featured_media":0,"parent":0,"menu_order":0,"comment_status":"closed","ping_status":"closed","template":"","meta":{"_exactmetrics_skip_tracking":false,"_exactmetrics_sitenote_active":false,"_exactmetrics_sitenote_note":"","_exactmetrics_sitenote_category":0,"footnotes":""},"class_list":["post-615","page","type-page","status-publish","hentry"],"_links":{"self":[{"href":"https:\/\/vydavatelstvoklett.sk\/direkt\/wp-json\/wp\/v2\/pages\/615","targetHints":{"allow":["GET"]}}],"collection":[{"href":"https:\/\/vydavatelstvoklett.sk\/direkt\/wp-json\/wp\/v2\/pages"}],"about":[{"href":"https:\/\/vydavatelstvoklett.sk\/direkt\/wp-json\/wp\/v2\/types\/page"}],"author":[{"embeddable":true,"href":"https:\/\/vydavatelstvoklett.sk\/direkt\/wp-json\/wp\/v2\/users\/3"}],"replies":[{"embeddable":true,"href":"https:\/\/vydavatelstvoklett.sk\/direkt\/wp-json\/wp\/v2\/comments?post=615"}],"version-history":[{"count":4,"href":"https:\/\/vydavatelstvoklett.sk\/direkt\/wp-json\/wp\/v2\/pages\/615\/revisions"}],"predecessor-version":[{"id":622,"href":"https:\/\/vydavatelstvoklett.sk\/direkt\/wp-json\/wp\/v2\/pages\/615\/revisions\/622"}],"wp:attachment":[{"href":"https:\/\/vydavatelstvoklett.sk\/direkt\/wp-json\/wp\/v2\/media?parent=615"}],"curies":[{"name":"wp","href":"https:\/\/api.w.org\/{rel}","templated":true}]}}