{"id":629,"date":"2023-03-16T11:13:21","date_gmt":"2023-03-16T10:13:21","guid":{"rendered":"https:\/\/vydavatelstvoklett.sk\/direkt\/?page_id=629"},"modified":"2023-03-16T11:13:21","modified_gmt":"2023-03-16T10:13:21","slug":"kahoot-k-18-lekcii-direkt-interaktiv-2","status":"publish","type":"page","link":"https:\/\/vydavatelstvoklett.sk\/direkt\/kahoot-k-18-lekcii-direkt-interaktiv-2\/","title":{"rendered":"Kahoot! k 18. lekcii Direkt interaktiv 2"},"content":{"rendered":"\n<style type=\"text\/css\" data-created_by=\"avia_inline_auto\" id=\"style-css-av-zms2p-bf23314c8af3e471b46da2224ebc2aa5\">\n.flex_column.av-zms2p-bf23314c8af3e471b46da2224ebc2aa5{\nborder-radius:0px 0px 0px 0px;\npadding:0px 0px 0px 0px;\n}\n<\/style>\n<div  class='flex_column av-zms2p-bf23314c8af3e471b46da2224ebc2aa5 av_one_full  avia-builder-el-0  el_before_av_one_full  avia-builder-el-first  first flex_column_div av-zero-column-padding  '     ><p>\n<style type=\"text\/css\" data-created_by=\"avia_inline_auto\" id=\"style-css-av-kanw1dmf-21a8448089f07d884dd85496edaadc89\">\n.avia-image-container.av-kanw1dmf-21a8448089f07d884dd85496edaadc89 img.avia_image{\nbox-shadow:none;\n}\n.avia-image-container.av-kanw1dmf-21a8448089f07d884dd85496edaadc89 .av-image-caption-overlay-center{\ncolor:#ffffff;\n}\n<\/style>\n<div  class='avia-image-container av-kanw1dmf-21a8448089f07d884dd85496edaadc89 av-styling- avia-align-center  avia-builder-el-1  el_before_av_hr  avia-builder-el-first '   itemprop=\"image\" itemscope=\"itemscope\" itemtype=\"https:\/\/schema.org\/ImageObject\" ><div class=\"avia-image-container-inner\"><div class=\"avia-image-overlay-wrap\"><img fetchpriority=\"high\" class='wp-image-379 avia-img-lazy-loading-not-379 avia_image ' src='https:\/\/vydavatelstvoklett.sk\/direkt\/wp-content\/uploads\/2020\/05\/1280px-Kahoot_Logo.svg_-300x102.png' alt='' title='1280px-Kahoot_Logo.svg_-300x102'  height=\"102\" width=\"300\"  itemprop=\"thumbnailUrl\"  \/><\/div><\/div><\/div><br \/>\n\n<style type=\"text\/css\" data-created_by=\"avia_inline_auto\" id=\"style-css-av-kanvziv6-dacc319fdf6aeb0b76515e062f95131b\">\n#top .hr.hr-invisible.av-kanvziv6-dacc319fdf6aeb0b76515e062f95131b{\nheight:50px;\n}\n<\/style>\n<div  class='hr av-kanvziv6-dacc319fdf6aeb0b76515e062f95131b hr-invisible  avia-builder-el-2  el_after_av_image  el_before_av_textblock '><span class='hr-inner '><span class=\"hr-inner-style\"><\/span><\/span><\/div><br \/>\n<section  class='av_textblock_section av-kanw2e8g-7bff1c7e67587659df1757df92cefc03 '   itemscope=\"itemscope\" itemtype=\"https:\/\/schema.org\/CreativeWork\" ><div class='avia_textblock'  itemprop=\"text\" ><h1 style=\"text-align: center;\">Z\u00e1bavn\u00e9 kv\u00edzy Kahoot! k 18. lekcii u\u010debnice Direkt interaktiv 2<\/h1>\n<\/div><\/section><br \/>\n\n<style type=\"text\/css\" data-created_by=\"avia_inline_auto\" id=\"style-css-av-kanvziv6-dacc319fdf6aeb0b76515e062f95131b\">\n#top .hr.hr-invisible.av-kanvziv6-dacc319fdf6aeb0b76515e062f95131b{\nheight:50px;\n}\n<\/style>\n<div  class='hr av-kanvziv6-dacc319fdf6aeb0b76515e062f95131b hr-invisible  avia-builder-el-4  el_after_av_textblock  el_before_av_image '><span class='hr-inner '><span class=\"hr-inner-style\"><\/span><\/span><\/div><br \/>\n\n<style type=\"text\/css\" data-created_by=\"avia_inline_auto\" id=\"style-css-av-kanw4di4-cd5433713fe548d8e2a85ea1ae116ee6\">\n.avia-image-container.av-kanw4di4-cd5433713fe548d8e2a85ea1ae116ee6 img.avia_image{\nbox-shadow:none;\n}\n.avia-image-container.av-kanw4di4-cd5433713fe548d8e2a85ea1ae116ee6 .av-image-caption-overlay-center{\ncolor:#ffffff;\n}\n<\/style>\n<div  class='avia-image-container av-kanw4di4-cd5433713fe548d8e2a85ea1ae116ee6 av-styling- avia-align-center  avia-builder-el-5  el_after_av_hr  avia-builder-el-last '   itemprop=\"image\" itemscope=\"itemscope\" itemtype=\"https:\/\/schema.org\/ImageObject\" ><div class=\"avia-image-container-inner\"><div class=\"avia-image-overlay-wrap\"><img fetchpriority=\"high\" class='wp-image-619 avia-img-lazy-loading-not-619 avia_image ' src='https:\/\/vydavatelstvoklett.sk\/direkt\/wp-content\/uploads\/2023\/03\/18.png' alt='' title='18'  height=\"600\" width=\"379\"  itemprop=\"thumbnailUrl\"  \/><\/div><\/div><\/div><\/p><\/div><div  class='flex_column av-av_one_full-7714eba142aeda1f8b5272a3c372b279 av_one_full  avia-builder-el-6  el_after_av_one_full  el_before_av_one_full  first flex_column_div  column-top-margin'     ><section  class='av_textblock_section av-lfaycfbp-57e3c170e48bcda51bb52dd623204e06 '   itemscope=\"itemscope\" itemtype=\"https:\/\/schema.org\/CreativeWork\" ><div class='avia_textblock'  itemprop=\"text\" ><h1 style=\"text-align: center;\">KAHOOT! \u2013 GRAMMATIK<\/h1>\n<h3 class=\"ContentPasted3\" style=\"text-align: center;\"><a href=\"https:\/\/create.kahoot.it\/details\/288abbe0-86f5-492e-8695-1e67a8ef3e57\" target=\"_blank\" rel=\"noopener\">W podmienkov\u00e9 1<strong>\u00a0\u2013 w\u00e4re, h\u00e4tte<\/strong><\/a><\/h3>\n<h3 class=\"ContentPasted3\" style=\"text-align: center;\"><a href=\"https:\/\/create.kahoot.it\/details\/4f9e58cb-8c30-48c1-a5ba-0a8c4cc49435\" target=\"_blank\" rel=\"noopener\">W podmienkov\u00e9 2<\/a><\/h3>\n<h3 class=\"ContentPasted3\" style=\"text-align: center;\"><a href=\"https:\/\/create.kahoot.it\/details\/1c9285b7-dcee-48a1-b974-687a1752450c\" target=\"_blank\" rel=\"noopener\">W podmienkov\u00e9 bez spojky wenn<\/a><\/h3>\n<h3 class=\"ContentPasted3\" style=\"text-align: center;\"><a href=\"https:\/\/create.kahoot.it\/details\/7b6edfaf-e9fd-4441-b6c8-47b807835764\" target=\"_blank\" rel=\"noopener\">Konjuktiv II &#8211; opisn\u00fd tvar <strong>w\u00fcrde + infinitiv<\/strong><\/a><\/h3>\n<h3 class=\"ContentPasted3\" style=\"text-align: center;\"><a href=\"https:\/\/create.kahoot.it\/details\/7b6edfaf-e9fd-4441-b6c8-47b807835764\" target=\"_blank\" rel=\"noopener\">Konjuktiv II <strong>\u2013 w\u00e4re, h\u00e4tte<\/strong><\/a><\/h3>\n<h3 class=\"ContentPasted3\" style=\"text-align: center;\"><a href=\"https:\/\/create.kahoot.it\/details\/c1e2b0b5-a9a6-46bd-a7cd-d792144b6489\" target=\"_blank\" rel=\"noopener\">Konjuktiv II \u2013 mod\u00e1lne sloves\u00e1<\/a><\/h3>\n<h3 class=\"ContentPasted3\" style=\"text-align: center;\"><a href=\"https:\/\/create.kahoot.it\/details\/1a381d71-a66e-415b-b590-85d9df6dfa21\" target=\"_blank\" rel=\"noopener\">Konjuktiv II \u2013 nepravideln\u00e9 sloves\u00e1<\/a><\/h3>\n<\/div><\/section><\/div><div  class='flex_column av-av_one_full-7714eba142aeda1f8b5272a3c372b279 av_one_full  avia-builder-el-8  el_after_av_one_full  el_before_av_one_full  first flex_column_div  column-top-margin'     ><section  class='av_textblock_section av-lfaycuv9-59bfdbd9d9db0bc44dd40c632046855d '   itemscope=\"itemscope\" itemtype=\"https:\/\/schema.org\/CreativeWork\" ><div class='avia_textblock'  itemprop=\"text\" ><h1 style=\"text-align: center;\">KAHOOT! \u2013 WORTSCHATZ<\/h1>\n<h3 style=\"text-align: center;\"><a href=\"https:\/\/create.kahoot.it\/details\/3575a40d-3685-4d0f-84ee-ec8eb8e3380e\" target=\"_blank\" rel=\"noopener\"><strong>Berufe<\/strong><\/a><\/h3>\n<h3 style=\"text-align: center;\"><a href=\"https:\/\/create.kahoot.it\/details\/85f6043e-a197-4455-9cc4-5dbcb8acee03\" target=\"_blank\" rel=\"noopener\"><strong>Zukunftspl\u00e4ne<\/strong><\/a><\/h3>\n<h3 style=\"text-align: center;\"><a href=\"https:\/\/create.kahoot.it\/details\/38f5715e-1c78-4670-9fed-63267bd20dda\" target=\"_blank\" rel=\"noopener\"><strong>An der Uni<\/strong><\/a><\/h3>\n<h3 style=\"text-align: center;\"><a href=\"https:\/\/create.kahoot.it\/details\/58e32d68-332f-4288-b8af-d3d0f98a8f97\" target=\"_blank\" rel=\"noopener\"><strong>Lebenslauf<\/strong><\/a><\/h3>\n<h3 style=\"text-align: center;\"><a href=\"https:\/\/create.kahoot.it\/details\/2f7b0c0e-e60d-420d-a81e-8d382d4d94c6\" target=\"_blank\" rel=\"noopener\"><strong>Ausbildung und Studium<\/strong><\/a><\/h3>\n<h3 style=\"text-align: center;\"><a href=\"https:\/\/create.kahoot.it\/details\/45dfed6e-547d-4434-a2e1-a8c285839437\" target=\"_blank\" rel=\"noopener\"><strong>Verkehrszeichen<\/strong><\/a><\/h3>\n<h3 style=\"text-align: center;\"><a href=\"https:\/\/create.kahoot.it\/details\/37c40722-319f-468f-927c-4ca2758abe52\" target=\"_blank\" rel=\"noopener\"><strong>In der Fahrschule<\/strong><\/a><\/h3>\n<\/div><\/section><\/div><div  class='flex_column av-av_one_full-7714eba142aeda1f8b5272a3c372b279 av_one_full  avia-builder-el-10  el_after_av_one_full  el_before_av_one_full  first flex_column_div  column-top-margin'     ><section  class='av_textblock_section av-lfayd61x-12cb4216d7637fd04e3e73c5c15f8a4f '   itemscope=\"itemscope\" itemtype=\"https:\/\/schema.org\/CreativeWork\" ><div class='avia_textblock'  itemprop=\"text\" ><h1 style=\"text-align: center;\"><a href=\"https:\/\/create.kahoot.it\/details\/72c11839-f218-47ca-9b62-97f7152ac894\" target=\"_blank\" rel=\"noopener\">KAHOOT! \u2013 WIEDERHOLUNG<\/a><\/h1>\n<\/div><\/section><\/div><div  class='flex_column av-av_one_full-7714eba142aeda1f8b5272a3c372b279 av_one_full  avia-builder-el-12  el_after_av_one_full  avia-builder-el-last  first flex_column_div  column-top-margin'     ><section  class='av_textblock_section av-lfaydgd7-e29a9d46b46fd4fa6011eeddd2ef8512 '   itemscope=\"itemscope\" itemtype=\"https:\/\/schema.org\/CreativeWork\" ><div class='avia_textblock'  itemprop=\"text\" ><h1 style=\"text-align: center;\">KAHOOT! \u2013\u00a0<strong>LANDESKUNDE<\/strong><\/h1>\n<h3 style=\"text-align: center;\"><a href=\"https:\/\/create.kahoot.it\/details\/ce425572-5253-4c7d-8f20-58d2b435b4fc\" target=\"_blank\" rel=\"noopener\"><strong>Schulsystem in Deutschland 1<\/strong><\/a><\/h3>\n<h3 style=\"text-align: center;\"><a href=\"https:\/\/create.kahoot.it\/details\/d7988622-8182-4565-be12-9838a50c61a7\" target=\"_blank\" rel=\"noopener\"><strong>Schulsystem in Deutschland 2<\/strong><\/a><\/h3>\n<\/div><\/section><\/div><\/p>\n","protected":false},"excerpt":{"rendered":"","protected":false},"author":3,"featured_media":0,"parent":0,"menu_order":0,"comment_status":"closed","ping_status":"closed","template":"","meta":{"_exactmetrics_skip_tracking":false,"_exactmetrics_sitenote_active":false,"_exactmetrics_sitenote_note":"","_exactmetrics_sitenote_category":0,"footnotes":""},"class_list":["post-629","page","type-page","status-publish","hentry"],"_links":{"self":[{"href":"https:\/\/vydavatelstvoklett.sk\/direkt\/wp-json\/wp\/v2\/pages\/629","targetHints":{"allow":["GET"]}}],"collection":[{"href":"https:\/\/vydavatelstvoklett.sk\/direkt\/wp-json\/wp\/v2\/pages"}],"about":[{"href":"https:\/\/vydavatelstvoklett.sk\/direkt\/wp-json\/wp\/v2\/types\/page"}],"author":[{"embeddable":true,"href":"https:\/\/vydavatelstvoklett.sk\/direkt\/wp-json\/wp\/v2\/users\/3"}],"replies":[{"embeddable":true,"href":"https:\/\/vydavatelstvoklett.sk\/direkt\/wp-json\/wp\/v2\/comments?post=629"}],"version-history":[{"count":3,"href":"https:\/\/vydavatelstvoklett.sk\/direkt\/wp-json\/wp\/v2\/pages\/629\/revisions"}],"predecessor-version":[{"id":674,"href":"https:\/\/vydavatelstvoklett.sk\/direkt\/wp-json\/wp\/v2\/pages\/629\/revisions\/674"}],"wp:attachment":[{"href":"https:\/\/vydavatelstvoklett.sk\/direkt\/wp-json\/wp\/v2\/media?parent=629"}],"curies":[{"name":"wp","href":"https:\/\/api.w.org\/{rel}","templated":true}]}}