{"id":670,"date":"2024-10-16T17:57:22","date_gmt":"2024-10-16T15:57:22","guid":{"rendered":"https:\/\/vydavatelstvoklett.sk\/direkt\/?page_id=670"},"modified":"2024-10-29T08:55:58","modified_gmt":"2024-10-29T07:55:58","slug":"kahoot-k-19-lekcii-direkt-interaktiv","status":"publish","type":"page","link":"https:\/\/vydavatelstvoklett.sk\/direkt\/kahoot-k-19-lekcii-direkt-interaktiv\/","title":{"rendered":"Kahoot! k 19. lekcii Direkt interaktiv 3"},"content":{"rendered":"<p>\n<style type=\"text\/css\" data-created_by=\"avia_inline_auto\" id=\"style-css-av-zms2p-bf23314c8af3e471b46da2224ebc2aa5\">\n.flex_column.av-zms2p-bf23314c8af3e471b46da2224ebc2aa5{\nborder-radius:0px 0px 0px 0px;\npadding:0px 0px 0px 0px;\n}\n<\/style>\n<div  class='flex_column av-zms2p-bf23314c8af3e471b46da2224ebc2aa5 av_one_full  avia-builder-el-0  el_before_av_one_full  avia-builder-el-first  first flex_column_div av-zero-column-padding  '     ><p> \n<style type=\"text\/css\" data-created_by=\"avia_inline_auto\" id=\"style-css-av-kanw1dmf-21a8448089f07d884dd85496edaadc89\">\n.avia-image-container.av-kanw1dmf-21a8448089f07d884dd85496edaadc89 img.avia_image{\nbox-shadow:none;\n}\n.avia-image-container.av-kanw1dmf-21a8448089f07d884dd85496edaadc89 .av-image-caption-overlay-center{\ncolor:#ffffff;\n}\n<\/style>\n<div  class='avia-image-container av-kanw1dmf-21a8448089f07d884dd85496edaadc89 av-styling- avia-align-center  avia-builder-el-1  el_before_av_hr  avia-builder-el-first '   itemprop=\"image\" itemscope=\"itemscope\" itemtype=\"https:\/\/schema.org\/ImageObject\" ><div class=\"avia-image-container-inner\"><div class=\"avia-image-overlay-wrap\"><img fetchpriority=\"high\" class='wp-image-379 avia-img-lazy-loading-not-379 avia_image ' src='https:\/\/vydavatelstvoklett.sk\/direkt\/wp-content\/uploads\/2020\/05\/1280px-Kahoot_Logo.svg_-300x102.png' alt='' title='1280px-Kahoot_Logo.svg_-300x102'  height=\"102\" width=\"300\"  itemprop=\"thumbnailUrl\"  \/><\/div><\/div><\/div> \n<style type=\"text\/css\" data-created_by=\"avia_inline_auto\" id=\"style-css-av-kanvziv6-dacc319fdf6aeb0b76515e062f95131b\">\n#top .hr.hr-invisible.av-kanvziv6-dacc319fdf6aeb0b76515e062f95131b{\nheight:50px;\n}\n<\/style>\n<div  class='hr av-kanvziv6-dacc319fdf6aeb0b76515e062f95131b hr-invisible  avia-builder-el-2  el_after_av_image  el_before_av_textblock '><span class='hr-inner '><span class=\"hr-inner-style\"><\/span><\/span><\/div> <section  class='av_textblock_section av-kanw2e8g-a2b21ba20c75727b986575c2f692c6cc '   itemscope=\"itemscope\" itemtype=\"https:\/\/schema.org\/CreativeWork\" ><div class='avia_textblock'  itemprop=\"text\" ><h1 style=\"text-align: center;\">Z\u00e1bavn\u00e9 kv\u00edzy Kahoot! k 19. lekcii u\u010debnice Direkt interaktiv 3<\/h1>\n<\/div><\/section> \n<style type=\"text\/css\" data-created_by=\"avia_inline_auto\" id=\"style-css-av-kanvziv6-5-4cdc59ab14d645698d6f1c64833b3270\">\n#top .hr.hr-invisible.av-kanvziv6-5-4cdc59ab14d645698d6f1c64833b3270{\nheight:50px;\n}\n<\/style>\n<div  class='hr av-kanvziv6-5-4cdc59ab14d645698d6f1c64833b3270 hr-invisible  avia-builder-el-4  el_after_av_textblock  el_before_av_image '><span class='hr-inner '><span class=\"hr-inner-style\"><\/span><\/span><\/div> \n<style type=\"text\/css\" data-created_by=\"avia_inline_auto\" id=\"style-css-av-kanw4di4-6b6d8c9f5c35966cc49708f0739334a6\">\n.avia-image-container.av-kanw4di4-6b6d8c9f5c35966cc49708f0739334a6 img.avia_image{\nbox-shadow:none;\n}\n.avia-image-container.av-kanw4di4-6b6d8c9f5c35966cc49708f0739334a6 .av-image-caption-overlay-center{\ncolor:#ffffff;\n}\n<\/style>\n<div  class='avia-image-container av-kanw4di4-6b6d8c9f5c35966cc49708f0739334a6 av-styling- avia-align-center  avia-builder-el-5  el_after_av_hr  avia-builder-el-last '   itemprop=\"image\" itemscope=\"itemscope\" itemtype=\"https:\/\/schema.org\/ImageObject\" ><div class=\"avia-image-container-inner\"><div class=\"avia-image-overlay-wrap\"><img fetchpriority=\"high\" class='wp-image-649 avia-img-lazy-loading-not-649 avia_image ' src='https:\/\/vydavatelstvoklett.sk\/direkt\/wp-content\/uploads\/2024\/10\/DI_Kahoot-na-web-4-190x300.png' alt='' title='DI_Kahoot na web (4)'  height=\"300\" width=\"190\"  itemprop=\"thumbnailUrl\"  \/><\/div><\/div><\/div> <\/p><\/div><div  class='flex_column av-pico5-9662d6a120d4ba312213c3e65e45e3c7 av_one_full  avia-builder-el-6  el_after_av_one_full  el_before_av_one_full  first flex_column_div  column-top-margin'     ><section  class='av_textblock_section av-lfaycfbp-b6616af423c396af407ff8032f6b6679 '   itemscope=\"itemscope\" itemtype=\"https:\/\/schema.org\/CreativeWork\" ><div class='avia_textblock'  itemprop=\"text\" ><h1 style=\"text-align: center;\">KAHOOT! \u2013 GRAMMATIK<\/h1>\n<h3 class=\"ContentPasted3\" style=\"text-align: center;\"><a href=\"https:\/\/create.kahoot.it\/details\/898db9dd-b426-474a-8f9d-fd2dec7673fc\">Predlo\u017ekov\u00e9 v\u00e4zby so slovesom<\/a><\/h3>\n<h3 class=\"ContentPasted3\" style=\"text-align: center;\"><a href=\"https:\/\/create.kahoot.it\/details\/1580c873-792b-4a82-9f70-0b980b633a6e\">Bud\u00faci \u010das<\/a><\/h3>\n<h3 class=\"ContentPasted3\" style=\"text-align: center;\"><a href=\"https:\/\/create.kahoot.it\/details\/d3a9e6bc-8024-4bc4-9d06-d73bbbda5f7a\">Pr\u00e9teritum (pravideln\u00e9 tvary 1)<\/a><\/h3>\n<h3 class=\"ContentPasted3\" style=\"text-align: center;\"><a href=\"https:\/\/create.kahoot.it\/details\/a83d42d9-53ab-4bff-81e6-5947db2beac1\" target=\"_blank\" rel=\"noopener\">Pr\u00e9teritum (nepravideln\u00e9 tvary 1) <\/a><\/h3>\n<h3 class=\"ContentPasted3\" style=\"text-align: center;\"><a href=\"https:\/\/create.kahoot.it\/details\/71446133-2fb0-4932-b381-6c1fe8fc1fb0\" target=\"_blank\" rel=\"noopener\">Pr\u00e9teritum (nepravideln\u00e9 tvary 2) <\/a><\/h3>\n<h3 class=\"ContentPasted3\" style=\"text-align: center;\">\u00a0<\/h3>\n<\/div><\/section><\/div><div  class='flex_column av-kpzf9-eaf17ba53e7c9582d2b6b2a956fc526d av_one_full  avia-builder-el-8  el_after_av_one_full  el_before_av_one_full  first flex_column_div  column-top-margin'     ><section  class='av_textblock_section av-lfaycuv9-e2fbc13ffbd940e6e9abbfa5ce8ea2fe '   itemscope=\"itemscope\" itemtype=\"https:\/\/schema.org\/CreativeWork\" ><div class='avia_textblock'  itemprop=\"text\" ><h1 style=\"text-align: center;\">KAHOOT! \u2013 WORTSCHATZ<\/h1>\n<h3 style=\"text-align: center;\"><a href=\"https:\/\/create.kahoot.it\/details\/f5b1d2f4-82d3-4299-a55a-7bea528ff3c1\" target=\"_blank\" rel=\"noopener\"><strong>Berufe 1<\/strong><\/a><\/h3>\n<h3 style=\"text-align: center;\"><a href=\"https:\/\/create.kahoot.it\/details\/ff57735f-369c-4468-96bd-653cca4e60d8\">Berufe 2<\/a><\/h3>\n<h3 style=\"text-align: center;\"><a href=\"https:\/\/create.kahoot.it\/details\/8e018f33-9321-4078-b658-4e0b96b770fb\">Beim Vorstellungsgespr\u00e4ch<\/a><\/h3>\n<\/div><\/section><\/div><div  class='flex_column av-h0wj1-9f14c552caa5b81a94b464da73a6cfe4 av_one_full  avia-builder-el-10  el_after_av_one_full  avia-builder-el-last  first flex_column_div  column-top-margin'     ><section  class='av_textblock_section av-lfayd61x-80ee7ebba23d8a0b82395e346ae47705 '   itemscope=\"itemscope\" itemtype=\"https:\/\/schema.org\/CreativeWork\" ><div class='avia_textblock'  itemprop=\"text\" ><h1 style=\"text-align: center;\"><a href=\"https:\/\/create.kahoot.it\/details\/5552f327-8f75-4e82-a2fb-9bf377a3bae2\" target=\"_blank\" rel=\"noopener\">KAHOOT! \u2013 WIEDERHOLUNG<\/a><\/h1>\n<\/div><\/section><\/div><\/p>\n","protected":false},"excerpt":{"rendered":"","protected":false},"author":3,"featured_media":0,"parent":0,"menu_order":0,"comment_status":"closed","ping_status":"closed","template":"","meta":{"_exactmetrics_skip_tracking":false,"_exactmetrics_sitenote_active":false,"_exactmetrics_sitenote_note":"","_exactmetrics_sitenote_category":0,"footnotes":""},"class_list":["post-670","page","type-page","status-publish","hentry"],"_links":{"self":[{"href":"https:\/\/vydavatelstvoklett.sk\/direkt\/wp-json\/wp\/v2\/pages\/670","targetHints":{"allow":["GET"]}}],"collection":[{"href":"https:\/\/vydavatelstvoklett.sk\/direkt\/wp-json\/wp\/v2\/pages"}],"about":[{"href":"https:\/\/vydavatelstvoklett.sk\/direkt\/wp-json\/wp\/v2\/types\/page"}],"author":[{"embeddable":true,"href":"https:\/\/vydavatelstvoklett.sk\/direkt\/wp-json\/wp\/v2\/users\/3"}],"replies":[{"embeddable":true,"href":"https:\/\/vydavatelstvoklett.sk\/direkt\/wp-json\/wp\/v2\/comments?post=670"}],"version-history":[{"count":4,"href":"https:\/\/vydavatelstvoklett.sk\/direkt\/wp-json\/wp\/v2\/pages\/670\/revisions"}],"predecessor-version":[{"id":685,"href":"https:\/\/vydavatelstvoklett.sk\/direkt\/wp-json\/wp\/v2\/pages\/670\/revisions\/685"}],"wp:attachment":[{"href":"https:\/\/vydavatelstvoklett.sk\/direkt\/wp-json\/wp\/v2\/media?parent=670"}],"curies":[{"name":"wp","href":"https:\/\/api.w.org\/{rel}","templated":true}]}}