{"id":2,"date":"2018-04-25T18:25:53","date_gmt":"2018-04-25T16:25:53","guid":{"rendered":"http:\/\/klett.cz\/maximalinteraktiv\/?page_id=2"},"modified":"2020-10-05T14:53:50","modified_gmt":"2020-10-05T12:53:50","slug":"zkusebni-stranka","status":"publish","type":"page","link":"https:\/\/vydavatelstvoklett.sk\/klassnyje-druzja\/","title":{"rendered":"Domov"},"content":{"rendered":"\n<style type=\"text\/css\" data-created_by=\"avia_inline_auto\" id=\"style-css-av-28bq-5de533557248266b2b7b1ef00bee5f40\">\n.avia-image-container.av-28bq-5de533557248266b2b7b1ef00bee5f40 img.avia_image{\nbox-shadow:none;\n}\n.avia-image-container.av-28bq-5de533557248266b2b7b1ef00bee5f40 .av-image-caption-overlay-center{\ncolor:#ffffff;\n}\n<\/style>\n<div  class='avia-image-container av-28bq-5de533557248266b2b7b1ef00bee5f40 av-styling- avia-align-center  avia-builder-el-0  el_before_av_hr  avia-builder-el-first '   itemprop=\"image\" itemscope=\"itemscope\" itemtype=\"https:\/\/schema.org\/ImageObject\" ><div class=\"avia-image-container-inner\"><div class=\"avia-image-overlay-wrap\"><img fetchpriority=\"high\" class='wp-image-240 avia-img-lazy-loading-not-240 avia_image ' src='https:\/\/vydavatelstvoklett.sk\/klassnyje-druzja\/wp-content\/uploads\/Na\u0301vrh-bez-na\u0301zvu.png' alt='' title='Klassnyje druzja - \u00favod'  height=\"850\" width=\"1500\"  itemprop=\"thumbnailUrl\"  \/><\/div><\/div><\/div>\n\n<style type=\"text\/css\" data-created_by=\"avia_inline_auto\" id=\"style-css-av-la06-c76671bd8da5c88572fc1ff7ef703de1\">\n#top .hr.hr-invisible.av-la06-c76671bd8da5c88572fc1ff7ef703de1{\nheight:50px;\n}\n<\/style>\n<div  class='hr av-la06-c76671bd8da5c88572fc1ff7ef703de1 hr-invisible  avia-builder-el-1  el_after_av_image  el_before_av_one_full '><span class='hr-inner '><span class=\"hr-inner-style\"><\/span><\/span><\/div>\n\n<style type=\"text\/css\" data-created_by=\"avia_inline_auto\" id=\"style-css-av-i4ka-40b101598816aca86aef0cc2db0cefab\">\n.flex_column.av-i4ka-40b101598816aca86aef0cc2db0cefab{\nborder-radius:0px 0px 0px 0px;\npadding:0px 0px 0px 0px;\n}\n<\/style>\n<div  class='flex_column av-i4ka-40b101598816aca86aef0cc2db0cefab av_one_full  avia-builder-el-2  el_after_av_hr  el_before_av_one_full  first flex_column_div av-zero-column-padding  '     ><section  class='av_textblock_section av-gzva-e862f5bcfcbd973637608b065d14d727 '   itemscope=\"itemscope\" itemtype=\"https:\/\/schema.org\/CreativeWork\" ><div class='avia_textblock'  itemprop=\"text\" ><h1 style=\"text-align: center;\">Klassnyje druzja<br \/>\n\u041a\u043b\u0430\u0441\u0441\u043d\u044b\u0435 \u0434\u0440\u0443\u0437\u044c\u044f<\/h1>\n<\/div><\/section><\/div>\n\n<style type=\"text\/css\" data-created_by=\"avia_inline_auto\" id=\"style-css-av-d3cy-77a8ba1d64b591013cc8933cf2bc0a9c\">\n.flex_column.av-d3cy-77a8ba1d64b591013cc8933cf2bc0a9c{\nborder-radius:0px 0px 0px 0px;\npadding:0px 0px 0px 0px;\n}\n<\/style>\n<div  class='flex_column av-d3cy-77a8ba1d64b591013cc8933cf2bc0a9c av_one_full  avia-builder-el-4  el_after_av_one_full  el_before_av_one_full  first flex_column_div av-zero-column-padding  column-top-margin'     ><section  class='av_textblock_section av-bh22-93d4d9d79c72d542ce7f2d59231824ad '   itemscope=\"itemscope\" itemtype=\"https:\/\/schema.org\/CreativeWork\" ><div class='avia_textblock'  itemprop=\"text\" ><p style=\"text-align: center;\">Klassnyje druzja je s\u00fabor v\u00fdu\u010dbov\u00fdch materi\u00e1lov pre z\u00e1kladn\u00e9 \u0161koly a osemro\u010dn\u00e9 gymn\u00e1zi\u00e1, ktor\u00fd bol vytvoren\u00fd sk\u00fasen\u00fdm t\u00edmom autorov a redaktorov vydavate\u013estva Klett.<\/p>\n<p style=\"text-align: center;\">Komplet Klassnyje druzja je ur\u010den\u00fd pre \u017eiakov 7.- 9. tried z\u00e1kladn\u00fdch \u0161k\u00f4l a zodpovedaj\u00facich ro\u010dn\u00edkov osemro\u010dn\u00fdch gymn\u00e1zi\u00ed, ktor\u00ed so \u0161t\u00fadiom rusk\u00e9ho jazyka za\u010d\u00ednaj\u00fa. Trojdielny komplet dovedie \u017eiakov na \u00farove\u0148 A1 (A1 +) pod\u013ea SERR a pokryje tri roky \u0161t\u00fadia pri dot\u00e1cii 2 hodiny t\u00fd\u017edenne.<\/p>\n<p style=\"text-align: center;\">V\u0161etky 3 diely u\u010debnice Klassnyje druzja (Klassnyje druzja 1, Klassnyje druzja 2, Klassnyje druzja 3) boli schv\u00e1len\u00e9 Ministerstvom \u0161kolstva, vedy, v\u00fdskumu a \u0161portu Slovenskej republiky.<\/p>\n<\/div><\/section><\/div>\n\n<style type=\"text\/css\" data-created_by=\"avia_inline_auto\" id=\"style-css-av-90lw-0caa92404c8333e5db8f3029f7ee6920\">\n.flex_column.av-90lw-0caa92404c8333e5db8f3029f7ee6920{\nborder-radius:0px 0px 0px 0px;\npadding:0px 0px 0px 0px;\n}\n<\/style>\n<div  class='flex_column av-90lw-0caa92404c8333e5db8f3029f7ee6920 av_one_full  avia-builder-el-6  el_after_av_one_full  el_before_av_one_full  first flex_column_div av-zero-column-padding  column-top-margin'     ><div  class='avia-button-wrap av-6vfk-dd8af68760c81f5b8b6d2e99b783b781-wrap avia-button-center  avia-builder-el-7  avia-builder-el-no-sibling '><a href='https:\/\/www.mauthor.com\/embed\/5321934017658880'  class='avia-button av-6vfk-dd8af68760c81f5b8b6d2e99b783b781 av-link-btn avia-icon_select-yes-left-icon avia-size-large avia-position-center avia-color-theme-color'   aria-label=\"Vysk\u00fa\u0161a\u0165 interakt\u00edvny obsah \u041a\u043b\u0430\u0441\u0441\u043d\u044b\u0435 \u0434\u0440\u0443\u0437\u044c\u044f\"><span class='avia_button_icon avia_button_icon_left avia-iconfont avia-font-entypo-fontello' data-av_icon='\ue803' data-av_iconfont='entypo-fontello' ><\/span><span class='avia_iconbox_title' >Vysk\u00fa\u0161a\u0165 interakt\u00edvny obsah \u041a\u043b\u0430\u0441\u0441\u043d\u044b\u0435 \u0434\u0440\u0443\u0437\u044c\u044f<\/span><\/a><\/div><\/div>\n\n<style type=\"text\/css\" data-created_by=\"avia_inline_auto\" id=\"style-css-av-av_one_full-1e26125d131ba13f1accaa8241be1528\">\n.flex_column.av-av_one_full-1e26125d131ba13f1accaa8241be1528{\nborder-radius:0px 0px 0px 0px;\npadding:0px 0px 0px 0px;\n}\n<\/style>\n<div  class='flex_column av-av_one_full-1e26125d131ba13f1accaa8241be1528 av_one_full  avia-builder-el-8  el_after_av_one_full  el_before_av_one_full  first flex_column_div av-zero-column-padding  column-top-margin'     ><style type=\"text\/css\" data-created_by=\"avia_inline_auto\" id=\"style-css-av-kfwjcehh-6d7b9bdcfc61195840bf56fbaf14a1cc\">\n.avia-image-container.av-kfwjcehh-6d7b9bdcfc61195840bf56fbaf14a1cc img.avia_image{\nbox-shadow:none;\n}\n.avia-image-container.av-kfwjcehh-6d7b9bdcfc61195840bf56fbaf14a1cc .av-image-caption-overlay-center{\ncolor:#ffffff;\n}\n<\/style>\n<div  class='avia-image-container av-kfwjcehh-6d7b9bdcfc61195840bf56fbaf14a1cc av-styling- av-img-linked avia-align-center  avia-builder-el-9  avia-builder-el-no-sibling '   itemprop=\"image\" itemscope=\"itemscope\" itemtype=\"https:\/\/schema.org\/ImageObject\" ><div class=\"avia-image-container-inner\"><div class=\"avia-image-overlay-wrap\"><a href=\"https:\/\/klett.cz\/blog\/distancni-vyuka-s-klett-materialy\/\" class='avia_image '  target=\"_blank\"  rel=\"noopener noreferrer\" aria-label='8'><img fetchpriority=\"high\" class='wp-image-400 avia-img-lazy-loading-not-400 avia_image ' src='https:\/\/vydavatelstvoklett.sk\/klassnyje-druzja\/wp-content\/uploads\/8.png' alt='' title='8'  height=\"350\" width=\"500\"  itemprop=\"thumbnailUrl\"  \/><\/a><\/div><\/div><\/div><\/div>\n<style type=\"text\/css\" data-created_by=\"avia_inline_auto\" id=\"style-css-av-6f4m-a5a0cbc1c106f203fef5684cbed89407\">\n.flex_column.av-6f4m-a5a0cbc1c106f203fef5684cbed89407{\nborder-radius:0px 0px 0px 0px;\npadding:0px 0px 0px 0px;\n}\n<\/style>\n<div  class='flex_column av-6f4m-a5a0cbc1c106f203fef5684cbed89407 av_one_full  avia-builder-el-10  el_after_av_one_full  avia-builder-el-last  first flex_column_div av-zero-column-padding  column-top-margin'     ><style type=\"text\/css\" data-created_by=\"avia_inline_auto\" id=\"style-css-av-3cys-e7757c419c5800d7d931730f181463cb\">\n.avia-image-container.av-3cys-e7757c419c5800d7d931730f181463cb img.avia_image{\nbox-shadow:none;\n}\n.avia-image-container.av-3cys-e7757c419c5800d7d931730f181463cb .av-image-caption-overlay-center{\ncolor:#ffffff;\n}\n<\/style>\n<div  class='avia-image-container av-3cys-e7757c419c5800d7d931730f181463cb av-styling- avia-align-center  avia-builder-el-11  avia-builder-el-no-sibling '   itemprop=\"image\" itemscope=\"itemscope\" itemtype=\"https:\/\/schema.org\/ImageObject\" ><div class=\"avia-image-container-inner\"><div class=\"avia-image-overlay-wrap\"><img fetchpriority=\"high\" class='wp-image-369 avia-img-lazy-loading-not-369 avia_image ' src='https:\/\/vydavatelstvoklett.sk\/klassnyje-druzja\/wp-content\/uploads\/10-do\u0302vodov-prec\u030co-uc\u030cit\u030c-s-Klassnyje-druzja.png' alt='' title='10 do\u0302vodov prec\u030co uc\u030cit\u030c s Klassnyje druzja'  height=\"527\" width=\"1030\"  itemprop=\"thumbnailUrl\"  \/><\/div><\/div><\/div><\/div><\/p>\n","protected":false},"excerpt":{"rendered":"","protected":false},"author":1,"featured_media":0,"parent":0,"menu_order":0,"comment_status":"closed","ping_status":"open","template":"","meta":{"_exactmetrics_skip_tracking":false,"_exactmetrics_sitenote_active":false,"_exactmetrics_sitenote_note":"","_exactmetrics_sitenote_category":0,"footnotes":""},"class_list":["post-2","page","type-page","status-publish","hentry"],"_links":{"self":[{"href":"https:\/\/vydavatelstvoklett.sk\/klassnyje-druzja\/wp-json\/wp\/v2\/pages\/2","targetHints":{"allow":["GET"]}}],"collection":[{"href":"https:\/\/vydavatelstvoklett.sk\/klassnyje-druzja\/wp-json\/wp\/v2\/pages"}],"about":[{"href":"https:\/\/vydavatelstvoklett.sk\/klassnyje-druzja\/wp-json\/wp\/v2\/types\/page"}],"author":[{"embeddable":true,"href":"https:\/\/vydavatelstvoklett.sk\/klassnyje-druzja\/wp-json\/wp\/v2\/users\/1"}],"replies":[{"embeddable":true,"href":"https:\/\/vydavatelstvoklett.sk\/klassnyje-druzja\/wp-json\/wp\/v2\/comments?post=2"}],"version-history":[{"count":18,"href":"https:\/\/vydavatelstvoklett.sk\/klassnyje-druzja\/wp-json\/wp\/v2\/pages\/2\/revisions"}],"predecessor-version":[{"id":399,"href":"https:\/\/vydavatelstvoklett.sk\/klassnyje-druzja\/wp-json\/wp\/v2\/pages\/2\/revisions\/399"}],"wp:attachment":[{"href":"https:\/\/vydavatelstvoklett.sk\/klassnyje-druzja\/wp-json\/wp\/v2\/media?parent=2"}],"curies":[{"name":"wp","href":"https:\/\/api.w.org\/{rel}","templated":true}]}}