{"id":306,"date":"2020-02-03T16:17:11","date_gmt":"2020-02-03T15:17:11","guid":{"rendered":"https:\/\/klett.cz\/klassnyje-druzja\/?page_id=306"},"modified":"2020-05-14T11:05:16","modified_gmt":"2020-05-14T09:05:16","slug":"dakujeme","status":"publish","type":"page","link":"https:\/\/vydavatelstvoklett.sk\/klassnyje-druzja\/dakujeme\/","title":{"rendered":"\u010eakujeme"},"content":{"rendered":"\n<style type=\"text\/css\" data-created_by=\"avia_inline_auto\" id=\"style-css-av-sr4wa-73632be891fbe53dc5973555f41eb886\">\n.flex_column.av-sr4wa-73632be891fbe53dc5973555f41eb886{\nborder-radius:0px 0px 0px 0px;\npadding:0px 0px 0px 0px;\n}\n<\/style>\n<div  class='flex_column av-sr4wa-73632be891fbe53dc5973555f41eb886 av_one_full  avia-builder-el-0  el_before_av_one_full  avia-builder-el-first  first flex_column_div av-zero-column-padding  '     ><section  class='av_textblock_section av-k66ldu9t-9d3b872f7bc5d17c7e8f3fd6ccb0c171 '   itemscope=\"itemscope\" itemtype=\"https:\/\/schema.org\/CreativeWork\" ><div class='avia_textblock'  itemprop=\"text\" ><h1 style=\"text-align: center;\">\u010eAKUJEME. VA\u0160U SPR\u00c1VU SME DOSTALI A \u010cO NAJSK\u00d4R SA JEJ BUDEME VENOVA\u0164.<\/h1>\n<\/div><\/section><\/div>\n<style type=\"text\/css\" data-created_by=\"avia_inline_auto\" id=\"style-css-av-mjwmq-37a02697c7eb905ffde577e8b192c4b9\">\n.flex_column.av-mjwmq-37a02697c7eb905ffde577e8b192c4b9{\nborder-radius:0px 0px 0px 0px;\npadding:0px 0px 0px 0px;\n}\n<\/style>\n<div  class='flex_column av-mjwmq-37a02697c7eb905ffde577e8b192c4b9 av_one_full  avia-builder-el-2  el_after_av_one_full  el_before_av_one_half  first flex_column_div av-zero-column-padding  column-top-margin'     ><section  class='av_textblock_section av-k66lf3w8-75a6beacb7f4614f3d74aeeab20ee2db '   itemscope=\"itemscope\" itemtype=\"https:\/\/schema.org\/CreativeWork\" ><div class='avia_textblock'  itemprop=\"text\" ><p style=\"text-align: center;\">K\u00fdm na spr\u00e1vu zareagujeme, alebo k\u00fdm vzorky dorazia k v\u00e1m, m\u00f4\u017eete si vysk\u00fa\u0161a\u0165 na\u0161e interakt\u00edvne vyu\u010dovanie alebo si pozrie\u0165 \u010fal\u0161ie materi\u00e1ly, ktor\u00e9 pon\u00fakame k\u00a0u\u010debn\u00e9mu kompletu Klassnyje druzja.<\/p>\n<\/div><\/section><\/div>\n<style type=\"text\/css\" data-created_by=\"avia_inline_auto\" id=\"style-css-av-eakxe-db205c5e5d87a05aed6993c240bfb6df\">\n.flex_column.av-eakxe-db205c5e5d87a05aed6993c240bfb6df{\nborder-radius:0px 0px 0px 0px;\npadding:0px 0px 0px 0px;\n}\n<\/style>\n<div  class='flex_column av-eakxe-db205c5e5d87a05aed6993c240bfb6df av_one_half  avia-builder-el-4  el_after_av_one_full  el_before_av_one_half  first flex_column_div av-zero-column-padding  column-top-margin'     ><div  class='avia-button-wrap av-k66lirou-9ec93c49ae470ce3e9a8af02d5932084-wrap avia-button-center  avia-builder-el-5  avia-builder-el-no-sibling '><a href='https:\/\/www.mauthor.com\/embed\/5321934017658880'  class='avia-button av-k66lirou-9ec93c49ae470ce3e9a8af02d5932084 av-link-btn avia-icon_select-yes-left-icon avia-size-x-large avia-position-center avia-color-theme-color'  target=\"_blank\"  rel=\"noopener noreferrer\"  aria-label=\"VYSK\u00da\u0160A\u0164 INTERAKT\u00cdVNE VYU\u010cOVANIE\"><span class='avia_button_icon avia_button_icon_left avia-iconfont avia-font-entypo-fontello' data-av_icon='\ue812' data-av_iconfont='entypo-fontello' ><\/span><span class='avia_iconbox_title' >VYSK\u00da\u0160A\u0164 INTERAKT\u00cdVNE VYU\u010cOVANIE<\/span><\/a><\/div><\/div>\n<style type=\"text\/css\" data-created_by=\"avia_inline_auto\" id=\"style-css-av-yyq2-72c516a10afbbd23fdc87b0246f586cc\">\n.flex_column.av-yyq2-72c516a10afbbd23fdc87b0246f586cc{\nborder-radius:0px 0px 0px 0px;\npadding:0px 0px 0px 0px;\n}\n<\/style>\n<div  class='flex_column av-yyq2-72c516a10afbbd23fdc87b0246f586cc av_one_half  avia-builder-el-6  el_after_av_one_half  avia-builder-el-last  flex_column_div av-zero-column-padding  column-top-margin'     ><div  class='avia-button-wrap av-k66lk6sg-685c3658a9a9f0b4417a75486028a931-wrap avia-button-center  avia-builder-el-7  avia-builder-el-no-sibling '><a href='https:\/\/vydavatelstvoklett.sk\/klassnyje-druzja\/ukazky-materialy\/'  class='avia-button av-k66lk6sg-685c3658a9a9f0b4417a75486028a931 av-link-btn avia-icon_select-yes-left-icon avia-size-x-large avia-position-center avia-color-theme-color'   aria-label=\"POZRIE\u0164 \u010eAL\u0160IE MATERI\u00c1LY\"><span class='avia_button_icon avia_button_icon_left avia-iconfont avia-font-entypo-fontello' data-av_icon='\ue803' data-av_iconfont='entypo-fontello' ><\/span><span class='avia_iconbox_title' >POZRIE\u0164 \u010eAL\u0160IE MATERI\u00c1LY<\/span><\/a><\/div><\/div><\/p>\n","protected":false},"excerpt":{"rendered":"","protected":false},"author":4,"featured_media":0,"parent":0,"menu_order":0,"comment_status":"closed","ping_status":"closed","template":"","meta":{"_exactmetrics_skip_tracking":false,"_exactmetrics_sitenote_active":false,"_exactmetrics_sitenote_note":"","_exactmetrics_sitenote_category":0,"footnotes":""},"class_list":["post-306","page","type-page","status-publish","hentry"],"_links":{"self":[{"href":"https:\/\/vydavatelstvoklett.sk\/klassnyje-druzja\/wp-json\/wp\/v2\/pages\/306","targetHints":{"allow":["GET"]}}],"collection":[{"href":"https:\/\/vydavatelstvoklett.sk\/klassnyje-druzja\/wp-json\/wp\/v2\/pages"}],"about":[{"href":"https:\/\/vydavatelstvoklett.sk\/klassnyje-druzja\/wp-json\/wp\/v2\/types\/page"}],"author":[{"embeddable":true,"href":"https:\/\/vydavatelstvoklett.sk\/klassnyje-druzja\/wp-json\/wp\/v2\/users\/4"}],"replies":[{"embeddable":true,"href":"https:\/\/vydavatelstvoklett.sk\/klassnyje-druzja\/wp-json\/wp\/v2\/comments?post=306"}],"version-history":[{"count":5,"href":"https:\/\/vydavatelstvoklett.sk\/klassnyje-druzja\/wp-json\/wp\/v2\/pages\/306\/revisions"}],"predecessor-version":[{"id":359,"href":"https:\/\/vydavatelstvoklett.sk\/klassnyje-druzja\/wp-json\/wp\/v2\/pages\/306\/revisions\/359"}],"wp:attachment":[{"href":"https:\/\/vydavatelstvoklett.sk\/klassnyje-druzja\/wp-json\/wp\/v2\/media?parent=306"}],"curies":[{"name":"wp","href":"https:\/\/api.w.org\/{rel}","templated":true}]}}