{"id":2,"date":"2018-04-25T18:25:53","date_gmt":"2018-04-25T16:25:53","guid":{"rendered":"http:\/\/klett.cz\/maximalinteraktiv\/?page_id=2"},"modified":"2022-02-14T14:37:26","modified_gmt":"2022-02-14T13:37:26","slug":"zkusebni-stranka","status":"publish","type":"page","link":"https:\/\/vydavatelstvoklett.sk\/kmi\/","title":{"rendered":"Domov"},"content":{"rendered":"\n<style type=\"text\/css\" data-created_by=\"avia_inline_auto\" id=\"style-css-av-mj42-15387529b42f6c87c7a1acaae88644fe\">\n.avia-image-container.av-mj42-15387529b42f6c87c7a1acaae88644fe img.avia_image{\nbox-shadow:none;\n}\n.avia-image-container.av-mj42-15387529b42f6c87c7a1acaae88644fe .av-image-caption-overlay-center{\ncolor:#ffffff;\n}\n<\/style>\n<div  class='avia-image-container av-mj42-15387529b42f6c87c7a1acaae88644fe av-styling- avia-align-center  avia-builder-el-0  el_before_av_hr  avia-builder-el-first '   itemprop=\"image\" itemscope=\"itemscope\" itemtype=\"https:\/\/schema.org\/ImageObject\" ><div class=\"avia-image-container-inner\"><div class=\"avia-image-overlay-wrap\"><img fetchpriority=\"high\" class='wp-image-109 avia-img-lazy-loading-not-109 avia_image ' src='https:\/\/vydavatelstvoklett.sk\/kmi\/wp-content\/uploads\/uvod_webu.png' alt='Klett Maximal interaktiv - \u00favodn\u00ed foto' title='Klett Maximal interaktiv'  height=\"748\" width=\"1500\"  itemprop=\"thumbnailUrl\"  \/><\/div><\/div><\/div>\n\n<style type=\"text\/css\" data-created_by=\"avia_inline_auto\" id=\"style-css-av-l4am-ff7fb24e652e0abcf5052fc2276825e5\">\n#top .hr.hr-invisible.av-l4am-ff7fb24e652e0abcf5052fc2276825e5{\nheight:50px;\n}\n<\/style>\n<div  class='hr av-l4am-ff7fb24e652e0abcf5052fc2276825e5 hr-invisible  avia-builder-el-1  el_after_av_image  el_before_av_one_full '><span class='hr-inner '><span class=\"hr-inner-style\"><\/span><\/span><\/div>\n\n<style type=\"text\/css\" data-created_by=\"avia_inline_auto\" id=\"style-css-av-hnio-1f5ac58a718a3077de2b1d6f2429f94e\">\n.flex_column.av-hnio-1f5ac58a718a3077de2b1d6f2429f94e{\nborder-radius:0px 0px 0px 0px;\npadding:0px 0px 0px 0px;\n}\n<\/style>\n<div  class='flex_column av-hnio-1f5ac58a718a3077de2b1d6f2429f94e av_one_full  avia-builder-el-2  el_after_av_hr  el_before_av_one_full  first flex_column_div av-zero-column-padding  '     ><section  class='av_textblock_section av-gq8m-8543553a972697c6cea65fbd1911f69a '   itemscope=\"itemscope\" itemtype=\"https:\/\/schema.org\/CreativeWork\" ><div class='avia_textblock'  itemprop=\"text\" ><h1 style=\"text-align: center;\">Klett Maximal interaktiv<\/h1>\n<\/div><\/section><\/div>\n\n<style type=\"text\/css\" data-created_by=\"avia_inline_auto\" id=\"style-css-av-d2wu-ef63943f7348094e3bee6f009c19d2ee\">\n.flex_column.av-d2wu-ef63943f7348094e3bee6f009c19d2ee{\nborder-radius:0px 0px 0px 0px;\npadding:0px 0px 0px 0px;\n}\n<\/style>\n<div  class='flex_column av-d2wu-ef63943f7348094e3bee6f009c19d2ee av_one_full  avia-builder-el-4  el_after_av_one_full  el_before_av_one_full  first flex_column_div av-zero-column-padding  column-top-margin'     ><section  class='av_textblock_section av-ccvw-43083e83ca762962d042ca3a0a6e4285 '   itemscope=\"itemscope\" itemtype=\"https:\/\/schema.org\/CreativeWork\" ><div class='avia_textblock'  itemprop=\"text\" ><p style=\"text-align: center;\">Klett Maximal interaktiv je unik\u00e1tny projekt u\u010debn\u00fdch materi\u00e1lov pre z\u00e1kladn\u00e9 \u0161koly a osemro\u010dn\u00e9 gymn\u00e1zi\u00e1, ktor\u00fd bol vytvoren\u00fd medzin\u00e1rodn\u00fdm t\u00edmom autorov a redaktorov spolo\u010dnosti Klett Gruppe. Nejedn\u00e1 sa o oby\u010dajn\u00fa k\u00f3piu zahrani\u010dnej u\u010debnej s\u00e9rie, na v\u00fdvoji kompletu od za\u010diatku spolupracovali slovensk\u00ed autori a redaktori.<\/p>\n<p style=\"text-align: center;\">Komplet Klett Maximal interaktiv je ur\u010den\u00fd pre \u017eiakov druh\u00e9ho stup\u0148a z\u00e1kladn\u00fdch \u0161k\u00f4l a zodpovedaj\u00facich ro\u010dn\u00edkov osemro\u010dn\u00fdch gymn\u00e1zi\u00ed.\u00a0 Plne kore\u0161ponduje s po\u017eiadavkami RVP a medzin\u00e1rodn\u00fdch sk\u00fa\u0161ok pr\u00edslu\u0161nej \u00farovne (GI, DSD, \u00d6SD).<\/p>\n<p style=\"text-align: center;\">U\u010debnice Klett Maximal interaktiv boli schv\u00e1len\u00e9 Ministerstvom \u0161kolstva, vedy, v\u00fdskumu a \u0161portu Slovenskej republiky.<\/p>\n<\/div><\/section><\/div>\n\n<style type=\"text\/css\" data-created_by=\"avia_inline_auto\" id=\"style-css-av-a41w-7445550d131816655cd20378d9996e9b\">\n.flex_column.av-a41w-7445550d131816655cd20378d9996e9b{\nborder-radius:0px 0px 0px 0px;\npadding:0px 0px 0px 0px;\n}\n<\/style>\n<div  class='flex_column av-a41w-7445550d131816655cd20378d9996e9b av_one_full  avia-builder-el-6  el_after_av_one_full  el_before_av_one_full  first flex_column_div av-zero-column-padding  column-top-margin'     ><div  class='avia-button-wrap av-6zwy-cbe6e46cf8e32a11b2eb59026f41748e-wrap avia-button-center  avia-builder-el-7  avia-builder-el-no-sibling '><a href='https:\/\/www.mauthor.com\/embed\/6028936308588544'  class='avia-button av-6zwy-cbe6e46cf8e32a11b2eb59026f41748e av-link-btn avia-icon_select-yes-left-icon avia-size-large avia-position-center avia-color-theme-color'   aria-label=\"Vysk\u00fa\u0161ajte interakt\u00edvny obsah Klett Maximal interaktiv\"><span class='avia_button_icon avia_button_icon_left avia-iconfont avia-font-entypo-fontello' data-av_icon='\ue803' data-av_iconfont='entypo-fontello' ><\/span><span class='avia_iconbox_title' >Vysk\u00fa\u0161ajte interakt\u00edvny obsah Klett Maximal interaktiv<\/span><\/a><\/div><\/div>\n\n<style type=\"text\/css\" data-created_by=\"avia_inline_auto\" id=\"style-css-av-669q-f2fcd7938288d5bde778b53f04cc722f\">\n.flex_column.av-669q-f2fcd7938288d5bde778b53f04cc722f{\nborder-radius:0px 0px 0px 0px;\npadding:0px 0px 0px 0px;\n}\n<\/style>\n<div  class='flex_column av-669q-f2fcd7938288d5bde778b53f04cc722f av_one_full  avia-builder-el-8  el_after_av_one_full  avia-builder-el-last  first flex_column_div av-zero-column-padding  column-top-margin'     ><style type=\"text\/css\" data-created_by=\"avia_inline_auto\" id=\"style-css-av-3rfm-e1916761142bf25e9829fc8991832bdd\">\n.avia-image-container.av-3rfm-e1916761142bf25e9829fc8991832bdd img.avia_image{\nbox-shadow:none;\n}\n.avia-image-container.av-3rfm-e1916761142bf25e9829fc8991832bdd .av-image-caption-overlay-center{\ncolor:#ffffff;\n}\n<\/style>\n<div  class='avia-image-container av-3rfm-e1916761142bf25e9829fc8991832bdd av-styling- avia-align-center  avia-builder-el-9  avia-builder-el-no-sibling '   itemprop=\"image\" itemscope=\"itemscope\" itemtype=\"https:\/\/schema.org\/ImageObject\" ><div class=\"avia-image-container-inner\"><div class=\"avia-image-overlay-wrap\"><img fetchpriority=\"high\" class='wp-image-380 avia-img-lazy-loading-not-380 avia_image ' src='https:\/\/vydavatelstvoklett.sk\/kmi\/wp-content\/uploads\/10-do\u0302vodov.png' alt='' title='10 do\u0302vodov'  height=\"432\" width=\"1030\"  itemprop=\"thumbnailUrl\"  \/><\/div><\/div><\/div><\/div>\n","protected":false},"excerpt":{"rendered":"","protected":false},"author":1,"featured_media":0,"parent":0,"menu_order":0,"comment_status":"closed","ping_status":"open","template":"","meta":{"_exactmetrics_skip_tracking":false,"_exactmetrics_sitenote_active":false,"_exactmetrics_sitenote_note":"","_exactmetrics_sitenote_category":0,"footnotes":""},"class_list":["post-2","page","type-page","status-publish","hentry"],"_links":{"self":[{"href":"https:\/\/vydavatelstvoklett.sk\/kmi\/wp-json\/wp\/v2\/pages\/2","targetHints":{"allow":["GET"]}}],"collection":[{"href":"https:\/\/vydavatelstvoklett.sk\/kmi\/wp-json\/wp\/v2\/pages"}],"about":[{"href":"https:\/\/vydavatelstvoklett.sk\/kmi\/wp-json\/wp\/v2\/types\/page"}],"author":[{"embeddable":true,"href":"https:\/\/vydavatelstvoklett.sk\/kmi\/wp-json\/wp\/v2\/users\/1"}],"replies":[{"embeddable":true,"href":"https:\/\/vydavatelstvoklett.sk\/kmi\/wp-json\/wp\/v2\/comments?post=2"}],"version-history":[{"count":18,"href":"https:\/\/vydavatelstvoklett.sk\/kmi\/wp-json\/wp\/v2\/pages\/2\/revisions"}],"predecessor-version":[{"id":499,"href":"https:\/\/vydavatelstvoklett.sk\/kmi\/wp-json\/wp\/v2\/pages\/2\/revisions\/499"}],"wp:attachment":[{"href":"https:\/\/vydavatelstvoklett.sk\/kmi\/wp-json\/wp\/v2\/media?parent=2"}],"curies":[{"name":"wp","href":"https:\/\/api.w.org\/{rel}","templated":true}]}}