{"id":33,"date":"2018-10-11T10:46:53","date_gmt":"2018-10-11T08:46:53","guid":{"rendered":"https:\/\/klett.cz\/kmi\/?page_id=33"},"modified":"2021-04-29T16:42:15","modified_gmt":"2021-04-29T14:42:15","slug":"kontakty","status":"publish","type":"page","link":"https:\/\/vydavatelstvoklett.sk\/kmi\/kontakty\/","title":{"rendered":"Kontakty"},"content":{"rendered":"<section  class='av_textblock_section av-9am8t-59966071e94f1d2444daedf5c5762044 '   itemscope=\"itemscope\" itemtype=\"https:\/\/schema.org\/CreativeWork\" ><div class='avia_textblock'  itemprop=\"text\" ><h1 style=\"text-align: center;\"><strong>KONTAKTUJTE N\u00c1S<\/strong><\/h1>\n<\/div><\/section>\n\n<style type=\"text\/css\" data-created_by=\"avia_inline_auto\" id=\"style-css-av-uj0t-8e1ab7288b72cad9c34a76a07b4582c9\">\n.flex_column.av-uj0t-8e1ab7288b72cad9c34a76a07b4582c9{\nborder-radius:0px 0px 0px 0px;\npadding:0px 0px 0px 0px;\n}\n<\/style>\n<div  class='flex_column av-uj0t-8e1ab7288b72cad9c34a76a07b4582c9 av_one_half  avia-builder-el-1  el_after_av_textblock  el_before_av_one_half  first flex_column_div av-zero-column-padding  column-top-margin'     ><form action=\"https:\/\/vydavatelstvoklett.sk\/kmi\/kontakty\/\" method=\"post\" data-fields-with-error=\"Found errors in the following field(s):\" class=\"avia_ajax_form av-form-labels-visible   avia-builder-el-2  avia-builder-el-no-sibling  av-custom-form-color av-dark-form \" data-avia-form-id=\"1\" data-avia-redirect='' ><h3 class=''>Nap\u00ed\u0161te n\u00e1m<\/h3><fieldset><p class='  first_form  form_element form_element_half' id='element_avia_1_1'><label for=\"avia_1_1\">Meno  <abbr class=\"required\" title=\"po\u017eadovan\u00fd\">*<\/abbr><\/label> <input name=\"avia_1_1\" class=\"text_input is_empty\" type=\"text\" id=\"avia_1_1\" value=\"\" \/><\/p><p class='  form_element form_element_half' id='element_avia_2_1'><label for=\"avia_2_1\">Priezvisko <abbr class=\"required\" title=\"po\u017eadovan\u00fd\">*<\/abbr><\/label> <input name=\"avia_2_1\" class=\"text_input is_empty\" type=\"text\" id=\"avia_2_1\" value=\"\" \/><\/p><p class='  first_form  form_element form_element_half' id='element_avia_3_1'><label for=\"avia_3_1\">E-mail <abbr class=\"required\" title=\"po\u017eadovan\u00fd\">*<\/abbr><\/label> <input name=\"avia_3_1\" class=\"text_input is_empty\" type=\"text\" id=\"avia_3_1\" value=\"\" \/><\/p><p class='  form_element form_element_half' id='element_avia_4_1'><label for=\"avia_4_1\">N\u00e1zov \u0161koly  <abbr class=\"required\" title=\"po\u017eadovan\u00fd\">*<\/abbr><\/label> <input name=\"avia_4_1\" class=\"text_input is_empty\" type=\"text\" id=\"avia_4_1\" value=\"\" \/><\/p><p class='  first_form  form_element form_fullwidth av-last-visible-form-element' id='element_avia_5_1'><label for=\"avia_5_1\" class=\"textare_label hidden textare_label_avia_5_1\">Spr\u00e1vu nap\u00ed\u0161te tu  <abbr class=\"required\" title=\"po\u017eadovan\u00fd\">*<\/abbr><\/label><textarea  name=\"avia_5_1\" class=\"text_area is_empty\" cols=\"40\" rows=\"7\" id=\"avia_5_1\" ><\/textarea><\/p><p class=\"hidden\"><input type=\"text\" name=\"avia_6_1\" class=\"hidden \" id=\"avia_6_1\" value=\"\" \/><\/p><p class=\"form_element \"><input type=\"hidden\" value=\"1\" name=\"avia_generated_form1\" \/><input type=\"submit\" value=\"Odosla\u0165\" class=\"button\"  data-sending-label=\"Odosielam\"\/><\/p><\/fieldset><\/form><div id=\"ajaxresponse_1\" class=\"ajaxresponse ajaxresponse_1 hidden\"><\/div><\/div>\n<style type=\"text\/css\" data-created_by=\"avia_inline_auto\" id=\"style-css-av-4kadl-5bfede9903fa102aaf2823ebe9efb1e1\">\n.flex_column.av-4kadl-5bfede9903fa102aaf2823ebe9efb1e1{\nborder-radius:0px 0px 0px 0px;\npadding:0px 0px 0px 0px;\n}\n<\/style>\n<div  class='flex_column av-4kadl-5bfede9903fa102aaf2823ebe9efb1e1 av_one_half  avia-builder-el-3  el_after_av_one_half  el_before_av_one_half  flex_column_div av-zero-column-padding  column-top-margin'     ><p>\n<style type=\"text\/css\" data-created_by=\"avia_inline_auto\" id=\"style-css-av-3qmbl-95de1d2f180c47c1fcf52620247830af\">\n#top .hr.av-3qmbl-95de1d2f180c47c1fcf52620247830af{\nmargin-top:30px;\nmargin-bottom:30px;\n}\n.hr.av-3qmbl-95de1d2f180c47c1fcf52620247830af .hr-inner{\nwidth:50px;\nborder-color:#ffffff;\n}\n<\/style>\n<div  class='hr av-3qmbl-95de1d2f180c47c1fcf52620247830af hr-custom  avia-builder-el-4  el_before_av_image  avia-builder-el-first  hr-center hr-icon-no'><span class='hr-inner inner-border-av-border-thin'><span class=\"hr-inner-style\"><\/span><\/span><\/div><br \/>\n\n<style type=\"text\/css\" data-created_by=\"avia_inline_auto\" id=\"style-css-av-3ki6l-0fbd1db507947ac7df6606dc75391aae\">\n.avia-image-container.av-3ki6l-0fbd1db507947ac7df6606dc75391aae img.avia_image{\nbox-shadow:none;\n}\n.avia-image-container.av-3ki6l-0fbd1db507947ac7df6606dc75391aae .av-image-caption-overlay-center{\ncolor:#ffffff;\n}\n<\/style>\n<div  class='avia-image-container av-3ki6l-0fbd1db507947ac7df6606dc75391aae av-styling- avia-align-center  avia-builder-el-5  el_after_av_hr  avia-builder-el-last '   itemprop=\"image\" itemscope=\"itemscope\" itemtype=\"https:\/\/schema.org\/ImageObject\" ><div class=\"avia-image-container-inner\"><div class=\"avia-image-overlay-wrap\"><img fetchpriority=\"high\" class='wp-image-129 avia-img-lazy-loading-not-129 avia_image ' src='https:\/\/vydavatelstvoklett.sk\/kmi\/wp-content\/uploads\/skupinove-foto-kontaky.png' alt='Klett Maximal interaktiv - hrdinov\u00e9' title='Klett Maximal interaktiv - hrdinov\u00e9'  height=\"683\" width=\"1024\"  itemprop=\"thumbnailUrl\"  \/><\/div><\/div><\/div><\/p><\/div><\/p>\n\n<style type=\"text\/css\" data-created_by=\"avia_inline_auto\" id=\"style-css-av-2pkoh-0d592cc0307a3e717182f3b9bb8f5e8d\">\n.flex_column.av-2pkoh-0d592cc0307a3e717182f3b9bb8f5e8d{\nborder-radius:0px 0px 0px 0px;\npadding:0px 0px 0px 0px;\n}\n<\/style>\n<div  class='flex_column av-2pkoh-0d592cc0307a3e717182f3b9bb8f5e8d av_one_half  avia-builder-el-6  el_after_av_one_half  el_before_av_one_half  first flex_column_div av-zero-column-padding  column-top-margin'     ><section  class='av_textblock_section av-24vul-c5e9eea06e8b06d037c5fe7d6edb870d '   itemscope=\"itemscope\" itemtype=\"https:\/\/schema.org\/CreativeWork\" ><div class='avia_textblock'  itemprop=\"text\" ><p><strong>Klett nakladatelstv\u00ed s.r.o.<\/strong><\/p>\n<p>Paul\u00ednska 513\/20<br \/>\n917 01 Trnava<\/p>\n<p><strong>E-mail:\u00a0<\/strong><a href=\"mailto:info@vydavatelstvoklett.sk\">info@vydavatelstvoklett.sk<\/a><br \/>\n<strong>Telef\u00f3n: <\/strong>+421\u00a0904\u00a0008\u00a0552<\/p>\n<\/div><\/section><\/div>\n\n<style type=\"text\/css\" data-created_by=\"avia_inline_auto\" id=\"style-css-av-1oymh-9f3e7654453c132104f307f5e1fd48d8\">\n.flex_column.av-1oymh-9f3e7654453c132104f307f5e1fd48d8{\nborder-radius:0px 0px 0px 0px;\npadding:0px 0px 0px 0px;\n}\n<\/style>\n<div  class='flex_column av-1oymh-9f3e7654453c132104f307f5e1fd48d8 av_one_half  avia-builder-el-8  el_after_av_one_half  avia-builder-el-last  flex_column_div av-zero-column-padding  column-top-margin'     ><section  class='av_textblock_section av-ya7h-4c3824fb7551f19ab765742938487af5 '   itemscope=\"itemscope\" itemtype=\"https:\/\/schema.org\/CreativeWork\" ><div class='avia_textblock'  itemprop=\"text\" ><p><iframe loading=\"lazy\" style=\"border: 0;\" src=\"https:\/\/www.google.com\/maps\/embed?pb=!1m18!1m12!1m3!1d1982.579525346352!2d17.587434857382608!3d48.37492523783697!2m3!1f0!2f0!3f0!3m2!1i1024!2i768!4f13.1!3m3!1m2!1s0x476ca0801082148b%3A0xb5c37c02668602df!2sPaul%C3%ADnska+513%2F20%2C+917+01+Trnava%2C+Slovensko!5e0!3m2!1scs!2scz!4v1557235562542!5m2!1scs!2scz\" width=\"400\" height=\"300\" frameborder=\"0\" allowfullscreen=\"allowfullscreen\"><\/iframe><\/p>\n<\/div><\/section><\/div>\n","protected":false},"excerpt":{"rendered":"","protected":false},"author":4,"featured_media":0,"parent":0,"menu_order":0,"comment_status":"closed","ping_status":"closed","template":"","meta":{"_exactmetrics_skip_tracking":false,"_exactmetrics_sitenote_active":false,"_exactmetrics_sitenote_note":"","_exactmetrics_sitenote_category":0,"footnotes":""},"class_list":["post-33","page","type-page","status-publish","hentry"],"_links":{"self":[{"href":"https:\/\/vydavatelstvoklett.sk\/kmi\/wp-json\/wp\/v2\/pages\/33","targetHints":{"allow":["GET"]}}],"collection":[{"href":"https:\/\/vydavatelstvoklett.sk\/kmi\/wp-json\/wp\/v2\/pages"}],"about":[{"href":"https:\/\/vydavatelstvoklett.sk\/kmi\/wp-json\/wp\/v2\/types\/page"}],"author":[{"embeddable":true,"href":"https:\/\/vydavatelstvoklett.sk\/kmi\/wp-json\/wp\/v2\/users\/4"}],"replies":[{"embeddable":true,"href":"https:\/\/vydavatelstvoklett.sk\/kmi\/wp-json\/wp\/v2\/comments?post=33"}],"version-history":[{"count":10,"href":"https:\/\/vydavatelstvoklett.sk\/kmi\/wp-json\/wp\/v2\/pages\/33\/revisions"}],"predecessor-version":[{"id":484,"href":"https:\/\/vydavatelstvoklett.sk\/kmi\/wp-json\/wp\/v2\/pages\/33\/revisions\/484"}],"wp:attachment":[{"href":"https:\/\/vydavatelstvoklett.sk\/kmi\/wp-json\/wp\/v2\/media?parent=33"}],"curies":[{"name":"wp","href":"https:\/\/api.w.org\/{rel}","templated":true}]}}