{"id":39,"date":"2018-10-11T10:47:41","date_gmt":"2018-10-11T08:47:41","guid":{"rendered":"https:\/\/klett.cz\/kmi\/?page_id=39"},"modified":"2022-02-14T14:30:03","modified_gmt":"2022-02-14T13:30:03","slug":"kmi","status":"publish","type":"page","link":"https:\/\/vydavatelstvoklett.sk\/kmi\/kmi\/","title":{"rendered":"Klett Maximal interaktiv"},"content":{"rendered":"\n<style type=\"text\/css\" data-created_by=\"avia_inline_auto\" id=\"style-css-av-139gf-fc490e2c71ab941d72935eee2f182909\">\n.flex_column.av-139gf-fc490e2c71ab941d72935eee2f182909{\nborder-radius:0px 0px 0px 0px;\npadding:0px 0px 0px 0px;\n}\n<\/style>\n<div  class='flex_column av-139gf-fc490e2c71ab941d72935eee2f182909 av_one_full  avia-builder-el-0  el_before_av_one_full  avia-builder-el-first  first flex_column_div av-zero-column-padding  '     ><style type=\"text\/css\" data-created_by=\"avia_inline_auto\" id=\"style-css-av-aa5yf-807919a7f9eb86e82497487f6b0e7b0e\">\n.avia-image-container.av-aa5yf-807919a7f9eb86e82497487f6b0e7b0e img.avia_image{\nbox-shadow:none;\n}\n.avia-image-container.av-aa5yf-807919a7f9eb86e82497487f6b0e7b0e .av-image-caption-overlay-center{\ncolor:#ffffff;\n}\n<\/style>\n<div  class='avia-image-container av-aa5yf-807919a7f9eb86e82497487f6b0e7b0e av-styling- avia-align-center  avia-builder-el-1  avia-builder-el-no-sibling '   itemprop=\"image\" itemscope=\"itemscope\" itemtype=\"https:\/\/schema.org\/ImageObject\" ><div class=\"avia-image-container-inner\"><div class=\"avia-image-overlay-wrap\"><img fetchpriority=\"high\" class='wp-image-113 avia-img-lazy-loading-not-113 avia_image ' src='https:\/\/vydavatelstvoklett.sk\/kmi\/wp-content\/uploads\/3ucebnice_MAXIMAL.png' alt='Klett Maximal interaktiv - u\u010debnice' title='Klett Maximal interaktiv - u\u010debnice'  height=\"500\" width=\"944\"  itemprop=\"thumbnailUrl\"  \/><\/div><\/div><\/div><\/div>\n\n<style type=\"text\/css\" data-created_by=\"avia_inline_auto\" id=\"style-css-av-9xx4z-adaef49af59fb28bfa91b13be32e901a\">\n.flex_column.av-9xx4z-adaef49af59fb28bfa91b13be32e901a{\nborder-radius:0px 0px 0px 0px;\npadding:0px 0px 0px 0px;\n}\n<\/style>\n<div  class='flex_column av-9xx4z-adaef49af59fb28bfa91b13be32e901a av_one_full  avia-builder-el-2  el_after_av_one_full  el_before_av_one_full  first flex_column_div av-zero-column-padding  column-top-margin'     ><section  class='av_textblock_section av-95kaz-73e665220b8d590104c992af0659f140 '   itemscope=\"itemscope\" itemtype=\"https:\/\/schema.org\/CreativeWork\" ><div class='avia_textblock'  itemprop=\"text\" ><h1 style=\"text-align: center;\">Klett Maximal interaktiv<\/h1>\n<h2 style=\"text-align: center;\"><strong>ATRAKT\u00cdVNA U\u010cEBNICA A PRACOVN\u00dd ZO\u0160IT<\/strong><\/h2>\n<p style=\"text-align: center;\">Komplet u\u010debn\u00edc nemeck\u00e9ho jazyka Klett Maximal interaktiv je ur\u010den\u00fd pre \u017eiakov druh\u00e9ho stup\u0148a z\u00e1kladn\u00fdch \u0161k\u00f4l a zodpovedaj\u00facich ro\u010dn\u00edkov osemro\u010dn\u00fdch gymn\u00e1zi\u00ed. Je vytvoren\u00fd v s\u00falade s RVP a po\u017eiadavkami medzin\u00e1rodn\u00fdch sk\u00fa\u0161ok z nemeck\u00e9ho jazyka (GI, \u00d6SD, DSD).<\/p>\n<p style=\"text-align: center;\"><strong>Tri diely<\/strong> doved\u00fa \u017eiakov na \u00farove\u0148 <strong>A2.1<\/strong> (A1.1, A1.2, A2.1).<\/p>\n<p style=\"text-align: center;\">Komplet tvor\u00ed\u00a0<strong>u\u010debnica<\/strong>,\u00a0<strong>\u010diernobiely \u010di farebn\u00fd pracovn\u00fd zo\u0161it<\/strong>, ktor\u00fd naviac obsahuje unik\u00e1tny\u00a0<strong>k\u00f3d, ktor\u00fd \u017eiakom umo\u017en\u00ed pr\u00edstup do interakt\u00edvnej online podpory<\/strong>.<\/p>\n<p style=\"text-align: center;\">Vyu\u010duj\u00faci maj\u00fa nav\u00edc k\u00a0dispoz\u00edcii\u00a0<strong>metodick\u00fa pr\u00edru\u010dku s\u00a0praktick\u00fdmi tipmi<\/strong>\u00a0pre v\u00fdu\u010dbu, testy, doplnkov\u00e9 pracovn\u00e9 listy a DVD so v\u0161etk\u00fdmi audio aj video nahr\u00e1vkami.<\/p>\n<\/div><\/section><\/div>\n<style type=\"text\/css\" data-created_by=\"avia_inline_auto\" id=\"style-css-av-8f52j-964dec9caf842bc5d7d15b9a7955fdbb\">\n.flex_column.av-8f52j-964dec9caf842bc5d7d15b9a7955fdbb{\nborder-radius:0px 0px 0px 0px;\npadding:0px 0px 0px 0px;\n}\n<\/style>\n<div  class='flex_column av-8f52j-964dec9caf842bc5d7d15b9a7955fdbb av_one_full  avia-builder-el-4  el_after_av_one_full  el_before_av_hr  first flex_column_div av-zero-column-padding  column-top-margin'     ><style type=\"text\/css\" data-created_by=\"avia_inline_auto\" id=\"style-css-av-7wyd3-34666e673b559ca2c2db05787786b09c\">\n.avia-image-container.av-7wyd3-34666e673b559ca2c2db05787786b09c img.avia_image{\nbox-shadow:none;\n}\n.avia-image-container.av-7wyd3-34666e673b559ca2c2db05787786b09c .av-image-caption-overlay-center{\ncolor:#ffffff;\n}\n<\/style>\n<div  class='avia-image-container av-7wyd3-34666e673b559ca2c2db05787786b09c av-styling- avia-align-center  avia-builder-el-5  avia-builder-el-no-sibling '   itemprop=\"image\" itemscope=\"itemscope\" itemtype=\"https:\/\/schema.org\/ImageObject\" ><div class=\"avia-image-container-inner\"><div class=\"avia-image-overlay-wrap\"><img fetchpriority=\"high\" class='wp-image-114 avia-img-lazy-loading-not-114 avia_image ' src='https:\/\/vydavatelstvoklett.sk\/kmi\/wp-content\/uploads\/ucebnicepracsesit.png' alt='Klett Maximal interaktiv - u\u010debnice a pracovn\u00ed se\u0161it' title='Klett Maximal interaktiv'  height=\"500\" width=\"496\"  itemprop=\"thumbnailUrl\"  \/><\/div><\/div><\/div><\/div><\/p>\n\n<style type=\"text\/css\" data-created_by=\"avia_inline_auto\" id=\"style-css-av-7a1tr-78350818997dd14a80c308a2e0725eca\">\n#top .hr.hr-invisible.av-7a1tr-78350818997dd14a80c308a2e0725eca{\nheight:80px;\n}\n<\/style>\n<div  class='hr av-7a1tr-78350818997dd14a80c308a2e0725eca hr-invisible  avia-builder-el-6  el_after_av_one_full  el_before_av_one_full '><span class='hr-inner '><span class=\"hr-inner-style\"><\/span><\/span><\/div>\n\n<style type=\"text\/css\" data-created_by=\"avia_inline_auto\" id=\"style-css-av-717uj-3e15f77455d5f98f1c8992e474e0ed48\">\n.flex_column.av-717uj-3e15f77455d5f98f1c8992e474e0ed48{\nborder-radius:0px 0px 0px 0px;\npadding:0px 0px 0px 0px;\n}\n<\/style>\n<div  class='flex_column av-717uj-3e15f77455d5f98f1c8992e474e0ed48 av_one_full  avia-builder-el-7  el_after_av_hr  el_before_av_one_full  first flex_column_div av-zero-column-padding  '     ><section  class='av_textblock_section av-6i19f-1b083d730b42d760c478613bd23e5056 '   itemscope=\"itemscope\" itemtype=\"https:\/\/schema.org\/CreativeWork\" ><div class='avia_textblock'  itemprop=\"text\" ><h2 style=\"text-align: center;\"><strong>\u010cO V\u00c1S \u010cAK\u00c1 S \u200b\u200b KLETT MAXIMAL INTERAKTIV?<\/strong><\/h2>\n<ul>\n<li>Komunikat\u00edvny pr\u00edstup spolu s re\u00e1lnymi pr\u00edbehmi a rozhovory nemeck\u00fdch t\u00edned\u017eerov, ktor\u00e9 robia vyu\u010dovanie z\u00e1bavn\u00fdm a efekt\u00edvnym.<\/li>\n<li>Integrovan\u00e9 re\u00e1lie, mini projekty, sebahodnotenie, opakovanie &#8211; to v\u0161etko premyslene napom\u00e1ha zlep\u0161ova\u0165 vedomosti \u017eiakov.<\/li>\n<li>\u010eal\u0161ie mimoriadne aktivity ako je projektov\u00e1 strana \u010di pr\u00edprava na jazykov\u00e9 sk\u00fa\u0161ky.<\/li>\n<li>V\u0161etky materi\u00e1ly, sprev\u00e1dzan\u00e9 mno\u017estvom r\u00f4znorod\u00fdch textov, fotografi\u00ed, komiksom, odkazmi na modern\u00e9 m\u00e9di\u00e1, a cvi\u010denia, podporuj\u00face 3\u00farov\u0148ov\u00fa vn\u00fatorn\u00fa diferenci\u00e1ciu, robia v\u00fdu\u010dbu s Klett Maximal interaktiv atrakt\u00edvnou a efekt\u00edvnou.<\/li>\n<li>Interakt\u00edvna u\u010debnica, ktor\u00e1 obsahuje tla\u010den\u00fa u\u010debnicu aj pracovn\u00fd zo\u0161it v digit\u00e1lnej podobe, je obohaten\u00e1 o didaktizovan\u00e9 vide\u00e1 a viac ako 100 kr\u00e1tkych sprievodn\u00fdch klipov.<\/li>\n<li>Interakt\u00edvna u\u010debnica je doplnen\u00e1 mno\u017estvom anim\u00e1ci\u00ed, didaktick\u00fdch hier, \u0161irok\u00fdm spektrom interakt\u00edvnych cvi\u010den\u00ed, r\u00f4znorod\u00fdmi aktivitami, mini projektmi a odkazmi na precvi\u010denie slovnej z\u00e1soby \u010di gramatiky.<\/li>\n<\/ul>\n<p style=\"text-align: center;\">U\u010debnicu a pracovn\u00fd zo\u0161it m\u00f4\u017eete vyu\u017ei\u0165 aj s Klett Learning Management System (LMS), v ktorom je u\u010dite\u013e prepojen\u00fd so svojimi \u017eiakmi. Viac o LMS TU.<\/p>\n<p style=\"text-align: center;\">U\u010debnice Klett Maximal interaktiv boli schv\u00e1len\u00e9 Ministerstvom \u0161kolstva, vedy, v\u00fdskumu a \u0161portu Slovenskej republiky.<\/p>\n<\/div><\/section><\/div>\n\n<style type=\"text\/css\" data-created_by=\"avia_inline_auto\" id=\"style-css-av-5mycv-ec1c27d19e1e93be27ccc011c8d8dfa1\">\n.flex_column.av-5mycv-ec1c27d19e1e93be27ccc011c8d8dfa1{\nborder-radius:0px 0px 0px 0px;\npadding:0px 0px 0px 0px;\n}\n<\/style>\n<div  class='flex_column av-5mycv-ec1c27d19e1e93be27ccc011c8d8dfa1 av_one_full  avia-builder-el-9  el_after_av_one_full  el_before_av_hr  first flex_column_div av-zero-column-padding  column-top-margin'     ><style type=\"text\/css\" data-created_by=\"avia_inline_auto\" id=\"style-css-av-511ur-94f58ac0314a443e79cd6cb46d227e22\">\n.avia-image-container.av-511ur-94f58ac0314a443e79cd6cb46d227e22 img.avia_image{\nbox-shadow:none;\n}\n.avia-image-container.av-511ur-94f58ac0314a443e79cd6cb46d227e22 .av-image-caption-overlay-center{\ncolor:#ffffff;\n}\n<\/style>\n<div  class='avia-image-container av-511ur-94f58ac0314a443e79cd6cb46d227e22 av-styling- avia-align-center  avia-builder-el-10  avia-builder-el-no-sibling '   itemprop=\"image\" itemscope=\"itemscope\" itemtype=\"https:\/\/schema.org\/ImageObject\" ><div class=\"avia-image-container-inner\"><div class=\"avia-image-overlay-wrap\"><img fetchpriority=\"high\" class='wp-image-116 avia-img-lazy-loading-not-116 avia_image ' src='https:\/\/vydavatelstvoklett.sk\/kmi\/wp-content\/uploads\/MAXIMAL_ucebnice_0lekce2.png' alt='Klett Maximal interaktiv - u\u010debnice - 0lekce' title='Klett Maximal interaktiv - u\u010debnice - 0lekce'  height=\"345\" width=\"600\"  itemprop=\"thumbnailUrl\"  \/><\/div><\/div><\/div><\/div>\n\n<style type=\"text\/css\" data-created_by=\"avia_inline_auto\" id=\"style-css-av-4a5vj-556ad185f1cb15ece59043dcf7d29428\">\n#top .hr.hr-invisible.av-4a5vj-556ad185f1cb15ece59043dcf7d29428{\nheight:80px;\n}\n<\/style>\n<div  class='hr av-4a5vj-556ad185f1cb15ece59043dcf7d29428 hr-invisible  avia-builder-el-11  el_after_av_one_full  el_before_av_one_full '><span class='hr-inner '><span class=\"hr-inner-style\"><\/span><\/span><\/div>\n\n<style type=\"text\/css\" data-created_by=\"avia_inline_auto\" id=\"style-css-av-43kon-d430fedb68f62f5d9da79546310bbce9\">\n.flex_column.av-43kon-d430fedb68f62f5d9da79546310bbce9{\nborder-radius:0px 0px 0px 0px;\npadding:0px 0px 0px 0px;\n}\n<\/style>\n<div  class='flex_column av-43kon-d430fedb68f62f5d9da79546310bbce9 av_one_full  avia-builder-el-12  el_after_av_hr  el_before_av_one_half  first flex_column_div av-zero-column-padding  '     ><section  class='av_textblock_section av-35ykr-f379415561ed6555d7e0df1eb1ae50ab '   itemscope=\"itemscope\" itemtype=\"https:\/\/schema.org\/CreativeWork\" ><div class='avia_textblock'  itemprop=\"text\" ><h2><strong>\u0160TRUKT\u00daRA U\u010cEBNICE A PRACOVN\u00c9HO ZO\u0160ITA KLETT MAXIMAL INTERAKTIV<\/strong><\/h2>\n<\/div><\/section><\/div>\n\n<style type=\"text\/css\" data-created_by=\"avia_inline_auto\" id=\"style-css-av-2mlqn-c2608576e5378fa58dc13c16e6b6b3cf\">\n.flex_column.av-2mlqn-c2608576e5378fa58dc13c16e6b6b3cf{\nborder-radius:0px 0px 0px 0px;\npadding:0px 0px 0px 0px;\n}\n<\/style>\n<div  class='flex_column av-2mlqn-c2608576e5378fa58dc13c16e6b6b3cf av_one_half  avia-builder-el-14  el_after_av_one_full  el_before_av_one_half  first flex_column_div av-zero-column-padding  column-top-margin'     ><section  class='av_textblock_section av-23oyb-8d719f94f75fa98f7212f8ae11a67e0f '   itemscope=\"itemscope\" itemtype=\"https:\/\/schema.org\/CreativeWork\" ><div class='avia_textblock'  itemprop=\"text\" ><h2><strong>\u0160TRUKT\u00daRA U\u010cEBNICE<\/strong><\/h2>\n<p>U\u010debnica Klett Maximal interaktiv sa sklad\u00e1 z <strong>dvoch modulov<\/strong>. Ka\u017ed\u00fd modul je tvoren\u00fd <strong>tromi lekciami<\/strong>. 1. diel obsahuje navy\u0161e nult\u00fa motiva\u010dn\u00fa lekciu.<\/p>\n<p><strong>\u0160trukt\u00fara modulu a lekci\u00ed:<\/strong><\/p>\n<p><strong>Motiva\u010dn\u00e1 dvojstrana modulu<\/strong><\/p>\n<ul>\n<li>obsahuje ciele dan\u00e9ho modulu<\/li>\n<li>z\u00e1bavn\u00e9 \u00falohy prebudia zvedavos\u0165 a zv\u00fd\u0161ia motiv\u00e1ciu \u017eiakov<\/li>\n<\/ul>\n<p><strong>3 lekcie<\/strong><\/p>\n<ul>\n<li>ka\u017ed\u00e1 lekcia obsahuje ve\u013ek\u00e9 mno\u017estvo r\u00f4znorod\u00fdch cvi\u010den\u00ed<\/li>\n<li>systematick\u00fd n\u00e1cvik spr\u00e1vnej v\u00fdslovnosti<\/li>\n<li>rovnomern\u00fd rozvoj jazykov\u00fdch kompetenci\u00ed<\/li>\n<li>pr\u00e1ca s videom<\/li>\n<li>miniprojekty<\/li>\n<li>na konci ka\u017edej lekcie &#8211; slovn\u00ed\u010dek so slov\u00ed\u010dkami raden\u00fdmi pod\u013ea strany prv\u00e9ho v\u00fdskytu<\/li>\n<\/ul>\n<p><strong>Klett Maximal pr\u00e4sentiert<\/strong><\/p>\n<ul>\n<li>strana explicitne venovan\u00e1 re\u00e1li\u00e1m<\/li>\n<\/ul>\n<p><strong>Projekt<\/strong><\/p>\n<ul>\n<li>strana venovan\u00e1 projektu, pri vytv\u00e1ran\u00ed ktor\u00e9ho \u017eiaci z\u00faro\u010dia (nielen) nadobnut\u00e9 vedomosti<\/li>\n<\/ul>\n<p><strong>Grammatik\u00fcbersicht<\/strong><\/p>\n<ul>\n<li>gramatick\u00fd preh\u013ead na konci u\u010debnice preh\u013eadne sumarizuje cel\u00fa gramatick\u00fa l\u00e1tku dan\u00e9ho dielu<\/li>\n<\/ul>\n<\/div><\/section><\/div>\n\n<style type=\"text\/css\" data-created_by=\"avia_inline_auto\" id=\"style-css-av-1qqlf-f17e8b78df279ab3000f5ab8d07ba239\">\n.flex_column.av-1qqlf-f17e8b78df279ab3000f5ab8d07ba239{\nborder-radius:0px 0px 0px 0px;\npadding:0px 0px 0px 0px;\n}\n<\/style>\n<div  class='flex_column av-1qqlf-f17e8b78df279ab3000f5ab8d07ba239 av_one_half  avia-builder-el-16  el_after_av_one_half  avia-builder-el-last  flex_column_div av-zero-column-padding  column-top-margin'     ><section  class='av_textblock_section av-p1f3-3fd65d5c1ea5c14bc4a76e76b9daf573 '   itemscope=\"itemscope\" itemtype=\"https:\/\/schema.org\/CreativeWork\" ><div class='avia_textblock'  itemprop=\"text\" ><h2><strong>\u0160TRUKT\u00daRA PRACOVN\u00c9HO ZO\u0160ITA<\/strong><\/h2>\n<p>Pracovn\u00fd zo\u0161it Klett Maximal interaktiv sa \u2013 rovnako ako u\u010debnica &#8211; sklad\u00e1 z <strong>dvoch modulov<\/strong>. Ka\u017ed\u00fd modul je tvoren\u00fd <strong>tromi lekciami<\/strong>.<\/p>\n<p><strong>\u0160trukt\u00fara modulu<\/strong><\/p>\n<p><strong>\u00davodn\u00e1 motiva\u010dn\u00e1 strana modulu<\/strong><\/p>\n<ul>\n<li>vz\u0165ahuje sa k \u00favodnej dvojstrane v u\u010debnici<\/li>\n<\/ul>\n<p><strong>3 lekcie<\/strong><\/p>\n<ul>\n<li>mno\u017estvo r\u00f4znorod\u00fdch cvi\u010den\u00ed<\/li>\n<\/ul>\n<p><strong>Aktionsseiten<\/strong><\/p>\n<ul>\n<li>dvojstrana zameran\u00e1 na kreat\u00edvne cvi\u010denia, miniprojekty<\/li>\n<\/ul>\n<p><strong>Pr\u00fcfungstraining<\/strong><\/p>\n<ul>\n<li>4 strany obsahuj\u00face pr\u00edpravu na jazykov\u00e9 sk\u00fa\u0161ky<\/li>\n<li>tr\u00e9ning v\u0161etk\u00fdch 4 jazykov\u00fdch zru\u010dnost\u00ed &#8211; po\u010d\u00favanie s porozumen\u00edm, \u010d\u00edtanie, p\u00edsanie, rozpr\u00e1vanie<\/li>\n<\/ul>\n<p><strong>Meine Grammatik<\/strong><\/p>\n<ul>\n<li>dvojstrana s gramatick\u00fdm preh\u013eadom dan\u00e9ho modulu<\/li>\n<\/ul>\n<p><strong>Mein Wortschatz<\/strong><\/p>\n<ul>\n<li>tri strany, ktor\u00e9 sl\u00fa\u017eia na systematiz\u00e1ciu slovnej z\u00e1soby<\/li>\n<\/ul>\n<p><strong>Das kann ich schon<\/strong><\/p>\n<ul>\n<li>dve strany, na ktor\u00fdch si sami \u017eiaci overia, nako\u013eko zvl\u00e1dli l\u00e1tku dan\u00e9ho modulu<\/li>\n<\/ul>\n<p>Na konci pracovn\u00e9ho zo\u0161ita sa nach\u00e1dza abecedn\u00fd slovn\u00ed\u010dek s uvedenou stranou a lekciou prv\u00e9ho v\u00fdskytu.<\/p>\n<\/div><\/section><\/div>\n","protected":false},"excerpt":{"rendered":"","protected":false},"author":4,"featured_media":0,"parent":0,"menu_order":0,"comment_status":"closed","ping_status":"closed","template":"","meta":{"_exactmetrics_skip_tracking":false,"_exactmetrics_sitenote_active":false,"_exactmetrics_sitenote_note":"","_exactmetrics_sitenote_category":0,"footnotes":""},"class_list":["post-39","page","type-page","status-publish","hentry"],"_links":{"self":[{"href":"https:\/\/vydavatelstvoklett.sk\/kmi\/wp-json\/wp\/v2\/pages\/39","targetHints":{"allow":["GET"]}}],"collection":[{"href":"https:\/\/vydavatelstvoklett.sk\/kmi\/wp-json\/wp\/v2\/pages"}],"about":[{"href":"https:\/\/vydavatelstvoklett.sk\/kmi\/wp-json\/wp\/v2\/types\/page"}],"author":[{"embeddable":true,"href":"https:\/\/vydavatelstvoklett.sk\/kmi\/wp-json\/wp\/v2\/users\/4"}],"replies":[{"embeddable":true,"href":"https:\/\/vydavatelstvoklett.sk\/kmi\/wp-json\/wp\/v2\/comments?post=39"}],"version-history":[{"count":14,"href":"https:\/\/vydavatelstvoklett.sk\/kmi\/wp-json\/wp\/v2\/pages\/39\/revisions"}],"predecessor-version":[{"id":494,"href":"https:\/\/vydavatelstvoklett.sk\/kmi\/wp-json\/wp\/v2\/pages\/39\/revisions\/494"}],"wp:attachment":[{"href":"https:\/\/vydavatelstvoklett.sk\/kmi\/wp-json\/wp\/v2\/media?parent=39"}],"curies":[{"name":"wp","href":"https:\/\/api.w.org\/{rel}","templated":true}]}}