{"id":435,"date":"2021-03-03T16:52:45","date_gmt":"2021-03-03T15:52:45","guid":{"rendered":"https:\/\/vydavatelstvoklett.sk\/kmi\/?page_id=435"},"modified":"2023-02-15T09:18:07","modified_gmt":"2023-02-15T08:18:07","slug":"online-kvizy-kahoot","status":"publish","type":"page","link":"https:\/\/vydavatelstvoklett.sk\/kmi\/online-kvizy-kahoot\/","title":{"rendered":"Online kv\u00edzy Kahoot!"},"content":{"rendered":"\n<style type=\"text\/css\" data-created_by=\"avia_inline_auto\" id=\"style-css-av-4xaa3-99170d0bf6e0968a2727fee9bdfc0a80\">\n.flex_column.av-4xaa3-99170d0bf6e0968a2727fee9bdfc0a80{\nborder-radius:0px 0px 0px 0px;\npadding:0px 0px 0px 0px;\n}\n<\/style>\n<div  class='flex_column av-4xaa3-99170d0bf6e0968a2727fee9bdfc0a80 av_one_full  avia-builder-el-0  el_before_av_one_full  avia-builder-el-first  first flex_column_div av-zero-column-padding  '     ><style type=\"text\/css\" data-created_by=\"avia_inline_auto\" id=\"style-css-av-kltmavyu-40a2746591352f06121316c755fc444b\">\n.avia-image-container.av-kltmavyu-40a2746591352f06121316c755fc444b img.avia_image{\nbox-shadow:none;\n}\n.avia-image-container.av-kltmavyu-40a2746591352f06121316c755fc444b .av-image-caption-overlay-center{\ncolor:#ffffff;\n}\n<\/style>\n<div  class='avia-image-container av-kltmavyu-40a2746591352f06121316c755fc444b av-styling- avia-align-center  avia-builder-el-1  avia-builder-el-no-sibling '   itemprop=\"image\" itemscope=\"itemscope\" itemtype=\"https:\/\/schema.org\/ImageObject\" ><div class=\"avia-image-container-inner\"><div class=\"avia-image-overlay-wrap\"><img fetchpriority=\"high\" class='wp-image-437 avia-img-lazy-loading-not-437 avia_image ' src='https:\/\/vydavatelstvoklett.sk\/kmi\/wp-content\/uploads\/1280px-Kahoot_Logo.svg_-300x102-1.png' alt='' title='1280px-Kahoot_Logo.svg_-300x102 (1)'  height=\"102\" width=\"300\"  itemprop=\"thumbnailUrl\"  \/><\/div><\/div><\/div><\/div>\n\n<style type=\"text\/css\" data-created_by=\"avia_inline_auto\" id=\"style-css-av-18ncj7-0d95844aee0ae244d2e96a3dc62e2de1\">\n.flex_column.av-18ncj7-0d95844aee0ae244d2e96a3dc62e2de1{\nborder-radius:0px 0px 0px 0px;\npadding:0px 0px 0px 0px;\n}\n<\/style>\n<div  class='flex_column av-18ncj7-0d95844aee0ae244d2e96a3dc62e2de1 av_one_full  avia-builder-el-2  el_after_av_one_full  el_before_av_one_full  first flex_column_div av-zero-column-padding  column-top-margin'     ><section  class='av_textblock_section av-kltmb5kr-906fb1bca5cf656ada0e6f1a3415fefa '   itemscope=\"itemscope\" itemtype=\"https:\/\/schema.org\/CreativeWork\" ><div class='avia_textblock'  itemprop=\"text\" ><h1 style=\"text-align: center;\">Online kv\u00edzy Kahoot!<\/h1>\n<div style=\"text-align: center;\">K jednotliv\u00fdm lekci\u00e1m u\u010debnice Klett Maximal interaktiv sme vytvorili online z\u00e1bavn\u00e9 kv\u00edzy Kahoot!<\/div>\n<div style=\"text-align: center;\">Vyberte si lekciu, ktor\u00e1 V\u00e1s zauj\u00edma a\u00a0potom u\u017e sa len zab\u00e1vajte (a u\u010dte) pri\u00a0na\u0161ich z\u00e1bavn\u00fdch kv\u00edzoch.<\/div>\n<\/div><\/section><\/div>\n\n<style type=\"text\/css\" data-created_by=\"avia_inline_auto\" id=\"style-css-av-zpcpn-7ee183e0df6e0924e39ace44470288fa\">\n.flex_column.av-zpcpn-7ee183e0df6e0924e39ace44470288fa{\nborder-radius:0px 0px 0px 0px;\npadding:0px 0px 0px 0px;\n}\n<\/style>\n<div  class='flex_column av-zpcpn-7ee183e0df6e0924e39ace44470288fa av_one_full  avia-builder-el-4  el_after_av_one_full  el_before_av_one_full  first flex_column_div av-zero-column-padding  column-top-margin'     ><section  class='av_textblock_section av-le5dwvvg-6ef898f2ff878dd1014e2106a88a05f1 '   itemscope=\"itemscope\" itemtype=\"https:\/\/schema.org\/CreativeWork\" ><div class='avia_textblock'  itemprop=\"text\" ><h1 style=\"text-align: center;\">Kahoot! k u\u010debnici Klett Maximal interaktiv 1<\/h1>\n<\/div><\/section><\/div>\n\n<style type=\"text\/css\" data-created_by=\"avia_inline_auto\" id=\"style-css-av-10lgkr-13e64711599bc0d43f61c3808abd54d4\">\n.flex_column.av-10lgkr-13e64711599bc0d43f61c3808abd54d4{\nborder-radius:0px 0px 0px 0px;\npadding:0px 0px 0px 0px;\n}\n<\/style>\n<div  class='flex_column av-10lgkr-13e64711599bc0d43f61c3808abd54d4 av_one_full  avia-builder-el-6  el_after_av_one_full  el_before_av_one_full  first flex_column_div av-zero-column-padding  column-top-margin'     ><section  class='av_textblock_section av-kltmb5kr-11-539cf0928be922b0c7ef9a7f9ce818ec '   itemscope=\"itemscope\" itemtype=\"https:\/\/schema.org\/CreativeWork\" ><div class='avia_textblock av_inherit_color'  itemprop=\"text\" ><h1 style=\"text-align: center;\"><a href=\"https:\/\/vydavatelstvoklett.sk\/kmi\/kahoot-k-lekcii-1-1\/\">Kahoot! k lekcii 1.1<\/a><\/h1>\n<\/div><\/section><\/div>\n<style type=\"text\/css\" data-created_by=\"avia_inline_auto\" id=\"style-css-av-z518b-f31b281025c0838b36d86e39efc11e5a\">\n.flex_column.av-z518b-f31b281025c0838b36d86e39efc11e5a{\nborder-radius:0px 0px 0px 0px;\npadding:0px 0px 0px 0px;\n}\n<\/style>\n<div  class='flex_column av-z518b-f31b281025c0838b36d86e39efc11e5a av_one_full  avia-builder-el-8  el_after_av_one_full  el_before_av_one_full  first flex_column_div av-zero-column-padding  column-top-margin'     ><section  class='av_textblock_section av-kltmb5kr-10-378bee931cb9066322d395fbab405be0 '   itemscope=\"itemscope\" itemtype=\"https:\/\/schema.org\/CreativeWork\" ><div class='avia_textblock av_inherit_color'  itemprop=\"text\" ><h1 style=\"text-align: center;\"><a href=\"https:\/\/vydavatelstvoklett.sk\/kmi\/kahoot-k-lekcii-1-2\/\">Kahoot! k lekcii 1.2<\/a><\/h1>\n<\/div><\/section><\/div>\n<style type=\"text\/css\" data-created_by=\"avia_inline_auto\" id=\"style-css-av-t2qfn-29988a15b5fc26f80cefbd5a22962439\">\n.flex_column.av-t2qfn-29988a15b5fc26f80cefbd5a22962439{\nborder-radius:0px 0px 0px 0px;\npadding:0px 0px 0px 0px;\n}\n<\/style>\n<div  class='flex_column av-t2qfn-29988a15b5fc26f80cefbd5a22962439 av_one_full  avia-builder-el-10  el_after_av_one_full  el_before_av_one_full  first flex_column_div av-zero-column-padding  column-top-margin'     ><section  class='av_textblock_section av-kltmb5kr-9-d59f9e1c5418858bd1b94fbd74e22342 '   itemscope=\"itemscope\" itemtype=\"https:\/\/schema.org\/CreativeWork\" ><div class='avia_textblock av_inherit_color'  itemprop=\"text\" ><h1 style=\"text-align: center;\"><a href=\"https:\/\/vydavatelstvoklett.sk\/kmi\/kahoot-k-lekcii-1-3\/\">Kahoot! k lekcii 1.3<\/a><\/h1>\n<\/div><\/section><\/div>\n<style type=\"text\/css\" data-created_by=\"avia_inline_auto\" id=\"style-css-av-n3a9f-99c7896f0b1de6ec451d33876ce2a368\">\n.flex_column.av-n3a9f-99c7896f0b1de6ec451d33876ce2a368{\nborder-radius:0px 0px 0px 0px;\npadding:0px 0px 0px 0px;\n}\n<\/style>\n<div  class='flex_column av-n3a9f-99c7896f0b1de6ec451d33876ce2a368 av_one_full  avia-builder-el-12  el_after_av_one_full  el_before_av_one_full  first flex_column_div av-zero-column-padding  column-top-margin'     ><section  class='av_textblock_section av-kltmb5kr-8-af79dd80cb515080343811c0470f9e32 '   itemscope=\"itemscope\" itemtype=\"https:\/\/schema.org\/CreativeWork\" ><div class='avia_textblock av_inherit_color'  itemprop=\"text\" ><h1 style=\"text-align: center;\"><a href=\"https:\/\/vydavatelstvoklett.sk\/kmi\/kahoot-k-lekcii-2-1\/\">Kahoot! k lekcii 2.1<\/a><\/h1>\n<\/div><\/section><\/div>\n<style type=\"text\/css\" data-created_by=\"avia_inline_auto\" id=\"style-css-av-frrdn-fd2efaeb54904f8be9f8051cbe6862fa\">\n.flex_column.av-frrdn-fd2efaeb54904f8be9f8051cbe6862fa{\nborder-radius:0px 0px 0px 0px;\npadding:0px 0px 0px 0px;\n}\n<\/style>\n<div  class='flex_column av-frrdn-fd2efaeb54904f8be9f8051cbe6862fa av_one_full  avia-builder-el-14  el_after_av_one_full  el_before_av_one_full  first flex_column_div av-zero-column-padding  column-top-margin'     ><section  class='av_textblock_section av-kltmb5kr-7-78fbab68d5fcb931b32dcc51146b4eea '   itemscope=\"itemscope\" itemtype=\"https:\/\/schema.org\/CreativeWork\" ><div class='avia_textblock av_inherit_color'  itemprop=\"text\" ><h1 style=\"text-align: center;\"><a href=\"https:\/\/vydavatelstvoklett.sk\/kmi\/kahoot-k-lekcii-2-2\/\">Kahoot! k lekcii 2.2<\/a><\/h1>\n<\/div><\/section><\/div>\n<style type=\"text\/css\" data-created_by=\"avia_inline_auto\" id=\"style-css-av-ajx17-21f0e147de62832e123ce96177077bdc\">\n.flex_column.av-ajx17-21f0e147de62832e123ce96177077bdc{\nborder-radius:0px 0px 0px 0px;\npadding:0px 0px 0px 0px;\n}\n<\/style>\n<div  class='flex_column av-ajx17-21f0e147de62832e123ce96177077bdc av_one_full  avia-builder-el-16  el_after_av_one_full  el_before_av_one_full  first flex_column_div av-zero-column-padding  column-top-margin'     ><section  class='av_textblock_section av-kltmb5kr-6-9ea76dc96eb24151f77fd7c946420cd2 '   itemscope=\"itemscope\" itemtype=\"https:\/\/schema.org\/CreativeWork\" ><div class='avia_textblock av_inherit_color'  itemprop=\"text\" ><h1 style=\"text-align: center;\"><a href=\"https:\/\/vydavatelstvoklett.sk\/kmi\/kahoot-k-lekcii-2-3\/\">Kahoot! k lekcii 2.3<\/a><\/h1>\n<\/div><\/section><\/div>\n<style type=\"text\/css\" data-created_by=\"avia_inline_auto\" id=\"style-css-av-ojh4b-6fcf2dd9d226d08587db07733266222b\">\n.flex_column.av-ojh4b-6fcf2dd9d226d08587db07733266222b{\nborder-radius:0px 0px 0px 0px;\npadding:0px 0px 0px 0px;\n}\n<\/style>\n<div  class='flex_column av-ojh4b-6fcf2dd9d226d08587db07733266222b av_one_full  avia-builder-el-18  el_after_av_one_full  el_before_av_one_full  first flex_column_div av-zero-column-padding  column-top-margin'     ><section  class='av_textblock_section av-le5dx8kd-036c9e8dbff1634fe779362c1d85de53 '   itemscope=\"itemscope\" itemtype=\"https:\/\/schema.org\/CreativeWork\" ><div class='avia_textblock'  itemprop=\"text\" ><h1 style=\"text-align: center;\">Kahoot! k u\u010debnici Klett Maximal interaktiv 2<\/h1>\n<\/div><\/section><\/div><\/p>\n\n<style type=\"text\/css\" data-created_by=\"avia_inline_auto\" id=\"style-css-av-l4lib-a0f763b73350fb6091e1990598f1ee77\">\n.flex_column.av-l4lib-a0f763b73350fb6091e1990598f1ee77{\nborder-radius:0px 0px 0px 0px;\npadding:0px 0px 0px 0px;\n}\n<\/style>\n<div  class='flex_column av-l4lib-a0f763b73350fb6091e1990598f1ee77 av_one_full  avia-builder-el-20  el_after_av_one_full  el_before_av_one_full  first flex_column_div av-zero-column-padding  column-top-margin'     ><section  class='av_textblock_section av-le5e05ch-d13c1bbc7b173d710156bfac293d8f88 '   itemscope=\"itemscope\" itemtype=\"https:\/\/schema.org\/CreativeWork\" ><div class='avia_textblock av_inherit_color'  itemprop=\"text\" ><h1 style=\"text-align: center;\"><a href=\"https:\/\/vydavatelstvoklett.sk\/kmi\/kahoot-k-lekcii-3-1\/\">Kahoot! k lekcii 3.1<\/a><\/h1>\n<\/div><\/section><\/div>\n<style type=\"text\/css\" data-created_by=\"avia_inline_auto\" id=\"style-css-av-d03ez-6e499a0bb30247362b8d362ae842528d\">\n.flex_column.av-d03ez-6e499a0bb30247362b8d362ae842528d{\nborder-radius:0px 0px 0px 0px;\npadding:0px 0px 0px 0px;\n}\n<\/style>\n<div  class='flex_column av-d03ez-6e499a0bb30247362b8d362ae842528d av_one_full  avia-builder-el-22  el_after_av_one_full  el_before_av_one_full  first flex_column_div av-zero-column-padding  column-top-margin'     ><section  class='av_textblock_section av-le5e0agc-cff2aa7f8ef3c892fda21c542fd08651 '   itemscope=\"itemscope\" itemtype=\"https:\/\/schema.org\/CreativeWork\" ><div class='avia_textblock av_inherit_color'  itemprop=\"text\" ><h1 style=\"text-align: center;\"><a href=\"https:\/\/vydavatelstvoklett.sk\/kmi\/kahoot-k-lekcii-3-2\/\">Kahoot! k lekcii 3.2<\/a><\/h1>\n<\/div><\/section><\/div>\n<style type=\"text\/css\" data-created_by=\"avia_inline_auto\" id=\"style-css-av-7ibtf-669c0e1c7090801935d1f7f32bbb682b\">\n.flex_column.av-7ibtf-669c0e1c7090801935d1f7f32bbb682b{\nborder-radius:0px 0px 0px 0px;\npadding:0px 0px 0px 0px;\n}\n<\/style>\n<div  class='flex_column av-7ibtf-669c0e1c7090801935d1f7f32bbb682b av_one_full  avia-builder-el-24  el_after_av_one_full  avia-builder-el-last  first flex_column_div av-zero-column-padding  column-top-margin'     ><section  class='av_textblock_section av-le5e0g4e-3180106af3668c0ccb8426babc4a6848 '   itemscope=\"itemscope\" itemtype=\"https:\/\/schema.org\/CreativeWork\" ><div class='avia_textblock av_inherit_color'  itemprop=\"text\" ><h1 style=\"text-align: center;\"><a href=\"https:\/\/vydavatelstvoklett.sk\/kmi\/kahoot-k-lekcii-3-3\/\">Kahoot! k lekcii 3.3<\/a><\/h1>\n<\/div><\/section><\/div><\/p>\n","protected":false},"excerpt":{"rendered":"","protected":false},"author":4,"featured_media":0,"parent":0,"menu_order":0,"comment_status":"closed","ping_status":"closed","template":"","meta":{"_exactmetrics_skip_tracking":false,"_exactmetrics_sitenote_active":false,"_exactmetrics_sitenote_note":"","_exactmetrics_sitenote_category":0,"footnotes":""},"class_list":["post-435","page","type-page","status-publish","hentry"],"_links":{"self":[{"href":"https:\/\/vydavatelstvoklett.sk\/kmi\/wp-json\/wp\/v2\/pages\/435","targetHints":{"allow":["GET"]}}],"collection":[{"href":"https:\/\/vydavatelstvoklett.sk\/kmi\/wp-json\/wp\/v2\/pages"}],"about":[{"href":"https:\/\/vydavatelstvoklett.sk\/kmi\/wp-json\/wp\/v2\/types\/page"}],"author":[{"embeddable":true,"href":"https:\/\/vydavatelstvoklett.sk\/kmi\/wp-json\/wp\/v2\/users\/4"}],"replies":[{"embeddable":true,"href":"https:\/\/vydavatelstvoklett.sk\/kmi\/wp-json\/wp\/v2\/comments?post=435"}],"version-history":[{"count":10,"href":"https:\/\/vydavatelstvoklett.sk\/kmi\/wp-json\/wp\/v2\/pages\/435\/revisions"}],"predecessor-version":[{"id":546,"href":"https:\/\/vydavatelstvoklett.sk\/kmi\/wp-json\/wp\/v2\/pages\/435\/revisions\/546"}],"wp:attachment":[{"href":"https:\/\/vydavatelstvoklett.sk\/kmi\/wp-json\/wp\/v2\/media?parent=435"}],"curies":[{"name":"wp","href":"https:\/\/api.w.org\/{rel}","templated":true}]}}