{"id":45,"date":"2018-10-11T10:48:04","date_gmt":"2018-10-11T08:48:04","guid":{"rendered":"https:\/\/klett.cz\/kmi\/?page_id=45"},"modified":"2025-07-01T11:45:14","modified_gmt":"2025-07-01T09:45:14","slug":"vzorky-zdarma","status":"publish","type":"page","link":"https:\/\/vydavatelstvoklett.sk\/kmi\/vzorky-zdarma\/","title":{"rendered":"Vzorky zdarma"},"content":{"rendered":"\n<style type=\"text\/css\" data-created_by=\"avia_inline_auto\" id=\"style-css-av-c7n9t-63a0b4b7b1eec3c2edca22cf2cdf5cb5\">\n.flex_column.av-c7n9t-63a0b4b7b1eec3c2edca22cf2cdf5cb5{\nborder-radius:0px 0px 0px 0px;\npadding:0px 0px 0px 0px;\n}\n<\/style>\n<div  class='flex_column av-c7n9t-63a0b4b7b1eec3c2edca22cf2cdf5cb5 av_one_full  avia-builder-el-0  el_before_av_image  avia-builder-el-first  first flex_column_div av-zero-column-padding  '     ><section  class='av_textblock_section av-bor3p-4267c2eef0a50ae949fbbf2c13cd1032 '   itemscope=\"itemscope\" itemtype=\"https:\/\/schema.org\/CreativeWork\" ><div class='avia_textblock'  itemprop=\"text\" ><h2 style=\"text-align: center;\">Vyberte si ide\u00e1lny variant pre Va\u0161e pot\u0159eby<\/h2>\n<p style=\"text-align: center;\">Chcete sa zozn\u00e1mi\u0165 s Klett Maximal interaktiv zadarmo? Vyberte si alternat\u00edvu, ktor\u00e1 v\u00e1m vyhovuje, vypl\u0148te formul\u00e1r so \u017eiados\u0165ou a my v\u00e1m v\u00fdtla\u010dok doru\u010d\u00edme do \u0161koly.<\/p>\n<\/div><\/section><br \/>\n\n<style type=\"text\/css\" data-created_by=\"avia_inline_auto\" id=\"style-css-av-ayvb9-278b74ebc9456711a060ea75084ad255\">\n#top .hr.hr-invisible.av-ayvb9-278b74ebc9456711a060ea75084ad255{\nheight:50px;\n}\n<\/style>\n<div  class='hr av-ayvb9-278b74ebc9456711a060ea75084ad255 hr-invisible  avia-builder-el-2  el_after_av_textblock  avia-builder-el-last '><span class='hr-inner '><span class=\"hr-inner-style\"><\/span><\/span><\/div><\/p><\/div>\n\n<style type=\"text\/css\" data-created_by=\"avia_inline_auto\" id=\"style-css-av-ak5wx-9410f7c726f0ac0d38e660b18dedcf32\">\n.avia-image-container.av-ak5wx-9410f7c726f0ac0d38e660b18dedcf32 img.avia_image{\nbox-shadow:none;\n}\n.avia-image-container.av-ak5wx-9410f7c726f0ac0d38e660b18dedcf32 .av-image-caption-overlay-center{\ncolor:#ffffff;\n}\n<\/style>\n<div  class='avia-image-container av-ak5wx-9410f7c726f0ac0d38e660b18dedcf32 av-styling- avia-align-center  avia-builder-el-3  el_after_av_one_full  el_before_av_one_full '   itemprop=\"image\" itemscope=\"itemscope\" itemtype=\"https:\/\/schema.org\/ImageObject\" ><div class=\"avia-image-container-inner\"><div class=\"avia-image-overlay-wrap\"><img fetchpriority=\"high\" class='wp-image-132 avia-img-lazy-loading-not-132 avia_image ' src='https:\/\/vydavatelstvoklett.sk\/kmi\/wp-content\/uploads\/3ucebnice_MAXIMAL_dosebe_upr.png' alt='Klett Maximal interaktiv - u\u010debnice' title='Klett Maximal interaktiv - u\u010debnice'  height=\"500\" width=\"690\"  itemprop=\"thumbnailUrl\"  \/><\/div><\/div><\/div>\n\n<style type=\"text\/css\" data-created_by=\"avia_inline_auto\" id=\"style-css-av-3efad-95b788db9ea8982e99ef128d88acd589\">\n.flex_column.av-3efad-95b788db9ea8982e99ef128d88acd589{\nborder-radius:0px 0px 0px 0px;\npadding:0px 0px 0px 0px;\n}\n<\/style>\n<div  class='flex_column av-3efad-95b788db9ea8982e99ef128d88acd589 av_one_full  avia-builder-el-4  el_after_av_image  el_before_av_one_full  first flex_column_div av-zero-column-padding  '     ><p>\n<style type=\"text\/css\" data-created_by=\"avia_inline_auto\" id=\"style-css-av-ayvb9-3-b931a5dd0cfd5e509b1b7b12909b7464\">\n#top .hr.hr-invisible.av-ayvb9-3-b931a5dd0cfd5e509b1b7b12909b7464{\nheight:100px;\n}\n<\/style>\n<div  class='hr av-ayvb9-3-b931a5dd0cfd5e509b1b7b12909b7464 hr-invisible  avia-builder-el-5  el_before_av_textblock  avia-builder-el-first '><span class='hr-inner '><span class=\"hr-inner-style\"><\/span><\/span><\/div><br \/>\n<section  class='av_textblock_section av-k66m42pw-71be8a6e43e570207253cb3af3a7e443 '   itemscope=\"itemscope\" itemtype=\"https:\/\/schema.org\/CreativeWork\" ><div class='avia_textblock'  itemprop=\"text\" ><h2 class=\"x_x_x_ContentPasted2\" style=\"text-align: center;\">Vzorov\u00fd v\u00fdtla\u010dok Klett Maximal interaktiv<\/h2>\n<p class=\"x_x_x_ContentPasted2\" style=\"text-align: center;\">Chcete nahliadnu\u0165 do u\u010debn\u00e9ho kompletu Klett Maximal interaktiv a pozna\u0165, \u010do pon\u00faka? Vy\u017eiadajte si zdarma zaslanie vzorov\u00fdch v\u00fdtla\u010dkov k prv\u00e9mu, druh\u00e9mu a\/alebo tretiemu dielu. Z\u00e1sielka bude obsahova\u0165 kompletn\u00fa u\u010debnicu a pracovn\u00fd zo\u0161it.<\/p>\n<\/div><\/section><\/p><\/div>\n\n<style type=\"text\/css\" data-created_by=\"avia_inline_auto\" id=\"style-css-av-2bvxx-4d80b2ec1e15227ae622ff237e09e78f\">\n.flex_column.av-2bvxx-4d80b2ec1e15227ae622ff237e09e78f{\nborder-radius:0px 0px 0px 0px;\npadding:0px 0px 0px 0px;\n}\n<\/style>\n<div  class='flex_column av-2bvxx-4d80b2ec1e15227ae622ff237e09e78f av_one_full  avia-builder-el-7  el_after_av_one_full  el_before_av_hr  first flex_column_div av-zero-column-padding  column-top-margin'     ><section  class='av_textblock_section av-k66m322e-ea627f5b576ef00db04884994552bca2 '   itemscope=\"itemscope\" itemtype=\"https:\/\/schema.org\/CreativeWork\" ><div class='avia_textblock'  itemprop=\"text\" ><p style=\"text-align: center;\">Vyplnen\u00edm formul\u00e1ra \u0161kole nevznik\u00e1 \u017eiadna povinnos\u0165 ani z\u00e1v\u00e4zok vo\u010di Klett Maximail interaktiv. V\u0161etky n\u00e1klady spojen\u00e9 so zaslan\u00edm vzorov\u00e9ho v\u00fdtla\u010dku hrad\u00ed v celej v\u00fd\u0161ke vydavate\u013estvo Klett. Vzorky s\u00fa ur\u010den\u00e9 len pre u\u010dite\u013eov cudz\u00edch jazykov \u010di riadite\u013eov \u0161k\u00f4l.<\/p>\n<\/div><\/section><\/div>\n\n<style type=\"text\/css\" data-created_by=\"avia_inline_auto\" id=\"style-css-av-9oug1-8c5b3bd656de06a5ff0e814f8afc3d03\">\n#top .hr.hr-invisible.av-9oug1-8c5b3bd656de06a5ff0e814f8afc3d03{\nheight:80px;\n}\n<\/style>\n<div  class='hr av-9oug1-8c5b3bd656de06a5ff0e814f8afc3d03 hr-invisible  avia-builder-el-9  el_after_av_one_full  el_before_av_contact '><span class='hr-inner '><span class=\"hr-inner-style\"><\/span><\/span><\/div>\n<form action=\"https:\/\/vydavatelstvoklett.sk\/kmi\/vzorky-zdarma\/\" method=\"post\" data-fields-with-error=\"Found errors in the following field(s):\" class=\"avia_ajax_form av-form-labels-visible   avia-builder-el-10  el_after_av_hr  el_before_av_hr   \" data-avia-form-id=\"1\" data-avia-redirect='https:\/\/vydavatelstvoklett.sk\/kmi\/dakujeme\/' ><h3 class=''>Vypl\u0148te pros\u00edm nasleduj\u00face \u00fadaje:<\/h3><fieldset><h5 id='element_avia_1_1' class=' first_form  form_element form_fullwidth av-form-headline '>O ak\u00fd vzorov\u00fd v\u00fdtla\u010dok m\u00e1te z\u00e1ujem?<\/h5><p class='  first_form  form_element form_element_half' id='element_avia_2_1'><input  name=\"avia_2_1\" class=\"input_checkbox \" type=\"checkbox\" id=\"avia_2_1\" value=\"true\"\/><label class=\"input_checkbox_label\" for=\"avia_2_1\">Vzorov\u00fd v\u00fdtla\u010dok Klett Maximal interaktiv 1 \u2013 zdarma<\/label><\/p><p class='  form_element form_element_half' id='element_avia_3_1'><input  name=\"avia_3_1\" class=\"input_checkbox \" type=\"checkbox\" id=\"avia_3_1\" value=\"true\"\/><label class=\"input_checkbox_label\" for=\"avia_3_1\">Vzorov\u00fd v\u00fdtla\u010dok Klett Maximal interaktiv 2 \u2013 zdarma<\/label><\/p><p class='  first_form  form_element form_element_half' id='element_avia_4_1'><input  name=\"avia_4_1\" class=\"input_checkbox \" type=\"checkbox\" id=\"avia_4_1\" value=\"true\"\/><label class=\"input_checkbox_label\" for=\"avia_4_1\">Vzorov\u00fd v\u00fdtla\u010dok Klett Maximal interaktiv 3 \u2013 zdarma<\/label><\/p><h5 id='element_avia_5_1' class=' first_form  form_element form_fullwidth av-form-headline '>Va\u0161e \u00fadaje:<\/h5><p class='  first_form  form_element form_fullwidth' id='element_avia_6_1'><label for=\"avia_6_1\">N\u00e1zov \u0161koly <abbr class=\"required\" title=\"po\u017eadovan\u00fd\">*<\/abbr><\/label> <input name=\"avia_6_1\" class=\"text_input is_empty\" type=\"text\" id=\"avia_6_1\" value=\"\" \/><\/p><p class='  first_form  form_element form_element_half' id='element_avia_7_1'><label for=\"avia_7_1\">Meno  <abbr class=\"required\" title=\"po\u017eadovan\u00fd\">*<\/abbr><\/label> <input name=\"avia_7_1\" class=\"text_input is_empty\" type=\"text\" id=\"avia_7_1\" value=\"\" \/><\/p><p class='  form_element form_element_half' id='element_avia_8_1'><label for=\"avia_8_1\">Priezvisko  <abbr class=\"required\" title=\"po\u017eadovan\u00fd\">*<\/abbr><\/label> <input name=\"avia_8_1\" class=\"text_input is_empty\" type=\"text\" id=\"avia_8_1\" value=\"\" \/><\/p><p class='  first_form  form_element form_element_half' id='element_avia_9_1'><label for=\"avia_9_1\">E-Mail <abbr class=\"required\" title=\"po\u017eadovan\u00fd\">*<\/abbr><\/label> <input name=\"avia_9_1\" class=\"text_input is_email\" type=\"text\" id=\"avia_9_1\" value=\"\" \/><\/p><p class='  form_element form_element_half' id='element_avia_10_1'><label for=\"avia_10_1\">Telef\u00f3n (za \u00fa\u010delom dopravy) <abbr class=\"required\" title=\"po\u017eadovan\u00fd\">*<\/abbr><\/label> <input name=\"avia_10_1\" class=\"text_input is_empty\" type=\"text\" id=\"avia_10_1\" value=\"\" \/><\/p><p class='  first_form  form_element form_fullwidth' id='element_avia_11_1'><label for=\"avia_11_1\">Kam m\u00e1me vzorov\u00fd v\u00fdtla\u010dok zasla\u0165?<\/label><select  name=\"avia_11_1\" class=\"select \" id=\"avia_11_1\"><option   value='na adresu \u0161koly'>na adresu \u0161koly<\/option><option   value='na s\u00fakromn\u00fa adresu'>na s\u00fakromn\u00fa adresu<\/option><\/select><\/p><p class='  first_form  form_element form_element_two_third' id='element_avia_12_1'><label for=\"avia_12_1\">Ulica <abbr class=\"required\" title=\"po\u017eadovan\u00fd\">*<\/abbr><\/label> <input name=\"avia_12_1\" class=\"text_input is_empty\" type=\"text\" id=\"avia_12_1\" value=\"\" \/><\/p><p class='  form_element form_element_third' id='element_avia_13_1'><label for=\"avia_13_1\">\u010c\u00edslo popisn\u00e9 <abbr class=\"required\" title=\"po\u017eadovan\u00fd\">*<\/abbr><\/label> <input name=\"avia_13_1\" class=\"text_input is_empty\" type=\"text\" id=\"avia_13_1\" value=\"\" \/><\/p><p class='  first_form  form_element form_element_third' id='element_avia_14_1'><label for=\"avia_14_1\">PS\u010c <abbr class=\"required\" title=\"po\u017eadovan\u00fd\">*<\/abbr><\/label> <input name=\"avia_14_1\" class=\"text_input is_empty\" type=\"text\" id=\"avia_14_1\" value=\"\" \/><\/p><p class='  form_element form_element_two_third' id='element_avia_15_1'><label for=\"avia_15_1\">Mesto <abbr class=\"required\" title=\"po\u017eadovan\u00fd\">*<\/abbr><\/label> <input name=\"avia_15_1\" class=\"text_input is_empty\" type=\"text\" id=\"avia_15_1\" value=\"\" \/><\/p><p class='  first_form  form_element form_fullwidth' id='element_avia_16_1'><input  name=\"avia_16_1\" class=\"input_checkbox \" type=\"checkbox\" id=\"avia_16_1\" value=\"true\"\/><label class=\"input_checkbox_label\" for=\"avia_16_1\">S\u00fahlas\u00edm so zasielan\u00edm inform\u00e1ci\u00ed o s\u00fa\u0165a\u017eiach, doplnkov\u00fdch materi\u00e1loch, vzdel\u00e1vac\u00edch akci\u00e1ch a \u010fal\u0161\u00edch zauj\u00edmav\u00fdch inform\u00e1ci\u00e1ch na vy\u0161\u0161ie uveden\u00fa e-mailov\u00fa adresu.<\/label><\/p><p class='  first_form  form_element form_fullwidth' id='element_avia_17_1'><input  name=\"avia_17_1\" class=\"input_checkbox \" type=\"checkbox\" id=\"avia_17_1\" value=\"true\"\/><label class=\"input_checkbox_label\" for=\"avia_17_1\">S\u00fahlas\u00edm s vyu\u017eit\u00edm m\u00f4jho telef\u00f3nneho \u010d\u00edsla pre marketingov\u00e9 \u00fa\u010dely.<\/label><\/p><h5 id='element_avia_18_1' class=' first_form  form_element form_fullwidth av-form-headline '>\u010co pre V\u00e1s e\u0161te m\u00f4\u017eeme urobi\u0165?<\/h5><p class='  first_form  form_element form_element_half' id='element_avia_19_1'><input  name=\"avia_19_1\" class=\"input_checkbox \" type=\"checkbox\" id=\"avia_19_1\" value=\"true\"\/><label class=\"input_checkbox_label\" for=\"avia_19_1\">Prezent\u00e1cia na mojej \u0161kole \u2013 zdarma<\/label><\/p><p class='  form_element form_element_half' id='element_avia_20_1'><input  name=\"avia_20_1\" class=\"input_checkbox \" type=\"checkbox\" id=\"avia_20_1\" value=\"true\"\/><label class=\"input_checkbox_label\" for=\"avia_20_1\">M\u00e1m z\u00e1ujem o \u0161kolenie pre u\u010debn\u00fd interakt\u00edvny Klett LMS \u2013 zdarma<\/label><\/p><p class='  first_form  form_element form_element_half' id='element_avia_21_1'><input  name=\"avia_21_1\" class=\"input_checkbox \" type=\"checkbox\" id=\"avia_21_1\" value=\"true\"\/><label class=\"input_checkbox_label\" for=\"avia_21_1\">Chcem sa sta\u0165 redak\u010dn\u00fdm evalu\u00e1torom<\/label><\/p><div id='avia_22_1' class='av-form-text'><p>\nOdoslan\u00edm formul\u00e1ra s\u00fahlas\u00edm so spracovan\u00edm osobn\u00fdch \u00fadajov.\u00a0<strong><a href=\"https:\/\/vydavatelstvoklett.sk\/osobneudaje\/zasady_zpracovani_osobnich_udaju.pdf\" target=\"_blank\" rel=\"noopener\">Z\u00e1sady spracovania osobn\u00fdch \u00fadajov<\/a><\/strong>.<\/p>\n<\/div><p class=\"hidden\"><input type=\"text\" name=\"avia_23_1\" class=\"hidden \" id=\"avia_23_1\" value=\"\" \/><\/p><p class=\"form_element \"><input type=\"hidden\" value=\"1\" name=\"avia_generated_form1\" \/><input type=\"submit\" value=\"Odosla\u0165\" class=\"button\"  data-sending-label=\"Odosielam\"\/><\/p><\/fieldset><\/form><div id=\"ajaxresponse_1\" class=\"ajaxresponse ajaxresponse_1 hidden\"><\/div>\n\n<style type=\"text\/css\" data-created_by=\"avia_inline_auto\" id=\"style-css-av-2vf3t-ddef13a7eb4e2824cec88427e064a4e1\">\n#top .hr.hr-invisible.av-2vf3t-ddef13a7eb4e2824cec88427e064a4e1{\nheight:80px;\n}\n<\/style>\n<div  class='hr av-2vf3t-ddef13a7eb4e2824cec88427e064a4e1 hr-invisible  avia-builder-el-11  el_after_av_contact  el_before_av_one_full '><span class='hr-inner '><span class=\"hr-inner-style\"><\/span><\/span><\/div>\n\n<style type=\"text\/css\" data-created_by=\"avia_inline_auto\" id=\"style-css-av-220jh-c23f67e5314505e1229a038009188284\">\n.flex_column.av-220jh-c23f67e5314505e1229a038009188284{\nborder-radius:0px 0px 0px 0px;\npadding:0px 0px 0px 0px;\n}\n<\/style>\n<div  class='flex_column av-220jh-c23f67e5314505e1229a038009188284 av_one_full  avia-builder-el-12  el_after_av_hr  avia-builder-el-last  first flex_column_div av-zero-column-padding  '     ><section  class='av_textblock_section av-1lc8d-b2ee4deab6b8779eef6680bbe55bb923 '   itemscope=\"itemscope\" itemtype=\"https:\/\/schema.org\/CreativeWork\" ><div class='avia_textblock'  itemprop=\"text\" ><p style=\"text-align: center;\"><strong>\u017del\u00e1te si dost\u00e1va\u0165 inform\u00e1cie o novink\u00e1ch, produktoch a nami organizovan\u00fdch akci\u00e1ch?<\/strong><\/p>\n<p style=\"text-align: center;\">Vypl\u0148te s\u00fahlas a my V\u00e1s budeme radi kontaktova\u0165.<\/p>\n<\/div><\/section><br \/>\n<div  class='avia-button-wrap av-r2yh-c052771e317a2c942d985ecdcb2be6ee-wrap avia-button-center  avia-builder-el-14  el_after_av_textblock  avia-builder-el-last '><a href='https:\/\/www.vydavatelstvoklett.sk\/suhlas\/'  class='avia-button av-r2yh-c052771e317a2c942d985ecdcb2be6ee av-link-btn avia-icon_select-no avia-size-large avia-position-center avia-color-theme-color'  target=\"_blank\"  rel=\"noopener noreferrer\"  aria-label=\"S\u00fahlas\"><span class='avia_iconbox_title' >S\u00fahlas<\/span><\/a><\/div><\/p><\/div>\n","protected":false},"excerpt":{"rendered":"","protected":false},"author":4,"featured_media":0,"parent":0,"menu_order":0,"comment_status":"closed","ping_status":"closed","template":"","meta":{"_exactmetrics_skip_tracking":false,"_exactmetrics_sitenote_active":false,"_exactmetrics_sitenote_note":"","_exactmetrics_sitenote_category":0,"footnotes":""},"class_list":["post-45","page","type-page","status-publish","hentry"],"_links":{"self":[{"href":"https:\/\/vydavatelstvoklett.sk\/kmi\/wp-json\/wp\/v2\/pages\/45","targetHints":{"allow":["GET"]}}],"collection":[{"href":"https:\/\/vydavatelstvoklett.sk\/kmi\/wp-json\/wp\/v2\/pages"}],"about":[{"href":"https:\/\/vydavatelstvoklett.sk\/kmi\/wp-json\/wp\/v2\/types\/page"}],"author":[{"embeddable":true,"href":"https:\/\/vydavatelstvoklett.sk\/kmi\/wp-json\/wp\/v2\/users\/4"}],"replies":[{"embeddable":true,"href":"https:\/\/vydavatelstvoklett.sk\/kmi\/wp-json\/wp\/v2\/comments?post=45"}],"version-history":[{"count":28,"href":"https:\/\/vydavatelstvoklett.sk\/kmi\/wp-json\/wp\/v2\/pages\/45\/revisions"}],"predecessor-version":[{"id":570,"href":"https:\/\/vydavatelstvoklett.sk\/kmi\/wp-json\/wp\/v2\/pages\/45\/revisions\/570"}],"wp:attachment":[{"href":"https:\/\/vydavatelstvoklett.sk\/kmi\/wp-json\/wp\/v2\/media?parent=45"}],"curies":[{"name":"wp","href":"https:\/\/api.w.org\/{rel}","templated":true}]}}