{"id":451,"date":"2021-03-03T17:06:45","date_gmt":"2021-03-03T16:06:45","guid":{"rendered":"https:\/\/vydavatelstvoklett.sk\/kmi\/?page_id=451"},"modified":"2021-03-03T17:06:45","modified_gmt":"2021-03-03T16:06:45","slug":"kahoot-k-lekcii-1-3","status":"publish","type":"page","link":"https:\/\/vydavatelstvoklett.sk\/kmi\/kahoot-k-lekcii-1-3\/","title":{"rendered":"Kahoot! k lekcii 1.3"},"content":{"rendered":"\n<style type=\"text\/css\" data-created_by=\"avia_inline_auto\" id=\"style-css-av-av_one_full-1e26125d131ba13f1accaa8241be1528\">\n.flex_column.av-av_one_full-1e26125d131ba13f1accaa8241be1528{\nborder-radius:0px 0px 0px 0px;\npadding:0px 0px 0px 0px;\n}\n<\/style>\n<div  class='flex_column av-av_one_full-1e26125d131ba13f1accaa8241be1528 av_one_full  avia-builder-el-0  el_before_av_one_full  avia-builder-el-first  first flex_column_div av-zero-column-padding  '     ><style type=\"text\/css\" data-created_by=\"avia_inline_auto\" id=\"style-css-av-kltmiehm-c19bff237865aef0da0e8fc6d86122a4\">\n.avia-image-container.av-kltmiehm-c19bff237865aef0da0e8fc6d86122a4 img.avia_image{\nbox-shadow:none;\n}\n.avia-image-container.av-kltmiehm-c19bff237865aef0da0e8fc6d86122a4 .av-image-caption-overlay-center{\ncolor:#ffffff;\n}\n<\/style>\n<div  class='avia-image-container av-kltmiehm-c19bff237865aef0da0e8fc6d86122a4 av-styling- avia-align-center  avia-builder-el-1  avia-builder-el-no-sibling '   itemprop=\"image\" itemscope=\"itemscope\" itemtype=\"https:\/\/schema.org\/ImageObject\" ><div class=\"avia-image-container-inner\"><div class=\"avia-image-overlay-wrap\"><img fetchpriority=\"high\" class='wp-image-437 avia-img-lazy-loading-not-437 avia_image ' src='https:\/\/vydavatelstvoklett.sk\/kmi\/wp-content\/uploads\/1280px-Kahoot_Logo.svg_-300x102-1.png' alt='' title='1280px-Kahoot_Logo.svg_-300x102 (1)'  height=\"102\" width=\"300\"  itemprop=\"thumbnailUrl\"  \/><\/div><\/div><\/div><\/div>\n<style type=\"text\/css\" data-created_by=\"avia_inline_auto\" id=\"style-css-av-av_one_full-1e26125d131ba13f1accaa8241be1528\">\n.flex_column.av-av_one_full-1e26125d131ba13f1accaa8241be1528{\nborder-radius:0px 0px 0px 0px;\npadding:0px 0px 0px 0px;\n}\n<\/style>\n<div  class='flex_column av-av_one_full-1e26125d131ba13f1accaa8241be1528 av_one_full  avia-builder-el-2  el_after_av_one_full  el_before_av_one_full  first flex_column_div av-zero-column-padding  column-top-margin'     ><section  class='av_textblock_section av-kltmhqb3-412ec0f2bc494415cc34911a25e51358 '   itemscope=\"itemscope\" itemtype=\"https:\/\/schema.org\/CreativeWork\" ><div class='avia_textblock'  itemprop=\"text\" ><h1 style=\"text-align: center;\">Z\u00c1BAVN\u00c9 KV\u00cdZY KAHOOT! K LEKCII 1.3<\/h1>\n<\/div><\/section><\/div>\n<style type=\"text\/css\" data-created_by=\"avia_inline_auto\" id=\"style-css-av-av_one_full-1e26125d131ba13f1accaa8241be1528\">\n.flex_column.av-av_one_full-1e26125d131ba13f1accaa8241be1528{\nborder-radius:0px 0px 0px 0px;\npadding:0px 0px 0px 0px;\n}\n<\/style>\n<div  class='flex_column av-av_one_full-1e26125d131ba13f1accaa8241be1528 av_one_full  avia-builder-el-4  el_after_av_one_full  el_before_av_one_full  first flex_column_div av-zero-column-padding  column-top-margin'     ><section  class='av_textblock_section av-kltmu9xa-df951644c06dfdca47789bec89d72127 '   itemscope=\"itemscope\" itemtype=\"https:\/\/schema.org\/CreativeWork\" ><div class='avia_textblock'  itemprop=\"text\" ><h2 style=\"text-align: center;\"><a href=\"https:\/\/create.kahoot.it\/share\/lekce-1-3-grammatik\/f46fdcd0-2b32-4930-a8c2-04a99b47dac6\">LEKTION 1.3 GRAMMATIK<\/a><\/h2>\n<\/div><\/section><\/div>\n<style type=\"text\/css\" data-created_by=\"avia_inline_auto\" id=\"style-css-av-av_one_full-1e26125d131ba13f1accaa8241be1528\">\n.flex_column.av-av_one_full-1e26125d131ba13f1accaa8241be1528{\nborder-radius:0px 0px 0px 0px;\npadding:0px 0px 0px 0px;\n}\n<\/style>\n<div  class='flex_column av-av_one_full-1e26125d131ba13f1accaa8241be1528 av_one_full  avia-builder-el-6  el_after_av_one_full  el_before_av_one_full  first flex_column_div av-zero-column-padding  column-top-margin'     ><section  class='av_textblock_section av-kltmull1-f62c3cd82bf1e1345c457bb87bb17c11 '   itemscope=\"itemscope\" itemtype=\"https:\/\/schema.org\/CreativeWork\" ><div class='avia_textblock'  itemprop=\"text\" ><h2 style=\"text-align: center;\"><a href=\"https:\/\/create.kahoot.it\/share\/lekce-1-3-wortschatz\/2f2b6d32-e37e-48a0-9819-0a31357eff69\">LEKTION 1.3 WORTSCHATZ<\/a><\/h2>\n<\/div><\/section><\/div>\n<style type=\"text\/css\" data-created_by=\"avia_inline_auto\" id=\"style-css-av-av_one_full-1e26125d131ba13f1accaa8241be1528\">\n.flex_column.av-av_one_full-1e26125d131ba13f1accaa8241be1528{\nborder-radius:0px 0px 0px 0px;\npadding:0px 0px 0px 0px;\n}\n<\/style>\n<div  class='flex_column av-av_one_full-1e26125d131ba13f1accaa8241be1528 av_one_full  avia-builder-el-8  el_after_av_one_full  avia-builder-el-last  first flex_column_div av-zero-column-padding  column-top-margin'     ><section  class='av_textblock_section av-kltmux41-34b7c78b70bd641122d81f634c7bbd57 '   itemscope=\"itemscope\" itemtype=\"https:\/\/schema.org\/CreativeWork\" ><div class='avia_textblock'  itemprop=\"text\" ><h2 style=\"text-align: center;\"><a href=\"https:\/\/create.kahoot.it\/share\/lekce-1-3-wiederholung\/27308b70-b03f-4edf-a426-16e2479ef761\">LEKTION 1.3 WIEDERHOLUNG<\/a><\/h2>\n<\/div><\/section><\/div><\/p>\n","protected":false},"excerpt":{"rendered":"","protected":false},"author":4,"featured_media":0,"parent":0,"menu_order":0,"comment_status":"closed","ping_status":"closed","template":"","meta":{"_exactmetrics_skip_tracking":false,"_exactmetrics_sitenote_active":false,"_exactmetrics_sitenote_note":"","_exactmetrics_sitenote_category":0,"footnotes":""},"class_list":["post-451","page","type-page","status-publish","hentry"],"_links":{"self":[{"href":"https:\/\/vydavatelstvoklett.sk\/kmi\/wp-json\/wp\/v2\/pages\/451","targetHints":{"allow":["GET"]}}],"collection":[{"href":"https:\/\/vydavatelstvoklett.sk\/kmi\/wp-json\/wp\/v2\/pages"}],"about":[{"href":"https:\/\/vydavatelstvoklett.sk\/kmi\/wp-json\/wp\/v2\/types\/page"}],"author":[{"embeddable":true,"href":"https:\/\/vydavatelstvoklett.sk\/kmi\/wp-json\/wp\/v2\/users\/4"}],"replies":[{"embeddable":true,"href":"https:\/\/vydavatelstvoklett.sk\/kmi\/wp-json\/wp\/v2\/comments?post=451"}],"version-history":[{"count":3,"href":"https:\/\/vydavatelstvoklett.sk\/kmi\/wp-json\/wp\/v2\/pages\/451\/revisions"}],"predecessor-version":[{"id":454,"href":"https:\/\/vydavatelstvoklett.sk\/kmi\/wp-json\/wp\/v2\/pages\/451\/revisions\/454"}],"wp:attachment":[{"href":"https:\/\/vydavatelstvoklett.sk\/kmi\/wp-json\/wp\/v2\/media?parent=451"}],"curies":[{"name":"wp","href":"https:\/\/api.w.org\/{rel}","templated":true}]}}