{"id":533,"date":"2023-02-15T09:08:27","date_gmt":"2023-02-15T08:08:27","guid":{"rendered":"https:\/\/vydavatelstvoklett.sk\/kmi\/?page_id=533"},"modified":"2023-02-15T09:08:27","modified_gmt":"2023-02-15T08:08:27","slug":"kahoot-k-lekcii-3-1","status":"publish","type":"page","link":"https:\/\/vydavatelstvoklett.sk\/kmi\/kahoot-k-lekcii-3-1\/","title":{"rendered":"Kahoot k lekcii 3.1"},"content":{"rendered":"<div  class='flex_column av-av_one_full-7714eba142aeda1f8b5272a3c372b279 av_one_full  avia-builder-el-0  el_before_av_one_full  avia-builder-el-first  first flex_column_div  '     ><style type=\"text\/css\" data-created_by=\"avia_inline_auto\" id=\"style-css-av-kltmiehm-c19bff237865aef0da0e8fc6d86122a4\">\n.avia-image-container.av-kltmiehm-c19bff237865aef0da0e8fc6d86122a4 img.avia_image{\nbox-shadow:none;\n}\n.avia-image-container.av-kltmiehm-c19bff237865aef0da0e8fc6d86122a4 .av-image-caption-overlay-center{\ncolor:#ffffff;\n}\n<\/style>\n<div  class='avia-image-container av-kltmiehm-c19bff237865aef0da0e8fc6d86122a4 av-styling- avia-align-center  avia-builder-el-1  avia-builder-el-no-sibling '   itemprop=\"image\" itemscope=\"itemscope\" itemtype=\"https:\/\/schema.org\/ImageObject\" ><div class=\"avia-image-container-inner\"><div class=\"avia-image-overlay-wrap\"><img fetchpriority=\"high\" class='wp-image-437 avia-img-lazy-loading-not-437 avia_image ' src='https:\/\/vydavatelstvoklett.sk\/kmi\/wp-content\/uploads\/1280px-Kahoot_Logo.svg_-300x102-1.png' alt='' title='1280px-Kahoot_Logo.svg_-300x102 (1)'  height=\"102\" width=\"300\"  itemprop=\"thumbnailUrl\"  \/><\/div><\/div><\/div><\/div><div  class='flex_column av-av_one_full-7714eba142aeda1f8b5272a3c372b279 av_one_full  avia-builder-el-2  el_after_av_one_full  el_before_av_one_full  first flex_column_div  column-top-margin'     ><section  class='av_textblock_section av-le5e3fsb-fbb8d3348168e96f2d91117ab60eabb9 '   itemscope=\"itemscope\" itemtype=\"https:\/\/schema.org\/CreativeWork\" ><div class='avia_textblock'  itemprop=\"text\" ><h1 style=\"text-align: center;\">Z\u00c1BAVN\u00c9 KV\u00cdZY KAHOOT! K LEKCII 3.1<\/h1>\n<\/div><\/section><\/div><div  class='flex_column av-av_one_full-7714eba142aeda1f8b5272a3c372b279 av_one_full  avia-builder-el-4  el_after_av_one_full  el_before_av_one_full  first flex_column_div  column-top-margin'     ><section  class='av_textblock_section av-le5e423t-ec0ce9eb0fd4ac12826f1f8415bb70fd '   itemscope=\"itemscope\" itemtype=\"https:\/\/schema.org\/CreativeWork\" ><div class='avia_textblock'  itemprop=\"text\" ><h2 style=\"text-align: center;\"><a href=\"https:\/\/create.kahoot.it\/details\/77d4d784-30f8-436a-88cd-1f4b683bd5d5\" target=\"_blank\" rel=\"noopener\">LEKTION 3.1 Grammatik<\/a><\/h2>\n<\/div><\/section><\/div><div  class='flex_column av-av_one_full-7714eba142aeda1f8b5272a3c372b279 av_one_full  avia-builder-el-6  el_after_av_one_full  el_before_av_one_full  first flex_column_div  column-top-margin'     ><section  class='av_textblock_section av-le5e4vl0-a96e0e24d7a5ef7e570b6a59c5b86fcb '   itemscope=\"itemscope\" itemtype=\"https:\/\/schema.org\/CreativeWork\" ><div class='avia_textblock'  itemprop=\"text\" ><h2 style=\"text-align: center;\"><a href=\"https:\/\/create.kahoot.it\/details\/75cafc97-c43a-4378-82fb-7c4aacd1737b\" target=\"_blank\" rel=\"noopener\">LEKTION 3.1 Wortschatz<\/a><\/h2>\n<\/div><\/section><\/div><div  class='flex_column av-av_one_full-7714eba142aeda1f8b5272a3c372b279 av_one_full  avia-builder-el-8  el_after_av_one_full  avia-builder-el-last  first flex_column_div  column-top-margin'     ><section  class='av_textblock_section av-le5e5adz-5eda79e93bef8552b32b04ec3a7da99f '   itemscope=\"itemscope\" itemtype=\"https:\/\/schema.org\/CreativeWork\" ><div class='avia_textblock'  itemprop=\"text\" ><h2 style=\"text-align: center;\"><a href=\"https:\/\/create.kahoot.it\/details\/e71f373c-822a-467e-ba93-6f3c47fc886f\" target=\"_blank\" rel=\"noopener\">LEKTION 3.1 Wiederholung<\/a><\/h2>\n<\/div><\/section><\/div><\/p>\n","protected":false},"excerpt":{"rendered":"","protected":false},"author":4,"featured_media":0,"parent":0,"menu_order":0,"comment_status":"closed","ping_status":"closed","template":"","meta":{"_exactmetrics_skip_tracking":false,"_exactmetrics_sitenote_active":false,"_exactmetrics_sitenote_note":"","_exactmetrics_sitenote_category":0,"footnotes":""},"class_list":["post-533","page","type-page","status-publish","hentry"],"_links":{"self":[{"href":"https:\/\/vydavatelstvoklett.sk\/kmi\/wp-json\/wp\/v2\/pages\/533","targetHints":{"allow":["GET"]}}],"collection":[{"href":"https:\/\/vydavatelstvoklett.sk\/kmi\/wp-json\/wp\/v2\/pages"}],"about":[{"href":"https:\/\/vydavatelstvoklett.sk\/kmi\/wp-json\/wp\/v2\/types\/page"}],"author":[{"embeddable":true,"href":"https:\/\/vydavatelstvoklett.sk\/kmi\/wp-json\/wp\/v2\/users\/4"}],"replies":[{"embeddable":true,"href":"https:\/\/vydavatelstvoklett.sk\/kmi\/wp-json\/wp\/v2\/comments?post=533"}],"version-history":[{"count":3,"href":"https:\/\/vydavatelstvoklett.sk\/kmi\/wp-json\/wp\/v2\/pages\/533\/revisions"}],"predecessor-version":[{"id":536,"href":"https:\/\/vydavatelstvoklett.sk\/kmi\/wp-json\/wp\/v2\/pages\/533\/revisions\/536"}],"wp:attachment":[{"href":"https:\/\/vydavatelstvoklett.sk\/kmi\/wp-json\/wp\/v2\/media?parent=533"}],"curies":[{"name":"wp","href":"https:\/\/api.w.org\/{rel}","templated":true}]}}