{"id":45,"date":"2018-10-11T10:48:04","date_gmt":"2018-10-11T08:48:04","guid":{"rendered":"https:\/\/klett.cz\/kmi\/?page_id=45"},"modified":"2026-04-17T15:14:54","modified_gmt":"2026-04-17T13:14:54","slug":"vzorky-zdarma","status":"publish","type":"page","link":"https:\/\/vydavatelstvoklett.sk\/nuttys-english\/vzorky-zdarma\/","title":{"rendered":"Vzorky zadarmo"},"content":{"rendered":"\n<style type=\"text\/css\" data-created_by=\"avia_inline_auto\" id=\"style-css-av-ll0j04bl-416db4cf406304ec29f46fe23a9486cb\">\n.avia-image-container.av-ll0j04bl-416db4cf406304ec29f46fe23a9486cb img.avia_image{\nbox-shadow:none;\n}\n.avia-image-container.av-ll0j04bl-416db4cf406304ec29f46fe23a9486cb .av-image-caption-overlay-center{\ncolor:#ffffff;\n}\n<\/style>\n<div  class='avia-image-container av-ll0j04bl-416db4cf406304ec29f46fe23a9486cb av-styling- avia-align-center  avia-builder-el-0  el_before_av_hr  avia-builder-el-first '   itemprop=\"image\" itemscope=\"itemscope\" itemtype=\"https:\/\/schema.org\/ImageObject\" ><div class=\"avia-image-container-inner\"><div class=\"avia-image-overlay-wrap\"><img decoding=\"async\" fetchpriority=\"high\" class='wp-image-2083 avia-img-lazy-loading-not-2083 avia_image ' src=\"https:\/\/vydavatelstvoklett.sk\/nuttys-english\/wp-content\/uploads\/NE_1210x423_12.png\" alt='' title='NE_1210x423_12'  height=\"423\" width=\"1210\"  itemprop=\"thumbnailUrl\" srcset=\"https:\/\/vydavatelstvoklett.sk\/nuttys-english\/wp-content\/uploads\/NE_1210x423_12.png 1210w, https:\/\/vydavatelstvoklett.sk\/nuttys-english\/wp-content\/uploads\/NE_1210x423_12-300x105.png 300w, https:\/\/vydavatelstvoklett.sk\/nuttys-english\/wp-content\/uploads\/NE_1210x423_12-1030x360.png 1030w, https:\/\/vydavatelstvoklett.sk\/nuttys-english\/wp-content\/uploads\/NE_1210x423_12-768x268.png 768w, https:\/\/vydavatelstvoklett.sk\/nuttys-english\/wp-content\/uploads\/NE_1210x423_12-705x246.png 705w\" sizes=\"(max-width: 1210px) 100vw, 1210px\" \/><\/div><\/div><\/div>\n\n<style type=\"text\/css\" data-created_by=\"avia_inline_auto\" id=\"style-css-av-l5mfo17d-2405b027ef532d4a9545e02c116c647e\">\n#top .hr.hr-invisible.av-l5mfo17d-2405b027ef532d4a9545e02c116c647e{\nheight:10px;\n}\n<\/style>\n<div  class='hr av-l5mfo17d-2405b027ef532d4a9545e02c116c647e hr-invisible  avia-builder-el-1  el_after_av_image  el_before_av_one_full '><span class='hr-inner '><span class=\"hr-inner-style\"><\/span><\/span><\/div>\n<div  class='flex_column av-263u9-3e66be101c57921fc297721f4f9cb57b av_one_full  avia-builder-el-2  el_after_av_hr  el_before_av_hr  first flex_column_div  '     ><section  class='av_textblock_section av-l5mfpbzi-6ae0567178ee5ff06ab4bc283b84d21d '   itemscope=\"itemscope\" itemtype=\"https:\/\/schema.org\/CreativeWork\" ><div class='avia_textblock'  itemprop=\"text\" ><h1 style=\"text-align: center;\">OBJEDNAJTE SI ZADARMO VZORKY NUTTY\u2019S ENGLISH 1<\/h1>\n<p style=\"text-align: center;\">Chcete sa zozn\u00e1mi\u0165 s materi\u00e1lmi Nutty\u2019s English? Vyberte si variant, vypl\u0148te formul\u00e1r so \u017eiados\u0165ou a my V\u00e1m v\u00fdtla\u010dok doru\u010d\u00edme priamo do \u0161koly.<\/p>\n<\/div><\/section><br \/>\n<section  class='av_textblock_section av-l5mfpqj8-cae059d54e2bc621955e1551c229a865 '   itemscope=\"itemscope\" itemtype=\"https:\/\/schema.org\/CreativeWork\" ><div class='avia_textblock'  itemprop=\"text\" ><p style=\"text-align: center;\"><em>Vyplnen\u00edm formul\u00e1ra V\u00e1m ani \u0161kole nevznik\u00e1 \u017eiadna povinnos\u0165 ani z\u00e1v\u00e4zok vo\u010di nakladate\u013estvu Klett. V\u0161etky n\u00e1klady spojen\u00e9 so zaslan\u00edm vzorov\u00fdch v\u00fdtla\u010dkov plne hrad\u00ed nakladate\u013estvo Klett. Vzorov\u00e9 v\u00fdtla\u010dky zadarmo poskytujeme u\u010dite\u013eom a pedagogick\u00fdm pracovn\u00edkom.<\/em><\/p>\n<\/div><\/section><\/p><\/div>\n\n<style type=\"text\/css\" data-created_by=\"avia_inline_auto\" id=\"style-css-av-14ort-eb0ba686c2352c81d7c2a04b303d7a2a\">\n#top .hr.hr-invisible.av-14ort-eb0ba686c2352c81d7c2a04b303d7a2a{\nheight:80px;\n}\n<\/style>\n<div  class='hr av-14ort-eb0ba686c2352c81d7c2a04b303d7a2a hr-invisible  avia-builder-el-5  el_after_av_one_full  el_before_av_contact '><span class='hr-inner '><span class=\"hr-inner-style\"><\/span><\/span><\/div>\n<form action=\"https:\/\/vydavatelstvoklett.sk\/nuttys-english\/vzorky-zdarma\/\" method=\"post\" data-fields-with-error=\"Found errors in the following field(s):\" class=\"avia_ajax_form av-form-labels-visible   avia-builder-el-6  el_after_av_hr  el_before_av_one_full  av-show-form-errors   \" data-avia-form-id=\"1\" data-avia-redirect='https:\/\/klett.cz\/nuttys-english\/dekujeme\/' ><h3 class=''>Pros\u00edm, vypl\u0148te nasleduj\u00face \u00fadaje: <\/h3><fieldset><p id='element_avia_1_1' class=' first_form  form_element form_fullwidth av-form-empty-line '> <\/p><h5 id='element_avia_2_1' class=' first_form  form_element form_fullwidth av-form-headline '>Vyberte, o ak\u00fd vzorov\u00fd v\u00fdtla\u010dok m\u00e1te z\u00e1ujem<\/h5><p class='  first_form  form_element form_element_half' id='element_avia_3_1'><input  name=\"avia_3_1\" class=\"input_checkbox \" type=\"checkbox\" id=\"avia_3_1\" value=\"true\"\/><label class=\"input_checkbox_label\" for=\"avia_3_1\">Vzorov\u00fd v\u00fdtla\u010dok Nutty\u2019s English 1 \u2013 zadarmo<\/label><\/p><h3 id='element_avia_4_1' class=' first_form  form_element form_fullwidth av-form-headline '>Va\u0161e \u00fadaje:<\/h3><p class='  first_form  form_element form_element_two_third' id='element_avia_5_1'><label for=\"avia_5_1\">N\u00e1zov \u0161koly <abbr class=\"required\" title=\"po\u017eadovan\u00fd\">*<\/abbr><\/label> <input name=\"avia_5_1\" class=\"text_input is_empty\" type=\"text\" id=\"avia_5_1\" value=\"\" \/><\/p><p class='  form_element form_element_third' id='element_avia_6_1'><label for=\"avia_6_1\"> I\u010cO (na overenie spr\u00e1vnosti adresy \u0161koly) <abbr class=\"required\" title=\"po\u017eadovan\u00fd\">*<\/abbr><\/label> <input name=\"avia_6_1\" class=\"text_input is_empty\" type=\"text\" id=\"avia_6_1\" value=\"\" \/><\/p><p class='  first_form  form_element form_element_half' id='element_avia_7_1'><label for=\"avia_7_1\">Meno <abbr class=\"required\" title=\"po\u017eadovan\u00fd\">*<\/abbr><\/label> <input name=\"avia_7_1\" class=\"text_input is_empty\" type=\"text\" id=\"avia_7_1\" value=\"\" \/><\/p><p class='  form_element form_element_half' id='element_avia_8_1'><label for=\"avia_8_1\">Priezvisko <abbr class=\"required\" title=\"po\u017eadovan\u00fd\">*<\/abbr><\/label> <input name=\"avia_8_1\" class=\"text_input is_empty\" type=\"text\" id=\"avia_8_1\" value=\"\" \/><\/p><p class='  first_form  form_element form_element_half' id='element_avia_9_1'><label for=\"avia_9_1\">E-mail <abbr class=\"required\" title=\"po\u017eadovan\u00fd\">*<\/abbr><\/label> <input name=\"avia_9_1\" class=\"text_input is_email\" type=\"text\" id=\"avia_9_1\" value=\"\" \/><\/p><p class='  form_element form_element_half' id='element_avia_10_1'><label for=\"avia_10_1\">Telef\u00f3n (pre dopravcu) <abbr class=\"required\" title=\"po\u017eadovan\u00fd\">*<\/abbr><\/label> <input name=\"avia_10_1\" class=\"text_input is_phone\" type=\"text\" id=\"avia_10_1\" value=\"\" \/><\/p><h3 id='element_avia_11_1' class=' first_form  form_element form_fullwidth av-form-headline '>Kam V\u00e1m vzorov\u00fd v\u00fdtla\u010dok po\u0161leme?<\/h3><p class='  first_form  form_element form_fullwidth' id='element_avia_12_1'><label for=\"avia_12_1\"><\/label><select  name=\"avia_12_1\" class=\"select \" id=\"avia_12_1\"><option   value='na adresu \u0161koly'>na adresu \u0161koly<\/option><option   value='na s\u00fakromn\u00fa adresu'>na s\u00fakromn\u00fa adresu<\/option><\/select><\/p><p class='  first_form  form_element form_element_two_third' id='element_avia_13_1'><label for=\"avia_13_1\">Ulica <abbr class=\"required\" title=\"po\u017eadovan\u00fd\">*<\/abbr><\/label> <input name=\"avia_13_1\" class=\"text_input is_empty\" type=\"text\" id=\"avia_13_1\" value=\"\" \/><\/p><p class='  form_element form_element_third' id='element_avia_14_1'><label for=\"avia_14_1\">\u010c\u00edslo popisn\u00e9 <abbr class=\"required\" title=\"po\u017eadovan\u00fd\">*<\/abbr><\/label> <input name=\"avia_14_1\" class=\"text_input is_empty\" type=\"text\" id=\"avia_14_1\" value=\"\" \/><\/p><p class='  first_form  form_element form_element_third' id='element_avia_15_1'><label for=\"avia_15_1\">PS\u010c <abbr class=\"required\" title=\"po\u017eadovan\u00fd\">*<\/abbr><\/label> <input name=\"avia_15_1\" class=\"text_input is_empty\" type=\"text\" id=\"avia_15_1\" value=\"\" \/><\/p><p class='  form_element form_element_two_third' id='element_avia_16_1'><label for=\"avia_16_1\">Mesto <abbr class=\"required\" title=\"po\u017eadovan\u00fd\">*<\/abbr><\/label> <input name=\"avia_16_1\" class=\"text_input is_empty\" type=\"text\" id=\"avia_16_1\" value=\"\" \/><\/p><p class='  first_form  form_element form_fullwidth' id='element_avia_17_1'><input checked=\"checked\" name=\"avia_17_1\" class=\"input_checkbox \" type=\"checkbox\" id=\"avia_17_1\" value=\"true\"\/><label class=\"input_checkbox_label\" for=\"avia_17_1\">S\u00fahlas\u00edm so zasielan\u00edm inform\u00e1ci\u00ed o s\u00fa\u0165a\u017eiach, doplnkov\u00fdch materi\u00e1loch, vzdel\u00e1vac\u00edch akci\u00e1ch a \u010fal\u0161\u00edch zauj\u00edmavostiach na vy\u0161\u0161ie uveden\u00fa e-mailov\u00fa adresu.<\/label><\/p><p class='  first_form  form_element form_fullwidth' id='element_avia_18_1'><input  name=\"avia_18_1\" class=\"input_checkbox \" type=\"checkbox\" id=\"avia_18_1\" value=\"true\"\/><label class=\"input_checkbox_label\" for=\"avia_18_1\">S\u00fahlas\u00edm s vyu\u017eit\u00edm m\u00f4jho telef\u00f3nneho \u010d\u00edsla na marketingov\u00e9 \u00fa\u010dely.<\/label><\/p><h5 id='element_avia_19_1' class=' first_form  form_element form_fullwidth av-form-headline '>\u010co pre V\u00e1s e\u0161te m\u00f4\u017eeme urobi\u0165?<\/h5><p class='  first_form  form_element form_element_half' id='element_avia_20_1'><input  name=\"avia_20_1\" class=\"input_checkbox \" type=\"checkbox\" id=\"avia_20_1\" value=\"true\"\/><label class=\"input_checkbox_label\" for=\"avia_20_1\">Chcel\/a by som si, aby ma kontaktoval odborn\u00fd konzultant a poskytol mi viac inform\u00e1ci\u00ed<\/label><\/p><p class='  form_element form_element_half' id='element_avia_21_1'><input  name=\"avia_21_1\" class=\"input_checkbox \" type=\"checkbox\" id=\"avia_21_1\" value=\"true\"\/><label class=\"input_checkbox_label\" for=\"avia_21_1\">Potrebovala by som pom\u00f4c\u0165 so zaveden\u00edm angli\u010dtiny v prvej triede.<\/label><\/p><div id='avia_22_1' class='av-form-text'><p>\nOdoslan\u00edm formul\u00e1ra s\u00fahlas\u00edm so spracovan\u00edm osobn\u00fdch \u00fadajov.\u00a0<a href=\"https:\/\/klett.cz\/osobniudaje\/zasady_zpracovani_osobnich_udaju.pdf\">Z\u00e1sady spracovania osobn\u00fdch \u00fadajov.<\/a><\/p>\n<\/div><p class=\"hidden\"><input type=\"text\" name=\"avia_23_1\" class=\"hidden \" id=\"avia_23_1\" value=\"\" \/><\/p><p class=\"form_element \"><input type=\"hidden\" value=\"1\" name=\"avia_generated_form1\" \/><input type=\"submit\" value=\"Odosla\u0165\" class=\"button\"  data-sending-label=\"Odosielam\"\/><\/p><\/fieldset><\/form><div id=\"ajaxresponse_1\" class=\"ajaxresponse ajaxresponse_1 hidden\"><\/div>\n\n<style type=\"text\/css\" data-created_by=\"avia_inline_auto\" id=\"style-css-av-77r9-e77d17ab7003478c53de588c359270af\">\n.flex_column.av-77r9-e77d17ab7003478c53de588c359270af{\nborder-radius:0px 0px 0px 0px;\npadding:0px 0px 0px 0px;\n}\n<\/style>\n<div  class='flex_column av-77r9-e77d17ab7003478c53de588c359270af av_one_full  avia-builder-el-7  el_after_av_contact  avia-builder-el-last  first flex_column_div av-zero-column-padding  '     ><section  class='av_textblock_section av-196nl-0ad49790a0ea9e736a2f9bfd05d735e9 '   itemscope=\"itemscope\" itemtype=\"https:\/\/schema.org\/CreativeWork\" ><div class='avia_textblock'  itemprop=\"text\" ><p style=\"text-align: center;\"><span data-teams=\"true\">Ve\u013emi n\u00e1s te\u0161\u00ed V\u00e1\u0161 z\u00e1ujem o vzorov\u00fd v\u00fdtla\u010dok Nutty\u00b4s English. Moment\u00e1lne usilovne dokon\u010dujeme pr\u00edpravy vzoriek. Pravdepodobn\u00fd term\u00edn rozosielania je druh\u00e1 polovica marca 2026. Zatia\u013e sa m\u00f4\u017eete prihl\u00e1si\u0165 k odoberaniu n\u00e1\u0161ho newslettera, aby v\u00e1m ni\u010d neuniklo.\u00a0<\/span><\/p>\n<\/div><\/section><br \/>\n<div  class='avia-button-wrap av-ycrh-84a1169dea731835c3272caefc507a72-wrap avia-button-center  avia-builder-el-9  el_after_av_textblock  avia-builder-el-last '>\n<style type=\"text\/css\" data-created_by=\"avia_inline_auto\" id=\"style-css-av-ycrh-84a1169dea731835c3272caefc507a72\">\n#top #wrap_all .avia-button.av-ycrh-84a1169dea731835c3272caefc507a72{\nborder-radius:0 0 0 0;\ntransition:all 0.4s ease-in-out;\n}\n#top #wrap_all.avia-button.av-ycrh-84a1169dea731835c3272caefc507a72:hover .avia_button_background{\nborder-radius:0 0 0 0;\n}\n<\/style>\n<a href='https:\/\/www.vydavatelstvoklett.sk\/suhlas\/'  class='avia-button av-ycrh-84a1169dea731835c3272caefc507a72 av-link-btn avia-icon_select-no avia-size-large avia-position-center avia-color-theme-color'  target=\"_blank\"  rel=\"noopener noreferrer\"  aria-label=\" Prihl\u00e1senie k newsletteru \"><span class='avia_iconbox_title' > Prihl\u00e1senie k newsletteru <\/span><\/a><\/div><\/p><\/div>\n","protected":false},"excerpt":{"rendered":"","protected":false},"author":2,"featured_media":0,"parent":0,"menu_order":0,"comment_status":"closed","ping_status":"closed","template":"","meta":{"footnotes":""},"class_list":["post-45","page","type-page","status-publish","hentry"],"_links":{"self":[{"href":"https:\/\/vydavatelstvoklett.sk\/nuttys-english\/wp-json\/wp\/v2\/pages\/45","targetHints":{"allow":["GET"]}}],"collection":[{"href":"https:\/\/vydavatelstvoklett.sk\/nuttys-english\/wp-json\/wp\/v2\/pages"}],"about":[{"href":"https:\/\/vydavatelstvoklett.sk\/nuttys-english\/wp-json\/wp\/v2\/types\/page"}],"author":[{"embeddable":true,"href":"https:\/\/vydavatelstvoklett.sk\/nuttys-english\/wp-json\/wp\/v2\/users\/2"}],"replies":[{"embeddable":true,"href":"https:\/\/vydavatelstvoklett.sk\/nuttys-english\/wp-json\/wp\/v2\/comments?post=45"}],"version-history":[{"count":76,"href":"https:\/\/vydavatelstvoklett.sk\/nuttys-english\/wp-json\/wp\/v2\/pages\/45\/revisions"}],"predecessor-version":[{"id":2957,"href":"https:\/\/vydavatelstvoklett.sk\/nuttys-english\/wp-json\/wp\/v2\/pages\/45\/revisions\/2957"}],"wp:attachment":[{"href":"https:\/\/vydavatelstvoklett.sk\/nuttys-english\/wp-json\/wp\/v2\/media?parent=45"}],"curies":[{"name":"wp","href":"https:\/\/api.w.org\/{rel}","templated":true}]}}